{"id":594,"date":"2022-04-06T01:38:22","date_gmt":"2022-04-06T01:38:22","guid":{"rendered":"https:\/\/www.corporacionfourglobal.com\/tienda\/?post_type=product&#038;p=594"},"modified":"2023-03-27T21:07:36","modified_gmt":"2023-03-27T21:07:36","slug":"pelicula-estirable-de-color-rosa","status":"publish","type":"product","link":"https:\/\/www.corporacionfourglobal.com\/tienda\/product\/pelicula-estirable-de-color-rosa\/","title":{"rendered":"Pel\u00edcula Estirable de Color"},"content":{"rendered":"<p>Pel\u00edcula pl\u00e1stica estirable de uso manual con color.<\/p>\n","protected":false},"excerpt":{"rendered":"<table class=\"table-rwd\" border=\"0\" width=\"100%\">\n<tbody>\n<tr>\n<td>COLOR<\/td>\n<\/tr>\n<tr>\n<td>AMARILLO<\/td>\n<\/tr>\n<tr>\n<td>AZUL<\/td>\n<\/tr>\n<tr>\n<td>NARANJA<\/td>\n<\/tr>\n<tr>\n<td>NEGRO<\/td>\n<\/tr>\n<tr>\n<td>ROJO<\/td>\n<\/tr>\n<tr>\n<td>ROSA<\/td>\n<\/tr>\n<tr>\n<td>VERDE<\/td>\n<\/tr>\n<\/tbody>\n<\/table>\n","protected":false},"featured_media":407,"comment_status":"closed","ping_status":"closed","template":"","meta":{"_joinchat":[]},"product_brand":[],"product_cat":[69],"product_tag":[89,113,112,111,91,94,92,93,81,76,153,87,85,78,90,86,83,84,80,82,88,77,79,135,136],"class_list":{"0":"post-594","1":"product","2":"type-product","3":"status-publish","4":"has-post-thumbnail","6":"product_cat-productos","7":"product_tag-distribuidores-de-playo","8":"product_tag-embalaje","9":"product_tag-empaque","10":"product_tag-empaque-y-embalaje","11":"product_tag-emplaye","12":"product_tag-emplaye-de-colores","13":"product_tag-emplaye-negro","14":"product_tag-fabricantes-de-emplaye","15":"product_tag-fabricantes-de-playo","16":"product_tag-pelicula-estirable","17":"product_tag-pelicula-estirable-de-color-rosa","18":"product_tag-pelicula-estirable-para-emplayar","19":"product_tag-pelicula-preestirada","20":"product_tag-pelicula-stretch","21":"product_tag-pelicula-stretch-de-color","22":"product_tag-pelicula-stretch-film","23":"product_tag-pelicula-stretch-para-emplayar","24":"product_tag-pelicula-stretch-playo","25":"product_tag-playo-industrial","26":"product_tag-playo-negro","27":"product_tag-playo-para-embalaje","28":"product_tag-playo-precio","29":"product_tag-playo-transparente","30":"product_tag-rollo-de-emplaye","31":"product_tag-rollo-para-emplaye","33":"first","34":"instock","35":"shipping-taxable","36":"product-type-simple"},"yoast_head":"<!-- This site is optimized with the Yoast SEO Premium plugin v24.6 (Yoast SEO v27.1.1) - https:\/\/yoast.com\/product\/yoast-seo-premium-wordpress\/ -->\n<title>Pel\u00edcula Estirable de Color - Corporaci&oacute;n Four Global<\/title>\n<meta name=\"robots\" content=\"index, follow, max-snippet:-1, max-image-preview:large, max-video-preview:-1\" \/>\n<link rel=\"canonical\" href=\"https:\/\/www.corporacionfourglobal.com\/tienda\/product\/pelicula-estirable-de-color-rosa\/\" \/>\n<meta property=\"og:locale\" content=\"es_ES\" \/>\n<meta property=\"og:type\" content=\"article\" \/>\n<meta property=\"og:title\" content=\"Pel\u00edcula Estirable de Color\" \/>\n<meta property=\"og:description\" content=\"COLOR   AMARILLO   AZUL   NARANJA   NEGRO   ROJO   ROSA   VERDE\" \/>\n<meta property=\"og:url\" content=\"https:\/\/www.corporacionfourglobal.com\/tienda\/product\/pelicula-estirable-de-color-rosa\/\" \/>\n<meta property=\"og:site_name\" content=\"Corporaci&oacute;n Four Global\" \/>\n<meta property=\"article:publisher\" content=\"https:\/\/www.facebook.com\/people\/CorporaciC3B3n-Four-Global\/100075753681876\/\" \/>\n<meta property=\"article:modified_time\" content=\"2023-03-27T21:07:36+00:00\" \/>\n<meta property=\"og:image\" content=\"https:\/\/www.corporacionfourglobal.com\/tienda\/wp-content\/uploads\/2021\/10\/Four-19.jpg\" \/>\n\t<meta property=\"og:image:width\" content=\"1781\" \/>\n\t<meta property=\"og:image:height\" content=\"1781\" \/>\n\t<meta property=\"og:image:type\" content=\"image\/jpeg\" \/>\n<meta name=\"twitter:card\" content=\"summary_large_image\" \/>\n<meta name=\"twitter:label1\" content=\"Tiempo de lectura\" \/>\n\t<meta name=\"twitter:data1\" content=\"1 minuto\" \/>\n<script type=\"application\/ld+json\" class=\"yoast-schema-graph\">{\"@context\":\"https:\/\/schema.org\",\"@graph\":[{\"@type\":\"WebPage\",\"@id\":\"https:\/\/www.corporacionfourglobal.com\/tienda\/product\/pelicula-estirable-de-color-rosa\/\",\"url\":\"https:\/\/www.corporacionfourglobal.com\/tienda\/product\/pelicula-estirable-de-color-rosa\/\",\"name\":\"Pel\u00edcula Estirable de Color - Corporaci&oacute;n Four Global\",\"isPartOf\":{\"@id\":\"https:\/\/www.corporacionfourglobal.com\/tienda\/#website\"},\"primaryImageOfPage\":{\"@id\":\"https:\/\/www.corporacionfourglobal.com\/tienda\/product\/pelicula-estirable-de-color-rosa\/#primaryimage\"},\"image\":{\"@id\":\"https:\/\/www.corporacionfourglobal.com\/tienda\/product\/pelicula-estirable-de-color-rosa\/#primaryimage\"},\"thumbnailUrl\":\"https:\/\/www.corporacionfourglobal.com\/tienda\/wp-content\/uploads\/2021\/10\/Four-19.jpg\",\"datePublished\":\"2022-04-06T01:38:22+00:00\",\"dateModified\":\"2023-03-27T21:07:36+00:00\",\"breadcrumb\":{\"@id\":\"https:\/\/www.corporacionfourglobal.com\/tienda\/product\/pelicula-estirable-de-color-rosa\/#breadcrumb\"},\"inLanguage\":\"es\",\"potentialAction\":[{\"@type\":\"ReadAction\",\"target\":[\"https:\/\/www.corporacionfourglobal.com\/tienda\/product\/pelicula-estirable-de-color-rosa\/\"]}]},{\"@type\":\"ImageObject\",\"inLanguage\":\"es\",\"@id\":\"https:\/\/www.corporacionfourglobal.com\/tienda\/product\/pelicula-estirable-de-color-rosa\/#primaryimage\",\"url\":\"https:\/\/www.corporacionfourglobal.com\/tienda\/wp-content\/uploads\/2021\/10\/Four-19.jpg\",\"contentUrl\":\"https:\/\/www.corporacionfourglobal.com\/tienda\/wp-content\/uploads\/2021\/10\/Four-19.jpg\",\"width\":1781,\"height\":1781},{\"@type\":\"BreadcrumbList\",\"@id\":\"https:\/\/www.corporacionfourglobal.com\/tienda\/product\/pelicula-estirable-de-color-rosa\/#breadcrumb\",\"itemListElement\":[{\"@type\":\"ListItem\",\"position\":1,\"name\":\"Portada\",\"item\":\"https:\/\/www.corporacionfourglobal.com\/tienda\/\"},{\"@type\":\"ListItem\",\"position\":2,\"name\":\"Productos\",\"item\":\"https:\/\/www.corporacionfourglobal.com\/tienda\/pelicula-estirable-pelicula-stretch\/\"},{\"@type\":\"ListItem\",\"position\":3,\"name\":\"Pel\u00edcula Estirable de Color\"}]},{\"@type\":\"WebSite\",\"@id\":\"https:\/\/www.corporacionfourglobal.com\/tienda\/#website\",\"url\":\"https:\/\/www.corporacionfourglobal.com\/tienda\/\",\"name\":\"Corporaci\u00f3n Four Global\",\"description\":\"Veloces, Confiables y Eficientes\",\"publisher\":{\"@id\":\"https:\/\/www.corporacionfourglobal.com\/tienda\/#organization\"},\"potentialAction\":[{\"@type\":\"SearchAction\",\"target\":{\"@type\":\"EntryPoint\",\"urlTemplate\":\"https:\/\/www.corporacionfourglobal.com\/tienda\/?s={search_term_string}\"},\"query-input\":{\"@type\":\"PropertyValueSpecification\",\"valueRequired\":true,\"valueName\":\"search_term_string\"}}],\"inLanguage\":\"es\"},{\"@type\":\"Organization\",\"@id\":\"https:\/\/www.corporacionfourglobal.com\/tienda\/#organization\",\"name\":\"Corporaci\u00f3n Four Global\",\"url\":\"https:\/\/www.corporacionfourglobal.com\/tienda\/\",\"logo\":{\"@type\":\"ImageObject\",\"inLanguage\":\"es\",\"@id\":\"https:\/\/www.corporacionfourglobal.com\/tienda\/#\/schema\/logo\/image\/\",\"url\":\"https:\/\/www.corporacionfourglobal.com\/tienda\/wp-content\/uploads\/2021\/10\/logo-web-2.jpg\",\"contentUrl\":\"https:\/\/www.corporacionfourglobal.com\/tienda\/wp-content\/uploads\/2021\/10\/logo-web-2.jpg\",\"width\":500,\"height\":500,\"caption\":\"Corporaci\u00f3n Four Global\"},\"image\":{\"@id\":\"https:\/\/www.corporacionfourglobal.com\/tienda\/#\/schema\/logo\/image\/\"},\"sameAs\":[\"https:\/\/www.facebook.com\/people\/CorporaciC3B3n-Four-Global\/100075753681876\/\",\"https:\/\/www.instagram.com\/fourglobal2021\/\"]}]}<\/script>\n<!-- \/ Yoast SEO Premium plugin. -->","yoast_head_json":{"title":"Pel\u00edcula Estirable de Color - Corporaci&oacute;n Four Global","robots":{"index":"index","follow":"follow","max-snippet":"max-snippet:-1","max-image-preview":"max-image-preview:large","max-video-preview":"max-video-preview:-1"},"canonical":"https:\/\/www.corporacionfourglobal.com\/tienda\/product\/pelicula-estirable-de-color-rosa\/","og_locale":"es_ES","og_type":"article","og_title":"Pel\u00edcula Estirable de Color","og_description":"COLOR   AMARILLO   AZUL   NARANJA   NEGRO   ROJO   ROSA   VERDE","og_url":"https:\/\/www.corporacionfourglobal.com\/tienda\/product\/pelicula-estirable-de-color-rosa\/","og_site_name":"Corporaci&oacute;n Four Global","article_publisher":"https:\/\/www.facebook.com\/people\/CorporaciC3B3n-Four-Global\/100075753681876\/","article_modified_time":"2023-03-27T21:07:36+00:00","og_image":[{"width":1781,"height":1781,"url":"https:\/\/www.corporacionfourglobal.com\/tienda\/wp-content\/uploads\/2021\/10\/Four-19.jpg","type":"image\/jpeg"}],"twitter_card":"summary_large_image","twitter_misc":{"Tiempo de lectura":"1 minuto"},"schema":{"@context":"https:\/\/schema.org","@graph":[{"@type":"WebPage","@id":"https:\/\/www.corporacionfourglobal.com\/tienda\/product\/pelicula-estirable-de-color-rosa\/","url":"https:\/\/www.corporacionfourglobal.com\/tienda\/product\/pelicula-estirable-de-color-rosa\/","name":"Pel\u00edcula Estirable de Color - Corporaci&oacute;n Four Global","isPartOf":{"@id":"https:\/\/www.corporacionfourglobal.com\/tienda\/#website"},"primaryImageOfPage":{"@id":"https:\/\/www.corporacionfourglobal.com\/tienda\/product\/pelicula-estirable-de-color-rosa\/#primaryimage"},"image":{"@id":"https:\/\/www.corporacionfourglobal.com\/tienda\/product\/pelicula-estirable-de-color-rosa\/#primaryimage"},"thumbnailUrl":"https:\/\/www.corporacionfourglobal.com\/tienda\/wp-content\/uploads\/2021\/10\/Four-19.jpg","datePublished":"2022-04-06T01:38:22+00:00","dateModified":"2023-03-27T21:07:36+00:00","breadcrumb":{"@id":"https:\/\/www.corporacionfourglobal.com\/tienda\/product\/pelicula-estirable-de-color-rosa\/#breadcrumb"},"inLanguage":"es","potentialAction":[{"@type":"ReadAction","target":["https:\/\/www.corporacionfourglobal.com\/tienda\/product\/pelicula-estirable-de-color-rosa\/"]}]},{"@type":"ImageObject","inLanguage":"es","@id":"https:\/\/www.corporacionfourglobal.com\/tienda\/product\/pelicula-estirable-de-color-rosa\/#primaryimage","url":"https:\/\/www.corporacionfourglobal.com\/tienda\/wp-content\/uploads\/2021\/10\/Four-19.jpg","contentUrl":"https:\/\/www.corporacionfourglobal.com\/tienda\/wp-content\/uploads\/2021\/10\/Four-19.jpg","width":1781,"height":1781},{"@type":"BreadcrumbList","@id":"https:\/\/www.corporacionfourglobal.com\/tienda\/product\/pelicula-estirable-de-color-rosa\/#breadcrumb","itemListElement":[{"@type":"ListItem","position":1,"name":"Portada","item":"https:\/\/www.corporacionfourglobal.com\/tienda\/"},{"@type":"ListItem","position":2,"name":"Productos","item":"https:\/\/www.corporacionfourglobal.com\/tienda\/pelicula-estirable-pelicula-stretch\/"},{"@type":"ListItem","position":3,"name":"Pel\u00edcula Estirable de Color"}]},{"@type":"WebSite","@id":"https:\/\/www.corporacionfourglobal.com\/tienda\/#website","url":"https:\/\/www.corporacionfourglobal.com\/tienda\/","name":"Corporaci\u00f3n Four Global","description":"Veloces, Confiables y Eficientes","publisher":{"@id":"https:\/\/www.corporacionfourglobal.com\/tienda\/#organization"},"potentialAction":[{"@type":"SearchAction","target":{"@type":"EntryPoint","urlTemplate":"https:\/\/www.corporacionfourglobal.com\/tienda\/?s={search_term_string}"},"query-input":{"@type":"PropertyValueSpecification","valueRequired":true,"valueName":"search_term_string"}}],"inLanguage":"es"},{"@type":"Organization","@id":"https:\/\/www.corporacionfourglobal.com\/tienda\/#organization","name":"Corporaci\u00f3n Four Global","url":"https:\/\/www.corporacionfourglobal.com\/tienda\/","logo":{"@type":"ImageObject","inLanguage":"es","@id":"https:\/\/www.corporacionfourglobal.com\/tienda\/#\/schema\/logo\/image\/","url":"https:\/\/www.corporacionfourglobal.com\/tienda\/wp-content\/uploads\/2021\/10\/logo-web-2.jpg","contentUrl":"https:\/\/www.corporacionfourglobal.com\/tienda\/wp-content\/uploads\/2021\/10\/logo-web-2.jpg","width":500,"height":500,"caption":"Corporaci\u00f3n Four Global"},"image":{"@id":"https:\/\/www.corporacionfourglobal.com\/tienda\/#\/schema\/logo\/image\/"},"sameAs":["https:\/\/www.facebook.com\/people\/CorporaciC3B3n-Four-Global\/100075753681876\/","https:\/\/www.instagram.com\/fourglobal2021\/"]}]}},"_links":{"self":[{"href":"https:\/\/www.corporacionfourglobal.com\/tienda\/wp-json\/wp\/v2\/product\/594","targetHints":{"allow":["GET"]}}],"collection":[{"href":"https:\/\/www.corporacionfourglobal.com\/tienda\/wp-json\/wp\/v2\/product"}],"about":[{"href":"https:\/\/www.corporacionfourglobal.com\/tienda\/wp-json\/wp\/v2\/types\/product"}],"replies":[{"embeddable":true,"href":"https:\/\/www.corporacionfourglobal.com\/tienda\/wp-json\/wp\/v2\/comments?post=594"}],"wp:featuredmedia":[{"embeddable":true,"href":"https:\/\/www.corporacionfourglobal.com\/tienda\/wp-json\/wp\/v2\/media\/407"}],"wp:attachment":[{"href":"https:\/\/www.corporacionfourglobal.com\/tienda\/wp-json\/wp\/v2\/media?parent=594"}],"wp:term":[{"taxonomy":"product_brand","embeddable":true,"href":"https:\/\/www.corporacionfourglobal.com\/tienda\/wp-json\/wp\/v2\/product_brand?post=594"},{"taxonomy":"product_cat","embeddable":true,"href":"https:\/\/www.corporacionfourglobal.com\/tienda\/wp-json\/wp\/v2\/product_cat?post=594"},{"taxonomy":"product_tag","embeddable":true,"href":"https:\/\/www.corporacionfourglobal.com\/tienda\/wp-json\/wp\/v2\/product_tag?post=594"}],"curies":[{"name":"wp","href":"https:\/\/api.w.org\/{rel}","templated":true}]}}