{"id":584,"date":"2022-04-06T00:54:35","date_gmt":"2022-04-06T00:54:35","guid":{"rendered":"https:\/\/www.corporacionfourglobal.com\/tienda\/?post_type=product&#038;p=584"},"modified":"2022-12-22T19:45:10","modified_gmt":"2022-12-22T19:45:10","slug":"masking-tape","status":"publish","type":"product","link":"https:\/\/www.corporacionfourglobal.com\/tienda\/product\/masking-tape\/","title":{"rendered":"Masking Tapes"},"content":{"rendered":"<table cellspacing=\"0\" cellpadding=\"0\">\n<tbody>\n<tr style=\"background: #2a307f; color: #fff9f9; text-align: center;\">\n<td>TIPO DE CINTA<\/td>\n<td>DESCRIPCI\u00d3N<\/td>\n<td>ADHESIVO<\/td>\n<td>RESPALDO<\/td>\n<td>ESPESOR mm(mfc)<\/td>\n<td>ADHESI\u00d3N AL ACERO grfar (oz\/o)<\/td>\n<td>RESISTENCIA A LA TENSI\u00d3N<\/td>\n<td width=\"91\">ELONGACI\u00d3N &lt;*&gt;<\/td>\n<\/tr>\n<tr style=\"text-align: center;\">\n<td>110<\/td>\n<td>Cinta de uso general, ideal para usos variados en la industria. Presentaci\u00f3n de empaque individual.<\/td>\n<td>Hule\/ Resina<\/td>\n<td>Papel Crepado<\/td>\n<td>0 13 (5.1)<\/td>\n<td>450 m<\/td>\n<td>3 (17)<\/td>\n<td>6<\/td>\n<\/tr>\n<tr style=\"text-align: center;\">\n<td>111<\/td>\n<td>Cinta de uso general, adhesiva y sensitiva a la presi\u00f3n; utilizada para prop\u00f3sitos no especializados, es muy conformable a las superficies donde se aplica. Tiene alta fuerza de retenci\u00f3n. Presentaci\u00f3n de empaque de acorde\u00f3n.<\/td>\n<td>Hule\/ Resina<\/td>\n<td>Papel Crepado<\/td>\n<td>0.13 (5.1)<\/td>\n<td>450 (40)<\/td>\n<td>3 (17)<\/td>\n<td>6<\/td>\n<\/tr>\n<tr style=\"text-align: center;\">\n<td>124<\/td>\n<td>Cinta para pintura profesional; utilizada en enmascarado de pintura fina durante la fabricaci\u00f3n de maquinaria, muebles y accesorios diversos.<\/td>\n<td>Hule\/ Resina<\/td>\n<td>Papel Crepado<\/td>\n<td>0.15 (59)<\/td>\n<td>390 (35)<\/td>\n<td>2.7 (15)<\/td>\n<td>6<\/td>\n<\/tr>\n<tr style=\"text-align: center;\">\n<td>121<\/td>\n<td>Cinta para pintura profesional; especializada en pinturas finas; asi como para trabajos de enmascarado previo al pintado de veh\u00edculos originales y maquinaria donde se requiere pintura en fr\u00edo o temperatura moderada.<\/td>\n<td>Hule\/ Resina<\/td>\n<td>Papel Crepado<\/td>\n<td>0.18 (7.0)<\/td>\n<td>410 (37)<\/td>\n<td>3.3 (18)<\/td>\n<td>8<\/td>\n<\/tr>\n<tr style=\"text-align: center;\">\n<td>114<\/td>\n<td>Cinta de alta duraci\u00f3n para un enmascarado de larga permanencia; disertada para trabajos interiores y exteriores, formulada con un adhesivo especial de media agresividad.<\/td>\n<td>Acr\u00edlico<\/td>\n<td>Papel Crepado Azul<\/td>\n<td>0.15 (5.9)<\/td>\n<td>275 (25)<\/td>\n<td>4.6 (26)<\/td>\n<td>8<\/td>\n<\/tr>\n<tr style=\"text-align: center;\">\n<td>133<\/td>\n<td>Cinta para pintura profesional; indicada para ser usada en pinturas que requieren altas temperaturas de hasta 160\u00b0 C. Se adapta a ciclos preestablecidos de horneo, en fabricaci\u00f3n de veh\u00edculos y maquinaria original.<\/td>\n<td>Hule\/ Resina<\/td>\n<td>Papel Crepado<\/td>\n<td>0.18 (7.1)<\/td>\n<td>420 (38)<\/td>\n<td>3.5 (20)<\/td>\n<td>8<\/td>\n<\/tr>\n<tr style=\"text-align: center;\">\n<td>133X<\/td>\n<td>Cinta fabricada con respaldo de papel crepado y adhesivo sensitivo a la presi\u00f3n; de alta adhesi\u00f3n, muy conformable y de excelente resistencia a la tensi\u00f3n. Esta cinta tiene una muy buena impermeabilidad a los solventes tradicionales utilizados en procesos de secado en cabinas de horneo.<\/td>\n<td>Hule\/ Resina<\/td>\n<td>Papel de Crepado Amarilo<\/td>\n<td>0.18 (7.2)<\/td>\n<td>360 (32)<\/td>\n<td>3.9 (22)<\/td>\n<td>11<\/td>\n<\/tr>\n<tr style=\"text-align: center;\">\n<td>135<\/td>\n<td>Cinta especialidad maskmg de alta resistencia a la temperatura s\u00bbn perder su adhesividad y sin transferir residuos a la superficie de aplicaci\u00f3n. Excelente para procesos de sand blast. donde sean utilizadas pedas de vidrio o de acero inoxidable<\/td>\n<td>Hule\/ Resina<\/td>\n<td>Papel Crepado<\/td>\n<td>0.20 (8)<\/td>\n<td>400 (36)<\/td>\n<td>5.0 (28.00)<\/td>\n<td>8<\/td>\n<\/tr>\n<tr style=\"text-align: center;\">\n<td>137<\/td>\n<td>Grita especialidad masking negro, opaca al paso de la luz, es conformable. posee buena adhesi\u00f3n y es f\u00e1cilmente removerle. Se utiliza en el enmascarado en la industria fotogr\u00e1fica. as\u00ed como en la industria del calzado Su adhesivo es negro.<\/td>\n<td>Hule\/ Resina<\/td>\n<td>Papel Crepado<\/td>\n<td>0 16 (6.3)<\/td>\n<td>470 (42)<\/td>\n<td>3.5 (20)<\/td>\n<td>8<\/td>\n<\/tr>\n<tr style=\"text-align: center;\">\n<td>139<\/td>\n<td>Cinta especialidad masking negro, opaca al paso de la luz. alta adhesi\u00f3n al respaldo, excelente para empaque de a meses Posee un excelente \u00abholding power\u00bb y es estable a las temperaturas y ambientes h\u00famedos. Su adhesivo es blanco.<\/td>\n<td>Hule\/ Resina<\/td>\n<td>Papel Crepado<\/td>\n<td>0.15 (59)<\/td>\n<td>335 (30)<\/td>\n<td>4.6 (26)<\/td>\n<td>8<\/td>\n<\/tr>\n<tr style=\"text-align: center;\">\n<td>140<\/td>\n<td>Cinta para el enmascarado en trabajos de pintado arquitect\u00f3nico, de baja adhesi\u00f3n y con respaldo de papel muy delgado, conformable y de buena resistencia a la tensi\u00f3n.<\/td>\n<td>Acr\u00edlico<\/td>\n<td>Papel de arroz<\/td>\n<td>0.8 (32)<\/td>\n<td>190 (17)<\/td>\n<td>3.4 (19.02)<\/td>\n<td>5<\/td>\n<\/tr>\n<\/tbody>\n<\/table>\n","protected":false},"excerpt":{"rendered":"<h2>\u00bfYA SABES QUE TIPO DE MASKING TAPE NECESITAS?<\/h2>\n<p>TIPOS DE MASKING ABAJO EN LA DESCRICI\u00d3N<\/p>\n","protected":false},"featured_media":562,"comment_status":"open","ping_status":"closed","template":"","meta":{"_joinchat":[]},"product_brand":[],"product_cat":[69],"product_tag":[113,112,111,133,132],"class_list":{"0":"post-584","1":"product","2":"type-product","3":"status-publish","4":"has-post-thumbnail","6":"product_cat-productos","7":"product_tag-embalaje","8":"product_tag-empaque","9":"product_tag-empaque-y-embalaje","10":"product_tag-masking","11":"product_tag-masking-tapes","13":"first","14":"instock","15":"featured","16":"shipping-taxable","17":"product-type-simple"},"yoast_head":"<!-- This site is optimized with the Yoast SEO Premium plugin v24.6 (Yoast SEO v27.1.1) - https:\/\/yoast.com\/product\/yoast-seo-premium-wordpress\/ -->\n<title>Masking Tapes - Corporaci&oacute;n Four Global<\/title>\n<meta name=\"robots\" content=\"index, follow, max-snippet:-1, max-image-preview:large, max-video-preview:-1\" \/>\n<link rel=\"canonical\" href=\"https:\/\/www.corporacionfourglobal.com\/tienda\/product\/masking-tape\/\" \/>\n<meta property=\"og:locale\" content=\"es_ES\" \/>\n<meta property=\"og:type\" content=\"article\" \/>\n<meta property=\"og:title\" content=\"Masking Tapes\" \/>\n<meta property=\"og:description\" content=\"\u00bfYA SABES QUE TIPO DE MASKING TAPE NECESITAS? TIPOS DE MASKING ABAJO EN LA DESCRICI\u00d3N\" \/>\n<meta property=\"og:url\" content=\"https:\/\/www.corporacionfourglobal.com\/tienda\/product\/masking-tape\/\" \/>\n<meta property=\"og:site_name\" content=\"Corporaci&oacute;n Four Global\" \/>\n<meta property=\"article:publisher\" content=\"https:\/\/www.facebook.com\/people\/CorporaciC3B3n-Four-Global\/100075753681876\/\" \/>\n<meta property=\"article:modified_time\" content=\"2022-12-22T19:45:10+00:00\" \/>\n<meta property=\"og:image\" content=\"https:\/\/www.corporacionfourglobal.com\/tienda\/wp-content\/uploads\/2022\/04\/02-2022.jpg\" \/>\n\t<meta property=\"og:image:width\" content=\"700\" \/>\n\t<meta property=\"og:image:height\" content=\"700\" \/>\n\t<meta property=\"og:image:type\" content=\"image\/jpeg\" \/>\n<meta name=\"twitter:card\" content=\"summary_large_image\" \/>\n<meta name=\"twitter:label1\" content=\"Tiempo de lectura\" \/>\n\t<meta name=\"twitter:data1\" content=\"3 minutos\" \/>\n<script type=\"application\/ld+json\" class=\"yoast-schema-graph\">{\"@context\":\"https:\/\/schema.org\",\"@graph\":[{\"@type\":\"WebPage\",\"@id\":\"https:\/\/www.corporacionfourglobal.com\/tienda\/product\/masking-tape\/\",\"url\":\"https:\/\/www.corporacionfourglobal.com\/tienda\/product\/masking-tape\/\",\"name\":\"Masking Tapes - Corporaci&oacute;n Four Global\",\"isPartOf\":{\"@id\":\"https:\/\/www.corporacionfourglobal.com\/tienda\/#website\"},\"primaryImageOfPage\":{\"@id\":\"https:\/\/www.corporacionfourglobal.com\/tienda\/product\/masking-tape\/#primaryimage\"},\"image\":{\"@id\":\"https:\/\/www.corporacionfourglobal.com\/tienda\/product\/masking-tape\/#primaryimage\"},\"thumbnailUrl\":\"https:\/\/www.corporacionfourglobal.com\/tienda\/wp-content\/uploads\/2022\/04\/02-2022.jpg\",\"datePublished\":\"2022-04-06T00:54:35+00:00\",\"dateModified\":\"2022-12-22T19:45:10+00:00\",\"breadcrumb\":{\"@id\":\"https:\/\/www.corporacionfourglobal.com\/tienda\/product\/masking-tape\/#breadcrumb\"},\"inLanguage\":\"es\",\"potentialAction\":[{\"@type\":\"ReadAction\",\"target\":[\"https:\/\/www.corporacionfourglobal.com\/tienda\/product\/masking-tape\/\"]}]},{\"@type\":\"ImageObject\",\"inLanguage\":\"es\",\"@id\":\"https:\/\/www.corporacionfourglobal.com\/tienda\/product\/masking-tape\/#primaryimage\",\"url\":\"https:\/\/www.corporacionfourglobal.com\/tienda\/wp-content\/uploads\/2022\/04\/02-2022.jpg\",\"contentUrl\":\"https:\/\/www.corporacionfourglobal.com\/tienda\/wp-content\/uploads\/2022\/04\/02-2022.jpg\",\"width\":700,\"height\":700},{\"@type\":\"BreadcrumbList\",\"@id\":\"https:\/\/www.corporacionfourglobal.com\/tienda\/product\/masking-tape\/#breadcrumb\",\"itemListElement\":[{\"@type\":\"ListItem\",\"position\":1,\"name\":\"Portada\",\"item\":\"https:\/\/www.corporacionfourglobal.com\/tienda\/\"},{\"@type\":\"ListItem\",\"position\":2,\"name\":\"Productos\",\"item\":\"https:\/\/www.corporacionfourglobal.com\/tienda\/pelicula-estirable-pelicula-stretch\/\"},{\"@type\":\"ListItem\",\"position\":3,\"name\":\"Masking Tapes\"}]},{\"@type\":\"WebSite\",\"@id\":\"https:\/\/www.corporacionfourglobal.com\/tienda\/#website\",\"url\":\"https:\/\/www.corporacionfourglobal.com\/tienda\/\",\"name\":\"Corporaci\u00f3n Four Global\",\"description\":\"Veloces, Confiables y Eficientes\",\"publisher\":{\"@id\":\"https:\/\/www.corporacionfourglobal.com\/tienda\/#organization\"},\"potentialAction\":[{\"@type\":\"SearchAction\",\"target\":{\"@type\":\"EntryPoint\",\"urlTemplate\":\"https:\/\/www.corporacionfourglobal.com\/tienda\/?s={search_term_string}\"},\"query-input\":{\"@type\":\"PropertyValueSpecification\",\"valueRequired\":true,\"valueName\":\"search_term_string\"}}],\"inLanguage\":\"es\"},{\"@type\":\"Organization\",\"@id\":\"https:\/\/www.corporacionfourglobal.com\/tienda\/#organization\",\"name\":\"Corporaci\u00f3n Four Global\",\"url\":\"https:\/\/www.corporacionfourglobal.com\/tienda\/\",\"logo\":{\"@type\":\"ImageObject\",\"inLanguage\":\"es\",\"@id\":\"https:\/\/www.corporacionfourglobal.com\/tienda\/#\/schema\/logo\/image\/\",\"url\":\"https:\/\/www.corporacionfourglobal.com\/tienda\/wp-content\/uploads\/2021\/10\/logo-web-2.jpg\",\"contentUrl\":\"https:\/\/www.corporacionfourglobal.com\/tienda\/wp-content\/uploads\/2021\/10\/logo-web-2.jpg\",\"width\":500,\"height\":500,\"caption\":\"Corporaci\u00f3n Four Global\"},\"image\":{\"@id\":\"https:\/\/www.corporacionfourglobal.com\/tienda\/#\/schema\/logo\/image\/\"},\"sameAs\":[\"https:\/\/www.facebook.com\/people\/CorporaciC3B3n-Four-Global\/100075753681876\/\",\"https:\/\/www.instagram.com\/fourglobal2021\/\"]}]}<\/script>\n<!-- \/ Yoast SEO Premium plugin. -->","yoast_head_json":{"title":"Masking Tapes - Corporaci&oacute;n Four Global","robots":{"index":"index","follow":"follow","max-snippet":"max-snippet:-1","max-image-preview":"max-image-preview:large","max-video-preview":"max-video-preview:-1"},"canonical":"https:\/\/www.corporacionfourglobal.com\/tienda\/product\/masking-tape\/","og_locale":"es_ES","og_type":"article","og_title":"Masking Tapes","og_description":"\u00bfYA SABES QUE TIPO DE MASKING TAPE NECESITAS? TIPOS DE MASKING ABAJO EN LA DESCRICI\u00d3N","og_url":"https:\/\/www.corporacionfourglobal.com\/tienda\/product\/masking-tape\/","og_site_name":"Corporaci&oacute;n Four Global","article_publisher":"https:\/\/www.facebook.com\/people\/CorporaciC3B3n-Four-Global\/100075753681876\/","article_modified_time":"2022-12-22T19:45:10+00:00","og_image":[{"width":700,"height":700,"url":"https:\/\/www.corporacionfourglobal.com\/tienda\/wp-content\/uploads\/2022\/04\/02-2022.jpg","type":"image\/jpeg"}],"twitter_card":"summary_large_image","twitter_misc":{"Tiempo de lectura":"3 minutos"},"schema":{"@context":"https:\/\/schema.org","@graph":[{"@type":"WebPage","@id":"https:\/\/www.corporacionfourglobal.com\/tienda\/product\/masking-tape\/","url":"https:\/\/www.corporacionfourglobal.com\/tienda\/product\/masking-tape\/","name":"Masking Tapes - Corporaci&oacute;n Four Global","isPartOf":{"@id":"https:\/\/www.corporacionfourglobal.com\/tienda\/#website"},"primaryImageOfPage":{"@id":"https:\/\/www.corporacionfourglobal.com\/tienda\/product\/masking-tape\/#primaryimage"},"image":{"@id":"https:\/\/www.corporacionfourglobal.com\/tienda\/product\/masking-tape\/#primaryimage"},"thumbnailUrl":"https:\/\/www.corporacionfourglobal.com\/tienda\/wp-content\/uploads\/2022\/04\/02-2022.jpg","datePublished":"2022-04-06T00:54:35+00:00","dateModified":"2022-12-22T19:45:10+00:00","breadcrumb":{"@id":"https:\/\/www.corporacionfourglobal.com\/tienda\/product\/masking-tape\/#breadcrumb"},"inLanguage":"es","potentialAction":[{"@type":"ReadAction","target":["https:\/\/www.corporacionfourglobal.com\/tienda\/product\/masking-tape\/"]}]},{"@type":"ImageObject","inLanguage":"es","@id":"https:\/\/www.corporacionfourglobal.com\/tienda\/product\/masking-tape\/#primaryimage","url":"https:\/\/www.corporacionfourglobal.com\/tienda\/wp-content\/uploads\/2022\/04\/02-2022.jpg","contentUrl":"https:\/\/www.corporacionfourglobal.com\/tienda\/wp-content\/uploads\/2022\/04\/02-2022.jpg","width":700,"height":700},{"@type":"BreadcrumbList","@id":"https:\/\/www.corporacionfourglobal.com\/tienda\/product\/masking-tape\/#breadcrumb","itemListElement":[{"@type":"ListItem","position":1,"name":"Portada","item":"https:\/\/www.corporacionfourglobal.com\/tienda\/"},{"@type":"ListItem","position":2,"name":"Productos","item":"https:\/\/www.corporacionfourglobal.com\/tienda\/pelicula-estirable-pelicula-stretch\/"},{"@type":"ListItem","position":3,"name":"Masking Tapes"}]},{"@type":"WebSite","@id":"https:\/\/www.corporacionfourglobal.com\/tienda\/#website","url":"https:\/\/www.corporacionfourglobal.com\/tienda\/","name":"Corporaci\u00f3n Four Global","description":"Veloces, Confiables y Eficientes","publisher":{"@id":"https:\/\/www.corporacionfourglobal.com\/tienda\/#organization"},"potentialAction":[{"@type":"SearchAction","target":{"@type":"EntryPoint","urlTemplate":"https:\/\/www.corporacionfourglobal.com\/tienda\/?s={search_term_string}"},"query-input":{"@type":"PropertyValueSpecification","valueRequired":true,"valueName":"search_term_string"}}],"inLanguage":"es"},{"@type":"Organization","@id":"https:\/\/www.corporacionfourglobal.com\/tienda\/#organization","name":"Corporaci\u00f3n Four Global","url":"https:\/\/www.corporacionfourglobal.com\/tienda\/","logo":{"@type":"ImageObject","inLanguage":"es","@id":"https:\/\/www.corporacionfourglobal.com\/tienda\/#\/schema\/logo\/image\/","url":"https:\/\/www.corporacionfourglobal.com\/tienda\/wp-content\/uploads\/2021\/10\/logo-web-2.jpg","contentUrl":"https:\/\/www.corporacionfourglobal.com\/tienda\/wp-content\/uploads\/2021\/10\/logo-web-2.jpg","width":500,"height":500,"caption":"Corporaci\u00f3n Four Global"},"image":{"@id":"https:\/\/www.corporacionfourglobal.com\/tienda\/#\/schema\/logo\/image\/"},"sameAs":["https:\/\/www.facebook.com\/people\/CorporaciC3B3n-Four-Global\/100075753681876\/","https:\/\/www.instagram.com\/fourglobal2021\/"]}]}},"_links":{"self":[{"href":"https:\/\/www.corporacionfourglobal.com\/tienda\/wp-json\/wp\/v2\/product\/584","targetHints":{"allow":["GET"]}}],"collection":[{"href":"https:\/\/www.corporacionfourglobal.com\/tienda\/wp-json\/wp\/v2\/product"}],"about":[{"href":"https:\/\/www.corporacionfourglobal.com\/tienda\/wp-json\/wp\/v2\/types\/product"}],"replies":[{"embeddable":true,"href":"https:\/\/www.corporacionfourglobal.com\/tienda\/wp-json\/wp\/v2\/comments?post=584"}],"wp:featuredmedia":[{"embeddable":true,"href":"https:\/\/www.corporacionfourglobal.com\/tienda\/wp-json\/wp\/v2\/media\/562"}],"wp:attachment":[{"href":"https:\/\/www.corporacionfourglobal.com\/tienda\/wp-json\/wp\/v2\/media?parent=584"}],"wp:term":[{"taxonomy":"product_brand","embeddable":true,"href":"https:\/\/www.corporacionfourglobal.com\/tienda\/wp-json\/wp\/v2\/product_brand?post=584"},{"taxonomy":"product_cat","embeddable":true,"href":"https:\/\/www.corporacionfourglobal.com\/tienda\/wp-json\/wp\/v2\/product_cat?post=584"},{"taxonomy":"product_tag","embeddable":true,"href":"https:\/\/www.corporacionfourglobal.com\/tienda\/wp-json\/wp\/v2\/product_tag?post=584"}],"curies":[{"name":"wp","href":"https:\/\/api.w.org\/{rel}","templated":true}]}}