{"id":367,"date":"2021-10-15T01:30:54","date_gmt":"2021-10-15T01:30:54","guid":{"rendered":"https:\/\/www.corporacionfourglobal.com\/?post_type=product&#038;p=367"},"modified":"2023-03-27T23:51:03","modified_gmt":"2023-03-27T23:51:03","slug":"polifoam","status":"publish","type":"product","link":"https:\/\/www.corporacionfourglobal.com\/tienda\/product\/polifoam\/","title":{"rendered":"Polifoam"},"content":{"rendered":"<h3>CARACTER\u00cdSTICAS<\/h3>\n<p>Es un rollo de polietileno espumado de baja densidad en diferentes espesores en color natural. Excelente opci\u00f3n para empaque y embalaje, resiste impactos, amortigua y protege.<\/p>\n<h3>USOS<\/h3>\n<p>La espuma de polietileno espumado de baja densidad es \u00fatil para empacar, cubrir, envolver y proteger cualquier tipo de producto. Excelente para utilizarse en una gran variedad de industrias haci\u00e9ndolo uno de los materiales m\u00e1s vers\u00e1tiles del mercado.<\/p>\n<p>&nbsp;<\/p>\n","protected":false},"excerpt":{"rendered":"<table class=\"table-rwd\" border=\"0\" width=\"100%\">\n<tbody>\n<tr>\n<td><strong>PRESENTACI\u00d3N<\/strong><\/td>\n<td><strong>ESPESOR<\/strong><\/td>\n<td><strong>ANCHO<\/strong><\/td>\n<td><strong>LARGO<\/strong><\/td>\n<\/tr>\n<tr>\n<td>1\/4&#8243;<\/td>\n<td>6 MM<\/td>\n<td>2 M<\/td>\n<td>55 M<\/td>\n<\/tr>\n<tr>\n<td>1\/8&#8243;<\/td>\n<td>3 MM<\/td>\n<td>2 M<\/td>\n<td>105 M<\/td>\n<\/tr>\n<tr>\n<td>3\/32&#8243;<\/td>\n<td>2.4 MM<\/td>\n<td>2 M<\/td>\n<td>140 M<\/td>\n<\/tr>\n<tr>\n<td>1\/16&#8243;<\/td>\n<td>1.5 MM<\/td>\n<td>2 M<\/td>\n<td>210 M<\/td>\n<\/tr>\n<tr>\n<td>1\/32&#8243;<\/td>\n<td>0.8 MM<\/td>\n<td>2 M<\/td>\n<td>315 M<\/td>\n<\/tr>\n<\/tbody>\n<\/table>\n","protected":false},"featured_media":368,"comment_status":"closed","ping_status":"closed","template":"","meta":{"_joinchat":[]},"product_brand":[],"product_cat":[69],"product_tag":[113,112,111,156],"class_list":{"0":"post-367","1":"product","2":"type-product","3":"status-publish","4":"has-post-thumbnail","6":"product_cat-productos","7":"product_tag-embalaje","8":"product_tag-empaque","9":"product_tag-empaque-y-embalaje","10":"product_tag-polifoam","12":"first","13":"instock","14":"shipping-taxable","15":"product-type-simple"},"yoast_head":"<!-- This site is optimized with the Yoast SEO Premium plugin v24.6 (Yoast SEO v27.1.1) - https:\/\/yoast.com\/product\/yoast-seo-premium-wordpress\/ -->\n<title>Polifoam - Corporaci&oacute;n Four Global<\/title>\n<meta name=\"robots\" content=\"index, follow, max-snippet:-1, max-image-preview:large, max-video-preview:-1\" \/>\n<link rel=\"canonical\" href=\"https:\/\/www.corporacionfourglobal.com\/tienda\/product\/polifoam\/\" \/>\n<meta property=\"og:locale\" content=\"es_ES\" \/>\n<meta property=\"og:type\" content=\"article\" \/>\n<meta property=\"og:title\" content=\"Polifoam\" \/>\n<meta property=\"og:description\" content=\"PRESENTACI\u00d3N ESPESOR ANCHO LARGO   1\/4&quot; 6 MM 2 M 55 M   1\/8&quot; 3 MM 2 M 105 M   3\/32&quot; 2.4 MM 2 M 140 M   1\/16&quot; 1.5 MM 2 M 210 M   1\/32&quot; 0.8 MM 2 M 315 M\" \/>\n<meta property=\"og:url\" content=\"https:\/\/www.corporacionfourglobal.com\/tienda\/product\/polifoam\/\" \/>\n<meta property=\"og:site_name\" content=\"Corporaci&oacute;n Four Global\" \/>\n<meta property=\"article:publisher\" content=\"https:\/\/www.facebook.com\/people\/CorporaciC3B3n-Four-Global\/100075753681876\/\" \/>\n<meta property=\"article:modified_time\" content=\"2023-03-27T23:51:03+00:00\" \/>\n<meta property=\"og:image\" content=\"https:\/\/www.corporacionfourglobal.com\/tienda\/wp-content\/uploads\/2021\/10\/Polifoam.jpg\" \/>\n\t<meta property=\"og:image:width\" content=\"700\" \/>\n\t<meta property=\"og:image:height\" content=\"700\" \/>\n\t<meta property=\"og:image:type\" content=\"image\/jpeg\" \/>\n<meta name=\"twitter:card\" content=\"summary_large_image\" \/>\n<meta name=\"twitter:label1\" content=\"Tiempo de lectura\" \/>\n\t<meta name=\"twitter:data1\" content=\"1 minuto\" \/>\n<script type=\"application\/ld+json\" class=\"yoast-schema-graph\">{\"@context\":\"https:\/\/schema.org\",\"@graph\":[{\"@type\":\"WebPage\",\"@id\":\"https:\/\/www.corporacionfourglobal.com\/tienda\/product\/polifoam\/\",\"url\":\"https:\/\/www.corporacionfourglobal.com\/tienda\/product\/polifoam\/\",\"name\":\"Polifoam - Corporaci&oacute;n Four Global\",\"isPartOf\":{\"@id\":\"https:\/\/www.corporacionfourglobal.com\/tienda\/#website\"},\"primaryImageOfPage\":{\"@id\":\"https:\/\/www.corporacionfourglobal.com\/tienda\/product\/polifoam\/#primaryimage\"},\"image\":{\"@id\":\"https:\/\/www.corporacionfourglobal.com\/tienda\/product\/polifoam\/#primaryimage\"},\"thumbnailUrl\":\"https:\/\/www.corporacionfourglobal.com\/tienda\/wp-content\/uploads\/2021\/10\/Polifoam.jpg\",\"datePublished\":\"2021-10-15T01:30:54+00:00\",\"dateModified\":\"2023-03-27T23:51:03+00:00\",\"breadcrumb\":{\"@id\":\"https:\/\/www.corporacionfourglobal.com\/tienda\/product\/polifoam\/#breadcrumb\"},\"inLanguage\":\"es\",\"potentialAction\":[{\"@type\":\"ReadAction\",\"target\":[\"https:\/\/www.corporacionfourglobal.com\/tienda\/product\/polifoam\/\"]}]},{\"@type\":\"ImageObject\",\"inLanguage\":\"es\",\"@id\":\"https:\/\/www.corporacionfourglobal.com\/tienda\/product\/polifoam\/#primaryimage\",\"url\":\"https:\/\/www.corporacionfourglobal.com\/tienda\/wp-content\/uploads\/2021\/10\/Polifoam.jpg\",\"contentUrl\":\"https:\/\/www.corporacionfourglobal.com\/tienda\/wp-content\/uploads\/2021\/10\/Polifoam.jpg\",\"width\":700,\"height\":700},{\"@type\":\"BreadcrumbList\",\"@id\":\"https:\/\/www.corporacionfourglobal.com\/tienda\/product\/polifoam\/#breadcrumb\",\"itemListElement\":[{\"@type\":\"ListItem\",\"position\":1,\"name\":\"Portada\",\"item\":\"https:\/\/www.corporacionfourglobal.com\/tienda\/\"},{\"@type\":\"ListItem\",\"position\":2,\"name\":\"Productos\",\"item\":\"https:\/\/www.corporacionfourglobal.com\/tienda\/pelicula-estirable-pelicula-stretch\/\"},{\"@type\":\"ListItem\",\"position\":3,\"name\":\"Polifoam\"}]},{\"@type\":\"WebSite\",\"@id\":\"https:\/\/www.corporacionfourglobal.com\/tienda\/#website\",\"url\":\"https:\/\/www.corporacionfourglobal.com\/tienda\/\",\"name\":\"Corporaci\u00f3n Four Global\",\"description\":\"Veloces, Confiables y Eficientes\",\"publisher\":{\"@id\":\"https:\/\/www.corporacionfourglobal.com\/tienda\/#organization\"},\"potentialAction\":[{\"@type\":\"SearchAction\",\"target\":{\"@type\":\"EntryPoint\",\"urlTemplate\":\"https:\/\/www.corporacionfourglobal.com\/tienda\/?s={search_term_string}\"},\"query-input\":{\"@type\":\"PropertyValueSpecification\",\"valueRequired\":true,\"valueName\":\"search_term_string\"}}],\"inLanguage\":\"es\"},{\"@type\":\"Organization\",\"@id\":\"https:\/\/www.corporacionfourglobal.com\/tienda\/#organization\",\"name\":\"Corporaci\u00f3n Four Global\",\"url\":\"https:\/\/www.corporacionfourglobal.com\/tienda\/\",\"logo\":{\"@type\":\"ImageObject\",\"inLanguage\":\"es\",\"@id\":\"https:\/\/www.corporacionfourglobal.com\/tienda\/#\/schema\/logo\/image\/\",\"url\":\"https:\/\/www.corporacionfourglobal.com\/tienda\/wp-content\/uploads\/2021\/10\/logo-web-2.jpg\",\"contentUrl\":\"https:\/\/www.corporacionfourglobal.com\/tienda\/wp-content\/uploads\/2021\/10\/logo-web-2.jpg\",\"width\":500,\"height\":500,\"caption\":\"Corporaci\u00f3n Four Global\"},\"image\":{\"@id\":\"https:\/\/www.corporacionfourglobal.com\/tienda\/#\/schema\/logo\/image\/\"},\"sameAs\":[\"https:\/\/www.facebook.com\/people\/CorporaciC3B3n-Four-Global\/100075753681876\/\",\"https:\/\/www.instagram.com\/fourglobal2021\/\"]}]}<\/script>\n<!-- \/ Yoast SEO Premium plugin. -->","yoast_head_json":{"title":"Polifoam - Corporaci&oacute;n Four Global","robots":{"index":"index","follow":"follow","max-snippet":"max-snippet:-1","max-image-preview":"max-image-preview:large","max-video-preview":"max-video-preview:-1"},"canonical":"https:\/\/www.corporacionfourglobal.com\/tienda\/product\/polifoam\/","og_locale":"es_ES","og_type":"article","og_title":"Polifoam","og_description":"PRESENTACI\u00d3N ESPESOR ANCHO LARGO   1\/4\" 6 MM 2 M 55 M   1\/8\" 3 MM 2 M 105 M   3\/32\" 2.4 MM 2 M 140 M   1\/16\" 1.5 MM 2 M 210 M   1\/32\" 0.8 MM 2 M 315 M","og_url":"https:\/\/www.corporacionfourglobal.com\/tienda\/product\/polifoam\/","og_site_name":"Corporaci&oacute;n Four Global","article_publisher":"https:\/\/www.facebook.com\/people\/CorporaciC3B3n-Four-Global\/100075753681876\/","article_modified_time":"2023-03-27T23:51:03+00:00","og_image":[{"width":700,"height":700,"url":"https:\/\/www.corporacionfourglobal.com\/tienda\/wp-content\/uploads\/2021\/10\/Polifoam.jpg","type":"image\/jpeg"}],"twitter_card":"summary_large_image","twitter_misc":{"Tiempo de lectura":"1 minuto"},"schema":{"@context":"https:\/\/schema.org","@graph":[{"@type":"WebPage","@id":"https:\/\/www.corporacionfourglobal.com\/tienda\/product\/polifoam\/","url":"https:\/\/www.corporacionfourglobal.com\/tienda\/product\/polifoam\/","name":"Polifoam - Corporaci&oacute;n Four Global","isPartOf":{"@id":"https:\/\/www.corporacionfourglobal.com\/tienda\/#website"},"primaryImageOfPage":{"@id":"https:\/\/www.corporacionfourglobal.com\/tienda\/product\/polifoam\/#primaryimage"},"image":{"@id":"https:\/\/www.corporacionfourglobal.com\/tienda\/product\/polifoam\/#primaryimage"},"thumbnailUrl":"https:\/\/www.corporacionfourglobal.com\/tienda\/wp-content\/uploads\/2021\/10\/Polifoam.jpg","datePublished":"2021-10-15T01:30:54+00:00","dateModified":"2023-03-27T23:51:03+00:00","breadcrumb":{"@id":"https:\/\/www.corporacionfourglobal.com\/tienda\/product\/polifoam\/#breadcrumb"},"inLanguage":"es","potentialAction":[{"@type":"ReadAction","target":["https:\/\/www.corporacionfourglobal.com\/tienda\/product\/polifoam\/"]}]},{"@type":"ImageObject","inLanguage":"es","@id":"https:\/\/www.corporacionfourglobal.com\/tienda\/product\/polifoam\/#primaryimage","url":"https:\/\/www.corporacionfourglobal.com\/tienda\/wp-content\/uploads\/2021\/10\/Polifoam.jpg","contentUrl":"https:\/\/www.corporacionfourglobal.com\/tienda\/wp-content\/uploads\/2021\/10\/Polifoam.jpg","width":700,"height":700},{"@type":"BreadcrumbList","@id":"https:\/\/www.corporacionfourglobal.com\/tienda\/product\/polifoam\/#breadcrumb","itemListElement":[{"@type":"ListItem","position":1,"name":"Portada","item":"https:\/\/www.corporacionfourglobal.com\/tienda\/"},{"@type":"ListItem","position":2,"name":"Productos","item":"https:\/\/www.corporacionfourglobal.com\/tienda\/pelicula-estirable-pelicula-stretch\/"},{"@type":"ListItem","position":3,"name":"Polifoam"}]},{"@type":"WebSite","@id":"https:\/\/www.corporacionfourglobal.com\/tienda\/#website","url":"https:\/\/www.corporacionfourglobal.com\/tienda\/","name":"Corporaci\u00f3n Four Global","description":"Veloces, Confiables y Eficientes","publisher":{"@id":"https:\/\/www.corporacionfourglobal.com\/tienda\/#organization"},"potentialAction":[{"@type":"SearchAction","target":{"@type":"EntryPoint","urlTemplate":"https:\/\/www.corporacionfourglobal.com\/tienda\/?s={search_term_string}"},"query-input":{"@type":"PropertyValueSpecification","valueRequired":true,"valueName":"search_term_string"}}],"inLanguage":"es"},{"@type":"Organization","@id":"https:\/\/www.corporacionfourglobal.com\/tienda\/#organization","name":"Corporaci\u00f3n Four Global","url":"https:\/\/www.corporacionfourglobal.com\/tienda\/","logo":{"@type":"ImageObject","inLanguage":"es","@id":"https:\/\/www.corporacionfourglobal.com\/tienda\/#\/schema\/logo\/image\/","url":"https:\/\/www.corporacionfourglobal.com\/tienda\/wp-content\/uploads\/2021\/10\/logo-web-2.jpg","contentUrl":"https:\/\/www.corporacionfourglobal.com\/tienda\/wp-content\/uploads\/2021\/10\/logo-web-2.jpg","width":500,"height":500,"caption":"Corporaci\u00f3n Four Global"},"image":{"@id":"https:\/\/www.corporacionfourglobal.com\/tienda\/#\/schema\/logo\/image\/"},"sameAs":["https:\/\/www.facebook.com\/people\/CorporaciC3B3n-Four-Global\/100075753681876\/","https:\/\/www.instagram.com\/fourglobal2021\/"]}]}},"_links":{"self":[{"href":"https:\/\/www.corporacionfourglobal.com\/tienda\/wp-json\/wp\/v2\/product\/367","targetHints":{"allow":["GET"]}}],"collection":[{"href":"https:\/\/www.corporacionfourglobal.com\/tienda\/wp-json\/wp\/v2\/product"}],"about":[{"href":"https:\/\/www.corporacionfourglobal.com\/tienda\/wp-json\/wp\/v2\/types\/product"}],"replies":[{"embeddable":true,"href":"https:\/\/www.corporacionfourglobal.com\/tienda\/wp-json\/wp\/v2\/comments?post=367"}],"wp:featuredmedia":[{"embeddable":true,"href":"https:\/\/www.corporacionfourglobal.com\/tienda\/wp-json\/wp\/v2\/media\/368"}],"wp:attachment":[{"href":"https:\/\/www.corporacionfourglobal.com\/tienda\/wp-json\/wp\/v2\/media?parent=367"}],"wp:term":[{"taxonomy":"product_brand","embeddable":true,"href":"https:\/\/www.corporacionfourglobal.com\/tienda\/wp-json\/wp\/v2\/product_brand?post=367"},{"taxonomy":"product_cat","embeddable":true,"href":"https:\/\/www.corporacionfourglobal.com\/tienda\/wp-json\/wp\/v2\/product_cat?post=367"},{"taxonomy":"product_tag","embeddable":true,"href":"https:\/\/www.corporacionfourglobal.com\/tienda\/wp-json\/wp\/v2\/product_tag?post=367"}],"curies":[{"name":"wp","href":"https:\/\/api.w.org\/{rel}","templated":true}]}}