{"id":864,"date":"2023-04-29T00:36:57","date_gmt":"2023-04-29T00:36:57","guid":{"rendered":"https:\/\/www.corporacionfourglobal.com\/tienda\/?page_id=864"},"modified":"2025-03-26T00:52:18","modified_gmt":"2025-03-26T00:52:18","slug":"selladora-para-fleje","status":"publish","type":"page","link":"https:\/\/www.corporacionfourglobal.com\/tienda\/selladora-para-fleje\/","title":{"rendered":"SELLADORA PARA FLEJE"},"content":{"rendered":"\n\n  <div class=\"banner has-hover\" id=\"banner-1284200888\">\n          <div class=\"banner-inner fill\">\n        <div class=\"banner-bg fill\" >\n            <img loading=\"lazy\" decoding=\"async\" width=\"1020\" height=\"390\" src=\"https:\/\/www.corporacionfourglobal.com\/tienda\/wp-content\/uploads\/2023\/04\/selladora-fleje.jpg\" class=\"bg attachment-large size-large\" alt=\"\" \/>                                    \n                    <\/div>\n\t\t\n        <div class=\"banner-layers container\">\n            <div class=\"fill banner-link\"><\/div>            \n\n   <div id=\"text-box-910724762\" class=\"text-box banner-layer x50 md-x50 lg-x50 y50 md-y50 lg-y50 res-text\">\n                                <div class=\"text-box-content text dark\">\n              \n              <div class=\"text-inner text-center\">\n                  \n\n\n              <\/div>\n           <\/div>\n                            \n<style>\n#text-box-910724762 {\n  width: 60%;\n}\n#text-box-910724762 .text-box-content {\n  font-size: 100%;\n}\n<\/style>\n    <\/div>\n \n\n        <\/div>\n      <\/div>\n\n            \n<style>\n#banner-1284200888 {\n  padding-top: 400px;\n}\n<\/style>\n  <\/div>\n\n\n<div class=\"row\"  id=\"row-1713841187\">\n\n\n\t<div id=\"col-1598137293\" class=\"col small-12 large-12\"  >\n\t\t\t\t<div class=\"col-inner\"  >\n\t\t\t\n\t\t\t\n\n\t<div id=\"text-2273113875\" class=\"text\">\n\t\t\n\n<h2 align=\"center\"> SELLADORA PARA FLEJE <\/h2>\n<p>Selladora de acero de alta resistencia, ayuda a asegurar el fleje alrededor del paquete, proporcionando mayor protecci\u00f3n.<\/p>\n\t\t\n<style>\n#text-2273113875 {\n  text-align: center;\n}\n<\/style>\n\t<\/div>\n\t\n<div class=\"row\"  id=\"row-1332146205\">\n\n\n\t<div id=\"col-754882840\" class=\"col small-12 large-12\"  >\n\t\t\t\t<div class=\"col-inner\"  >\n\t\t\t\n\t\t\t\n\n\n\n<table width=\"100%\" border=\"0\" class=\"table-rwd\">\n  <tbody>\n\n<tr>\n\n <td><strong>DESCRIPCI\u00d3N<\/strong><\/td>\n \n\n    <\/tr>\n    \t\t\t\n<tr>\n<td> Use con Sellos Met\u00e1licos Abiertos para Fleje de Polipropileno.<\/td>\n\t\n\n\n\t\n\t<\/tr>\n\n    \n  <\/tbody>\n<\/table>\n\n<h1 class=\"\" data-start=\"98\" data-end=\"175\"><strong data-start=\"100\" data-end=\"175\">Selladora para Fleje: La Soluci\u00f3n Ideal para Empaque Seguro y Eficiente<\/strong><\/h1>\n<h3 class=\"\" data-start=\"177\" data-end=\"259\"><strong data-start=\"181\" data-end=\"259\">Selladoras para Fleje de Alta Calidad para una Uni\u00f3n Perfecta y Resistente<\/strong><\/h3>\n<h4 class=\"\" data-start=\"261\" data-end=\"325\"><strong data-start=\"266\" data-end=\"325\">Empaque Profesional, R\u00e1pido y Confiable para tu Negocio<\/strong><\/h4>\n<p class=\"\" data-start=\"327\" data-end=\"796\">Ofrecemos <strong data-start=\"364\" data-end=\"389\">Selladoras para Fleje<\/strong> de alto rendimiento, dise\u00f1adas para brindar un sellado seguro, r\u00e1pido y eficiente en todo tipo de productos. Nuestras selladoras son ideales para utilizar con fleje de pl\u00e1stico o acero, garantizando la m\u00e1xima seguridad y estabilidad en el embalaje de tus mercanc\u00edas. Ya sea que necesites sellar cajas, palets o cualquier otro tipo de paquete, nuestras selladoras aseguran un acabado duradero y profesional.<\/p>\n<hr class=\"\" data-start=\"798\" data-end=\"801\" \/>\n<h3 class=\"\" data-start=\"803\" data-end=\"891\"><strong data-start=\"807\" data-end=\"891\">\u00bfPor qu\u00e9 elegir nuestras Selladoras para Fleje?\u00a0<\/strong><\/h3>\n<ul data-start=\"893\" data-end=\"1661\">\n<li class=\"\" data-start=\"893\" data-end=\"1034\">\n<p class=\"\" data-start=\"895\" data-end=\"1034\"><strong data-start=\"895\" data-end=\"927\">Sellado de alta resistencia:<\/strong> Nuestras selladoras garantizan un sellado fuerte y seguro, ideal para cargas pesadas y productos fr\u00e1giles.<\/p>\n<\/li>\n<li class=\"\" data-start=\"1035\" data-end=\"1203\">\n<p class=\"\" data-start=\"1037\" data-end=\"1203\"><strong data-start=\"1037\" data-end=\"1055\">F\u00e1cil de usar:<\/strong> Con dise\u00f1o ergon\u00f3mico y sencillo, nuestras selladoras permiten un uso r\u00e1pido y sin complicaciones, incluso en entornos de trabajo con alta demanda.<\/p>\n<\/li>\n<li class=\"\" data-start=\"1204\" data-end=\"1374\">\n<p class=\"\" data-start=\"1206\" data-end=\"1374\"><strong data-start=\"1206\" data-end=\"1222\">Durabilidad:<\/strong> Fabricadas con materiales de alta calidad, nuestras selladoras tienen una larga vida \u00fatil, lo que te proporciona una excelente inversi\u00f3n a largo plazo.<\/p>\n<\/li>\n<li class=\"\" data-start=\"1375\" data-end=\"1530\">\n<p class=\"\" data-start=\"1377\" data-end=\"1530\"><strong data-start=\"1377\" data-end=\"1395\">Adaptabilidad:<\/strong> Funciona perfectamente con diferentes tipos de fleje, como fleje pl\u00e1stico y fleje de acero, ajust\u00e1ndose a tus necesidades de embalaje.<\/p>\n<\/li>\n<li class=\"\" data-start=\"1531\" data-end=\"1661\">\n<p class=\"\" data-start=\"1533\" data-end=\"1661\"><strong data-start=\"1533\" data-end=\"1554\">Ahorro de tiempo:<\/strong> Incrementa la productividad de tu negocio con una herramienta r\u00e1pida y eficiente para sellar tus paquetes.<\/p>\n<\/li>\n<\/ul>\n<hr class=\"\" data-start=\"1663\" data-end=\"1666\" \/>\n<h3 class=\"\" data-start=\"1668\" data-end=\"1726\"><strong data-start=\"1672\" data-end=\"1726\">Beneficios Clave de Nuestras Selladoras para Fleje<\/strong><\/h3>\n<p class=\"\" data-start=\"1728\" data-end=\"2312\">\u2714 <strong data-start=\"1730\" data-end=\"1758\">Sellado de alta calidad:<\/strong> Garantiza una uni\u00f3n firme y segura que previene da\u00f1os durante el transporte.<br data-start=\"1835\" data-end=\"1838\" \/>\u2714 <strong data-start=\"1840\" data-end=\"1864\">Versatilidad de uso:<\/strong> Perfecta para diversos tipos de embalajes, desde cajas peque\u00f1as hasta palets grandes.<br data-start=\"1950\" data-end=\"1953\" \/>\u2714 <strong data-start=\"1955\" data-end=\"1975\">F\u00e1cil operaci\u00f3n:<\/strong> R\u00e1pida y sencilla de usar, ideal tanto para empresas peque\u00f1as como grandes.<br data-start=\"2051\" data-end=\"2054\" \/>\u2714 <strong data-start=\"2056\" data-end=\"2083\">Econom\u00eda y durabilidad:<\/strong> Aumenta la vida \u00fatil de tus equipos de embalaje y reduce costos a largo plazo.<br data-start=\"2162\" data-end=\"2165\" \/>\u2714 <strong data-start=\"2167\" data-end=\"2199\">Mejor control de inventario:<\/strong> Con un sellado seguro, tendr\u00e1s un mejor control sobre el embalaje de tus productos, reduciendo p\u00e9rdidas o da\u00f1os.<\/p>\n<hr class=\"\" data-start=\"2314\" data-end=\"2317\" \/>\n<h3 class=\"\" data-start=\"2319\" data-end=\"2409\"><strong data-start=\"2323\" data-end=\"2409\">La Soluci\u00f3n Perfecta para Empresas que Buscan Eficiencia y Seguridad en su Empaque<\/strong><\/h3>\n<p class=\"\" data-start=\"2411\" data-end=\"2750\">Las <strong data-start=\"2415\" data-end=\"2440\">Selladoras para Fleje<\/strong> son esenciales en cualquier l\u00ednea de empaque, brindando la resistencia necesaria para garantizar que tus productos lleguen en perfectas condiciones a su destino. Con nuestras selladoras, disfrutar\u00e1s de un proceso de embalaje m\u00e1s eficiente, seguro y rentable, ideal para mejorar la productividad de tu empresa.<\/p>\n<hr class=\"\" data-start=\"2752\" data-end=\"2755\" \/>\n<h3 class=\"\" data-start=\"2757\" data-end=\"2836\"><strong data-start=\"2761\" data-end=\"2836\">Maximiza la Eficiencia de tu Empaque con Nuestras Selladoras para Fleje<\/strong><\/h3>\n<p class=\"\" data-start=\"2838\" data-end=\"3065\">No pongas en riesgo la seguridad de tus productos. Obt\u00e9n la mejor <strong data-start=\"2904\" data-end=\"2928\">Selladora para Fleje<\/strong> y asegura un embalaje fuerte, profesional y eficiente. \u00a1Haz tu pedido ahora y mejora tus procesos de empaque con una soluci\u00f3n confiable!<\/p>\n\n\t\t<\/div>\n\t\t\t\t\t<\/div>\n\n\t\n\n<\/div>\n\n\t\t<\/div>\n\t\t\t\t\t<\/div>\n\n\t\n\n<\/div>\n\n","protected":false},"excerpt":{"rendered":"","protected":false},"author":1,"featured_media":0,"parent":0,"menu_order":0,"comment_status":"closed","ping_status":"closed","template":"","meta":{"_joinchat":[],"footnotes":""},"class_list":["post-864","page","type-page","status-publish","hentry"],"yoast_head":"<!-- This site is optimized with the Yoast SEO Premium plugin v24.6 (Yoast SEO v27.1.1) - https:\/\/yoast.com\/product\/yoast-seo-premium-wordpress\/ -->\n<title>SELLADORA PARA FLEJE - Corporaci&oacute;n Four Global<\/title>\n<meta name=\"robots\" content=\"index, follow, max-snippet:-1, max-image-preview:large, max-video-preview:-1\" \/>\n<link rel=\"canonical\" href=\"https:\/\/www.corporacionfourglobal.com\/tienda\/selladora-para-fleje\/\" \/>\n<meta property=\"og:locale\" content=\"es_ES\" \/>\n<meta property=\"og:type\" content=\"article\" \/>\n<meta property=\"og:title\" content=\"SELLADORA PARA FLEJE\" \/>\n<meta property=\"og:url\" content=\"https:\/\/www.corporacionfourglobal.com\/tienda\/selladora-para-fleje\/\" \/>\n<meta property=\"og:site_name\" content=\"Corporaci&oacute;n Four Global\" \/>\n<meta property=\"article:publisher\" content=\"https:\/\/www.facebook.com\/people\/CorporaciC3B3n-Four-Global\/100075753681876\/\" \/>\n<meta property=\"article:modified_time\" content=\"2025-03-26T00:52:18+00:00\" \/>\n<meta name=\"twitter:card\" content=\"summary_large_image\" \/>\n<script type=\"application\/ld+json\" class=\"yoast-schema-graph\">{\"@context\":\"https:\/\/schema.org\",\"@graph\":[{\"@type\":\"WebPage\",\"@id\":\"https:\/\/www.corporacionfourglobal.com\/tienda\/selladora-para-fleje\/\",\"url\":\"https:\/\/www.corporacionfourglobal.com\/tienda\/selladora-para-fleje\/\",\"name\":\"SELLADORA PARA FLEJE - Corporaci&oacute;n Four Global\",\"isPartOf\":{\"@id\":\"https:\/\/www.corporacionfourglobal.com\/tienda\/#website\"},\"datePublished\":\"2023-04-29T00:36:57+00:00\",\"dateModified\":\"2025-03-26T00:52:18+00:00\",\"breadcrumb\":{\"@id\":\"https:\/\/www.corporacionfourglobal.com\/tienda\/selladora-para-fleje\/#breadcrumb\"},\"inLanguage\":\"es\",\"potentialAction\":[{\"@type\":\"ReadAction\",\"target\":[\"https:\/\/www.corporacionfourglobal.com\/tienda\/selladora-para-fleje\/\"]}]},{\"@type\":\"BreadcrumbList\",\"@id\":\"https:\/\/www.corporacionfourglobal.com\/tienda\/selladora-para-fleje\/#breadcrumb\",\"itemListElement\":[{\"@type\":\"ListItem\",\"position\":1,\"name\":\"Portada\",\"item\":\"https:\/\/www.corporacionfourglobal.com\/tienda\/\"},{\"@type\":\"ListItem\",\"position\":2,\"name\":\"SELLADORA PARA FLEJE\"}]},{\"@type\":\"WebSite\",\"@id\":\"https:\/\/www.corporacionfourglobal.com\/tienda\/#website\",\"url\":\"https:\/\/www.corporacionfourglobal.com\/tienda\/\",\"name\":\"Corporaci\u00f3n Four Global\",\"description\":\"Veloces, Confiables y Eficientes\",\"publisher\":{\"@id\":\"https:\/\/www.corporacionfourglobal.com\/tienda\/#organization\"},\"potentialAction\":[{\"@type\":\"SearchAction\",\"target\":{\"@type\":\"EntryPoint\",\"urlTemplate\":\"https:\/\/www.corporacionfourglobal.com\/tienda\/?s={search_term_string}\"},\"query-input\":{\"@type\":\"PropertyValueSpecification\",\"valueRequired\":true,\"valueName\":\"search_term_string\"}}],\"inLanguage\":\"es\"},{\"@type\":\"Organization\",\"@id\":\"https:\/\/www.corporacionfourglobal.com\/tienda\/#organization\",\"name\":\"Corporaci\u00f3n Four Global\",\"url\":\"https:\/\/www.corporacionfourglobal.com\/tienda\/\",\"logo\":{\"@type\":\"ImageObject\",\"inLanguage\":\"es\",\"@id\":\"https:\/\/www.corporacionfourglobal.com\/tienda\/#\/schema\/logo\/image\/\",\"url\":\"https:\/\/www.corporacionfourglobal.com\/tienda\/wp-content\/uploads\/2021\/10\/logo-web-2.jpg\",\"contentUrl\":\"https:\/\/www.corporacionfourglobal.com\/tienda\/wp-content\/uploads\/2021\/10\/logo-web-2.jpg\",\"width\":500,\"height\":500,\"caption\":\"Corporaci\u00f3n Four Global\"},\"image\":{\"@id\":\"https:\/\/www.corporacionfourglobal.com\/tienda\/#\/schema\/logo\/image\/\"},\"sameAs\":[\"https:\/\/www.facebook.com\/people\/CorporaciC3B3n-Four-Global\/100075753681876\/\",\"https:\/\/www.instagram.com\/fourglobal2021\/\"]}]}<\/script>\n<!-- \/ Yoast SEO Premium plugin. -->","yoast_head_json":{"title":"SELLADORA PARA FLEJE - Corporaci&oacute;n Four Global","robots":{"index":"index","follow":"follow","max-snippet":"max-snippet:-1","max-image-preview":"max-image-preview:large","max-video-preview":"max-video-preview:-1"},"canonical":"https:\/\/www.corporacionfourglobal.com\/tienda\/selladora-para-fleje\/","og_locale":"es_ES","og_type":"article","og_title":"SELLADORA PARA FLEJE","og_url":"https:\/\/www.corporacionfourglobal.com\/tienda\/selladora-para-fleje\/","og_site_name":"Corporaci&oacute;n Four Global","article_publisher":"https:\/\/www.facebook.com\/people\/CorporaciC3B3n-Four-Global\/100075753681876\/","article_modified_time":"2025-03-26T00:52:18+00:00","twitter_card":"summary_large_image","schema":{"@context":"https:\/\/schema.org","@graph":[{"@type":"WebPage","@id":"https:\/\/www.corporacionfourglobal.com\/tienda\/selladora-para-fleje\/","url":"https:\/\/www.corporacionfourglobal.com\/tienda\/selladora-para-fleje\/","name":"SELLADORA PARA FLEJE - Corporaci&oacute;n Four Global","isPartOf":{"@id":"https:\/\/www.corporacionfourglobal.com\/tienda\/#website"},"datePublished":"2023-04-29T00:36:57+00:00","dateModified":"2025-03-26T00:52:18+00:00","breadcrumb":{"@id":"https:\/\/www.corporacionfourglobal.com\/tienda\/selladora-para-fleje\/#breadcrumb"},"inLanguage":"es","potentialAction":[{"@type":"ReadAction","target":["https:\/\/www.corporacionfourglobal.com\/tienda\/selladora-para-fleje\/"]}]},{"@type":"BreadcrumbList","@id":"https:\/\/www.corporacionfourglobal.com\/tienda\/selladora-para-fleje\/#breadcrumb","itemListElement":[{"@type":"ListItem","position":1,"name":"Portada","item":"https:\/\/www.corporacionfourglobal.com\/tienda\/"},{"@type":"ListItem","position":2,"name":"SELLADORA PARA FLEJE"}]},{"@type":"WebSite","@id":"https:\/\/www.corporacionfourglobal.com\/tienda\/#website","url":"https:\/\/www.corporacionfourglobal.com\/tienda\/","name":"Corporaci\u00f3n Four Global","description":"Veloces, Confiables y Eficientes","publisher":{"@id":"https:\/\/www.corporacionfourglobal.com\/tienda\/#organization"},"potentialAction":[{"@type":"SearchAction","target":{"@type":"EntryPoint","urlTemplate":"https:\/\/www.corporacionfourglobal.com\/tienda\/?s={search_term_string}"},"query-input":{"@type":"PropertyValueSpecification","valueRequired":true,"valueName":"search_term_string"}}],"inLanguage":"es"},{"@type":"Organization","@id":"https:\/\/www.corporacionfourglobal.com\/tienda\/#organization","name":"Corporaci\u00f3n Four Global","url":"https:\/\/www.corporacionfourglobal.com\/tienda\/","logo":{"@type":"ImageObject","inLanguage":"es","@id":"https:\/\/www.corporacionfourglobal.com\/tienda\/#\/schema\/logo\/image\/","url":"https:\/\/www.corporacionfourglobal.com\/tienda\/wp-content\/uploads\/2021\/10\/logo-web-2.jpg","contentUrl":"https:\/\/www.corporacionfourglobal.com\/tienda\/wp-content\/uploads\/2021\/10\/logo-web-2.jpg","width":500,"height":500,"caption":"Corporaci\u00f3n Four Global"},"image":{"@id":"https:\/\/www.corporacionfourglobal.com\/tienda\/#\/schema\/logo\/image\/"},"sameAs":["https:\/\/www.facebook.com\/people\/CorporaciC3B3n-Four-Global\/100075753681876\/","https:\/\/www.instagram.com\/fourglobal2021\/"]}]}},"_links":{"self":[{"href":"https:\/\/www.corporacionfourglobal.com\/tienda\/wp-json\/wp\/v2\/pages\/864","targetHints":{"allow":["GET"]}}],"collection":[{"href":"https:\/\/www.corporacionfourglobal.com\/tienda\/wp-json\/wp\/v2\/pages"}],"about":[{"href":"https:\/\/www.corporacionfourglobal.com\/tienda\/wp-json\/wp\/v2\/types\/page"}],"author":[{"embeddable":true,"href":"https:\/\/www.corporacionfourglobal.com\/tienda\/wp-json\/wp\/v2\/users\/1"}],"replies":[{"embeddable":true,"href":"https:\/\/www.corporacionfourglobal.com\/tienda\/wp-json\/wp\/v2\/comments?post=864"}],"version-history":[{"count":1,"href":"https:\/\/www.corporacionfourglobal.com\/tienda\/wp-json\/wp\/v2\/pages\/864\/revisions"}],"predecessor-version":[{"id":1035,"href":"https:\/\/www.corporacionfourglobal.com\/tienda\/wp-json\/wp\/v2\/pages\/864\/revisions\/1035"}],"wp:attachment":[{"href":"https:\/\/www.corporacionfourglobal.com\/tienda\/wp-json\/wp\/v2\/media?parent=864"}],"curies":[{"name":"wp","href":"https:\/\/api.w.org\/{rel}","templated":true}]}}