{"id":861,"date":"2023-04-29T00:31:49","date_gmt":"2023-04-29T00:31:49","guid":{"rendered":"https:\/\/www.corporacionfourglobal.com\/tienda\/?page_id=861"},"modified":"2025-03-26T00:49:46","modified_gmt":"2025-03-26T00:49:46","slug":"rollo-de-papel-kraft","status":"publish","type":"page","link":"https:\/\/www.corporacionfourglobal.com\/tienda\/rollo-de-papel-kraft\/","title":{"rendered":"ROLLO DE PAPEL KRAFT"},"content":{"rendered":"\n\n  <div class=\"banner has-hover\" id=\"banner-1195327898\">\n          <div class=\"banner-inner fill\">\n        <div class=\"banner-bg fill\" >\n            <img loading=\"lazy\" decoding=\"async\" width=\"1020\" height=\"390\" src=\"https:\/\/www.corporacionfourglobal.com\/tienda\/wp-content\/uploads\/2023\/04\/KRAFT.jpg\" class=\"bg attachment-large size-large\" alt=\"\" \/>                                    \n                    <\/div>\n\t\t\n        <div class=\"banner-layers container\">\n            <div class=\"fill banner-link\"><\/div>            \n\n   <div id=\"text-box-265067239\" class=\"text-box banner-layer x50 md-x50 lg-x50 y50 md-y50 lg-y50 res-text\">\n                                <div class=\"text-box-content text dark\">\n              \n              <div class=\"text-inner text-center\">\n                  \n\n\n              <\/div>\n           <\/div>\n                            \n<style>\n#text-box-265067239 {\n  width: 60%;\n}\n#text-box-265067239 .text-box-content {\n  font-size: 100%;\n}\n<\/style>\n    <\/div>\n \n\n        <\/div>\n      <\/div>\n\n            \n<style>\n#banner-1195327898 {\n  padding-top: 400px;\n}\n<\/style>\n  <\/div>\n\n\n<div class=\"row\"  id=\"row-544057739\">\n\n\n\t<div id=\"col-2063990379\" class=\"col small-12 large-12\"  >\n\t\t\t\t<div class=\"col-inner\"  >\n\t\t\t\n\t\t\t\n\n\t<div id=\"text-279269097\" class=\"text\">\n\t\t\n\n<h2 align=\"center\"> ROLLO DE PAPEL KRAFT <\/h2>\n<p>Es ideal para el embalaje de productos por su rigidez y buena presentaci\u00f3n.<\/p>\n\t\t\n<style>\n#text-279269097 {\n  text-align: center;\n}\n<\/style>\n\t<\/div>\n\t\n<div class=\"row\"  id=\"row-291660501\">\n\n\n\t<div id=\"col-936167138\" class=\"col small-12 large-12\"  >\n\t\t\t\t<div class=\"col-inner\"  >\n\t\t\t\n\t\t\t\n\n\n\n<table width=\"100%\" border=\"0\" class=\"table-rwd\">\n  <tbody>\n\n<tr>\n\n <td><strong>DESCRIPCI\u00d3N<\/strong><\/td>\n      <td><strong>MEDIDA<\/strong><\/td>\n<td><strong>PESO<\/strong><\/td>\n\n    <\/tr>\n    \t\t\t\n<tr>\n<td> MATERIAL BIODEGRADABLE, RESISTENTE A LA HUMEDAD Y CALOR.<\/td>\n<td> 1 M <br> 1.25 M <\/td>\n<td> 125 GR <br> 125GR<\/td>\t\n\n\n\t\n\t<\/tr>\n\n    \n  <\/tbody>\n<\/table>\n\n<h2 data-start=\"98\" data-end=\"181\"><strong data-start=\"100\" data-end=\"181\">Rollo de Papel Kraft: Empaque Ecol\u00f3gico y Resistente para Todos tus Productos<\/strong><\/h2>\n<h4 data-start=\"183\" data-end=\"263\"><strong data-start=\"187\" data-end=\"263\">La Mejor Soluci\u00f3n para Embalaje Resistente, Sostenible y de Alta Calidad<\/strong><\/h4>\n<h4 class=\"\" data-start=\"265\" data-end=\"348\"><strong data-start=\"270\" data-end=\"348\">Papel Kraft Ideal para Embalaje, Protecci\u00f3n y Personalizaci\u00f3n de Productos<\/strong><\/h4>\n<p class=\"\" data-start=\"350\" data-end=\"711\">Ofrecemos <strong data-start=\"387\" data-end=\"411\">Rollo de Papel Kraft<\/strong> de la m\u00e1s alta calidad, perfecto para todo tipo de aplicaciones de embalaje, desde protecci\u00f3n de productos fr\u00e1giles hasta soluciones personalizadas para tu negocio. Nuestro papel Kraft es resistente, ecol\u00f3gico y vers\u00e1til, brindando una opci\u00f3n efectiva y sostenible para empaques de cualquier tama\u00f1o.<\/p>\n<hr class=\"\" data-start=\"713\" data-end=\"716\" \/>\n<h3 class=\"\" data-start=\"718\" data-end=\"804\"><strong data-start=\"722\" data-end=\"804\">\u00bfPor qu\u00e9 elegir nuestro Rollo de Papel Kraft? <\/strong><\/h3>\n<h3 class=\"\" data-start=\"718\" data-end=\"804\"><strong data-start=\"808\" data-end=\"829\">Alta resistencia:<\/strong> El papel Kraft es fuerte y duradero, ideal para proteger productos en tr\u00e1nsito o almacenamiento.<\/h3>\n<ul data-start=\"806\" data-end=\"1290\">\n<li class=\"\" data-start=\"927\" data-end=\"1042\">\n<p class=\"\" data-start=\"929\" data-end=\"1042\"><strong data-start=\"929\" data-end=\"956\">Ecol\u00f3gico y sostenible:<\/strong> 100% reciclable, contribuyendo a la reducci\u00f3n del impacto ambiental de tus embalajes.<\/p>\n<\/li>\n<li class=\"\" data-start=\"1043\" data-end=\"1149\">\n<p class=\"\" data-start=\"1045\" data-end=\"1149\"><strong data-start=\"1045\" data-end=\"1069\">Versatilidad de uso:<\/strong> Perfecto para embalaje de productos fr\u00e1giles, envoltorios, bolsas, y mucho m\u00e1s.<\/p>\n<\/li>\n<li class=\"\" data-start=\"1150\" data-end=\"1290\">\n<p class=\"\" data-start=\"1152\" data-end=\"1290\"><strong data-start=\"1152\" data-end=\"1181\">Opciones personalizables:<\/strong> Ofrecemos rollos de diferentes tama\u00f1os y grosores para adaptarnos a tus necesidades espec\u00edficas de embalaje.<\/p>\n<\/li>\n<\/ul>\n<hr class=\"\" data-start=\"1292\" data-end=\"1295\" \/>\n<h3 class=\"\" data-start=\"1297\" data-end=\"1353\"><strong data-start=\"1301\" data-end=\"1353\">Beneficios Clave de Nuestro Rollo de Papel Kraft<\/strong><\/h3>\n<p class=\"\" data-start=\"1355\" data-end=\"2005\">\u2714 <strong data-start=\"1357\" data-end=\"1382\">Resistencia superior:<\/strong> Protege tus productos durante el transporte con una opci\u00f3n de embalaje fuerte y confiable.<br data-start=\"1473\" data-end=\"1476\" \/>\u2714 <strong data-start=\"1478\" data-end=\"1506\">Ecol\u00f3gico y responsable:<\/strong> Reduce la huella de carbono de tu empresa al utilizar un material reciclable y biodegradable.<br data-start=\"1600\" data-end=\"1603\" \/>\u2714 <strong data-start=\"1605\" data-end=\"1623\">F\u00e1cil de usar:<\/strong> Se adapta f\u00e1cilmente a diferentes formas y tama\u00f1os de productos, proporcionando una excelente soluci\u00f3n para empaques a medida.<br data-start=\"1750\" data-end=\"1753\" \/>\u2714 <strong data-start=\"1755\" data-end=\"1781\">Ideal para protecci\u00f3n:<\/strong> Previene da\u00f1os a tus productos fr\u00e1giles, asegurando que lleguen a su destino en perfectas condiciones.<br data-start=\"1884\" data-end=\"1887\" \/>\u2714 <strong data-start=\"1889\" data-end=\"1910\">Ahorro en costos:<\/strong> Es una opci\u00f3n econ\u00f3mica y efectiva para reducir costos de empaques sin comprometer la calidad.<\/p>\n<hr class=\"\" data-start=\"2007\" data-end=\"2010\" \/>\n<h3 class=\"\" data-start=\"2012\" data-end=\"2097\"><strong data-start=\"2016\" data-end=\"2097\">La Soluci\u00f3n Ideal para Empresas que Buscan un Empaque Eficiente y Responsable<\/strong><\/h3>\n<p class=\"\" data-start=\"2099\" data-end=\"2422\">El <strong data-start=\"2102\" data-end=\"2126\">Rollo de Papel Kraft<\/strong> es la elecci\u00f3n preferida por empresas que desean ofrecer soluciones de embalaje robustas, econ\u00f3micas y respetuosas con el medio ambiente. Ya sea que est\u00e9s enviando productos fr\u00e1giles, realizando manualidades o buscando una opci\u00f3n para tu negocio, nuestro papel Kraft cubre todas tus necesidades.<\/p>\n<hr class=\"\" data-start=\"2424\" data-end=\"2427\" \/>\n<h3 class=\"\" data-start=\"2429\" data-end=\"2507\"><strong data-start=\"2433\" data-end=\"2507\">Optima Protecci\u00f3n y Empaque Ecol\u00f3gico con Nuestro Rollo de Papel Kraft<\/strong><\/h3>\n<p class=\"\" data-start=\"2509\" data-end=\"2734\">No arriesgues la calidad de tu empaque ni el medio ambiente. Opta por el <strong data-start=\"2582\" data-end=\"2606\">Rollo de Papel Kraft<\/strong>, la mejor opci\u00f3n en protecci\u00f3n, resistencia y sostenibilidad. \u00a1Haz tu pedido hoy mismo y lleva tus empaques al siguiente nivel!<\/p>\n\n\t\t<\/div>\n\t\t\t\t\t<\/div>\n\n\t\n\n<\/div>\n\n\t\t<\/div>\n\t\t\t\t\t<\/div>\n\n\t\n\n<\/div>\n\n","protected":false},"excerpt":{"rendered":"","protected":false},"author":1,"featured_media":0,"parent":0,"menu_order":0,"comment_status":"closed","ping_status":"closed","template":"","meta":{"_joinchat":[],"footnotes":""},"class_list":["post-861","page","type-page","status-publish","hentry"],"yoast_head":"<!-- This site is optimized with the Yoast SEO Premium plugin v24.6 (Yoast SEO v27.1.1) - https:\/\/yoast.com\/product\/yoast-seo-premium-wordpress\/ -->\n<title>ROLLO DE PAPEL KRAFT - Corporaci&oacute;n Four Global<\/title>\n<meta name=\"robots\" content=\"index, follow, max-snippet:-1, max-image-preview:large, max-video-preview:-1\" \/>\n<link rel=\"canonical\" href=\"https:\/\/www.corporacionfourglobal.com\/tienda\/rollo-de-papel-kraft\/\" \/>\n<meta property=\"og:locale\" content=\"es_ES\" \/>\n<meta property=\"og:type\" content=\"article\" \/>\n<meta property=\"og:title\" content=\"ROLLO DE PAPEL KRAFT\" \/>\n<meta property=\"og:url\" content=\"https:\/\/www.corporacionfourglobal.com\/tienda\/rollo-de-papel-kraft\/\" \/>\n<meta property=\"og:site_name\" content=\"Corporaci&oacute;n Four Global\" \/>\n<meta property=\"article:publisher\" content=\"https:\/\/www.facebook.com\/people\/CorporaciC3B3n-Four-Global\/100075753681876\/\" \/>\n<meta property=\"article:modified_time\" content=\"2025-03-26T00:49:46+00:00\" \/>\n<meta name=\"twitter:card\" content=\"summary_large_image\" \/>\n<script type=\"application\/ld+json\" class=\"yoast-schema-graph\">{\"@context\":\"https:\/\/schema.org\",\"@graph\":[{\"@type\":\"WebPage\",\"@id\":\"https:\/\/www.corporacionfourglobal.com\/tienda\/rollo-de-papel-kraft\/\",\"url\":\"https:\/\/www.corporacionfourglobal.com\/tienda\/rollo-de-papel-kraft\/\",\"name\":\"ROLLO DE PAPEL KRAFT - Corporaci&oacute;n Four Global\",\"isPartOf\":{\"@id\":\"https:\/\/www.corporacionfourglobal.com\/tienda\/#website\"},\"datePublished\":\"2023-04-29T00:31:49+00:00\",\"dateModified\":\"2025-03-26T00:49:46+00:00\",\"breadcrumb\":{\"@id\":\"https:\/\/www.corporacionfourglobal.com\/tienda\/rollo-de-papel-kraft\/#breadcrumb\"},\"inLanguage\":\"es\",\"potentialAction\":[{\"@type\":\"ReadAction\",\"target\":[\"https:\/\/www.corporacionfourglobal.com\/tienda\/rollo-de-papel-kraft\/\"]}]},{\"@type\":\"BreadcrumbList\",\"@id\":\"https:\/\/www.corporacionfourglobal.com\/tienda\/rollo-de-papel-kraft\/#breadcrumb\",\"itemListElement\":[{\"@type\":\"ListItem\",\"position\":1,\"name\":\"Portada\",\"item\":\"https:\/\/www.corporacionfourglobal.com\/tienda\/\"},{\"@type\":\"ListItem\",\"position\":2,\"name\":\"ROLLO DE PAPEL KRAFT\"}]},{\"@type\":\"WebSite\",\"@id\":\"https:\/\/www.corporacionfourglobal.com\/tienda\/#website\",\"url\":\"https:\/\/www.corporacionfourglobal.com\/tienda\/\",\"name\":\"Corporaci\u00f3n Four Global\",\"description\":\"Veloces, Confiables y Eficientes\",\"publisher\":{\"@id\":\"https:\/\/www.corporacionfourglobal.com\/tienda\/#organization\"},\"potentialAction\":[{\"@type\":\"SearchAction\",\"target\":{\"@type\":\"EntryPoint\",\"urlTemplate\":\"https:\/\/www.corporacionfourglobal.com\/tienda\/?s={search_term_string}\"},\"query-input\":{\"@type\":\"PropertyValueSpecification\",\"valueRequired\":true,\"valueName\":\"search_term_string\"}}],\"inLanguage\":\"es\"},{\"@type\":\"Organization\",\"@id\":\"https:\/\/www.corporacionfourglobal.com\/tienda\/#organization\",\"name\":\"Corporaci\u00f3n Four Global\",\"url\":\"https:\/\/www.corporacionfourglobal.com\/tienda\/\",\"logo\":{\"@type\":\"ImageObject\",\"inLanguage\":\"es\",\"@id\":\"https:\/\/www.corporacionfourglobal.com\/tienda\/#\/schema\/logo\/image\/\",\"url\":\"https:\/\/www.corporacionfourglobal.com\/tienda\/wp-content\/uploads\/2021\/10\/logo-web-2.jpg\",\"contentUrl\":\"https:\/\/www.corporacionfourglobal.com\/tienda\/wp-content\/uploads\/2021\/10\/logo-web-2.jpg\",\"width\":500,\"height\":500,\"caption\":\"Corporaci\u00f3n Four Global\"},\"image\":{\"@id\":\"https:\/\/www.corporacionfourglobal.com\/tienda\/#\/schema\/logo\/image\/\"},\"sameAs\":[\"https:\/\/www.facebook.com\/people\/CorporaciC3B3n-Four-Global\/100075753681876\/\",\"https:\/\/www.instagram.com\/fourglobal2021\/\"]}]}<\/script>\n<!-- \/ Yoast SEO Premium plugin. -->","yoast_head_json":{"title":"ROLLO DE PAPEL KRAFT - Corporaci&oacute;n Four Global","robots":{"index":"index","follow":"follow","max-snippet":"max-snippet:-1","max-image-preview":"max-image-preview:large","max-video-preview":"max-video-preview:-1"},"canonical":"https:\/\/www.corporacionfourglobal.com\/tienda\/rollo-de-papel-kraft\/","og_locale":"es_ES","og_type":"article","og_title":"ROLLO DE PAPEL KRAFT","og_url":"https:\/\/www.corporacionfourglobal.com\/tienda\/rollo-de-papel-kraft\/","og_site_name":"Corporaci&oacute;n Four Global","article_publisher":"https:\/\/www.facebook.com\/people\/CorporaciC3B3n-Four-Global\/100075753681876\/","article_modified_time":"2025-03-26T00:49:46+00:00","twitter_card":"summary_large_image","schema":{"@context":"https:\/\/schema.org","@graph":[{"@type":"WebPage","@id":"https:\/\/www.corporacionfourglobal.com\/tienda\/rollo-de-papel-kraft\/","url":"https:\/\/www.corporacionfourglobal.com\/tienda\/rollo-de-papel-kraft\/","name":"ROLLO DE PAPEL KRAFT - Corporaci&oacute;n Four Global","isPartOf":{"@id":"https:\/\/www.corporacionfourglobal.com\/tienda\/#website"},"datePublished":"2023-04-29T00:31:49+00:00","dateModified":"2025-03-26T00:49:46+00:00","breadcrumb":{"@id":"https:\/\/www.corporacionfourglobal.com\/tienda\/rollo-de-papel-kraft\/#breadcrumb"},"inLanguage":"es","potentialAction":[{"@type":"ReadAction","target":["https:\/\/www.corporacionfourglobal.com\/tienda\/rollo-de-papel-kraft\/"]}]},{"@type":"BreadcrumbList","@id":"https:\/\/www.corporacionfourglobal.com\/tienda\/rollo-de-papel-kraft\/#breadcrumb","itemListElement":[{"@type":"ListItem","position":1,"name":"Portada","item":"https:\/\/www.corporacionfourglobal.com\/tienda\/"},{"@type":"ListItem","position":2,"name":"ROLLO DE PAPEL KRAFT"}]},{"@type":"WebSite","@id":"https:\/\/www.corporacionfourglobal.com\/tienda\/#website","url":"https:\/\/www.corporacionfourglobal.com\/tienda\/","name":"Corporaci\u00f3n Four Global","description":"Veloces, Confiables y Eficientes","publisher":{"@id":"https:\/\/www.corporacionfourglobal.com\/tienda\/#organization"},"potentialAction":[{"@type":"SearchAction","target":{"@type":"EntryPoint","urlTemplate":"https:\/\/www.corporacionfourglobal.com\/tienda\/?s={search_term_string}"},"query-input":{"@type":"PropertyValueSpecification","valueRequired":true,"valueName":"search_term_string"}}],"inLanguage":"es"},{"@type":"Organization","@id":"https:\/\/www.corporacionfourglobal.com\/tienda\/#organization","name":"Corporaci\u00f3n Four Global","url":"https:\/\/www.corporacionfourglobal.com\/tienda\/","logo":{"@type":"ImageObject","inLanguage":"es","@id":"https:\/\/www.corporacionfourglobal.com\/tienda\/#\/schema\/logo\/image\/","url":"https:\/\/www.corporacionfourglobal.com\/tienda\/wp-content\/uploads\/2021\/10\/logo-web-2.jpg","contentUrl":"https:\/\/www.corporacionfourglobal.com\/tienda\/wp-content\/uploads\/2021\/10\/logo-web-2.jpg","width":500,"height":500,"caption":"Corporaci\u00f3n Four Global"},"image":{"@id":"https:\/\/www.corporacionfourglobal.com\/tienda\/#\/schema\/logo\/image\/"},"sameAs":["https:\/\/www.facebook.com\/people\/CorporaciC3B3n-Four-Global\/100075753681876\/","https:\/\/www.instagram.com\/fourglobal2021\/"]}]}},"_links":{"self":[{"href":"https:\/\/www.corporacionfourglobal.com\/tienda\/wp-json\/wp\/v2\/pages\/861","targetHints":{"allow":["GET"]}}],"collection":[{"href":"https:\/\/www.corporacionfourglobal.com\/tienda\/wp-json\/wp\/v2\/pages"}],"about":[{"href":"https:\/\/www.corporacionfourglobal.com\/tienda\/wp-json\/wp\/v2\/types\/page"}],"author":[{"embeddable":true,"href":"https:\/\/www.corporacionfourglobal.com\/tienda\/wp-json\/wp\/v2\/users\/1"}],"replies":[{"embeddable":true,"href":"https:\/\/www.corporacionfourglobal.com\/tienda\/wp-json\/wp\/v2\/comments?post=861"}],"version-history":[{"count":1,"href":"https:\/\/www.corporacionfourglobal.com\/tienda\/wp-json\/wp\/v2\/pages\/861\/revisions"}],"predecessor-version":[{"id":1033,"href":"https:\/\/www.corporacionfourglobal.com\/tienda\/wp-json\/wp\/v2\/pages\/861\/revisions\/1033"}],"wp:attachment":[{"href":"https:\/\/www.corporacionfourglobal.com\/tienda\/wp-json\/wp\/v2\/media?parent=861"}],"curies":[{"name":"wp","href":"https:\/\/api.w.org\/{rel}","templated":true}]}}