{"id":840,"date":"2023-04-28T20:48:53","date_gmt":"2023-04-28T20:48:53","guid":{"rendered":"https:\/\/www.corporacionfourglobal.com\/tienda\/?page_id=840"},"modified":"2025-03-26T00:11:03","modified_gmt":"2025-03-26T00:11:03","slug":"pelicula-stretch-de-color","status":"publish","type":"page","link":"https:\/\/www.corporacionfourglobal.com\/tienda\/pelicula-stretch-de-color\/","title":{"rendered":"PELICULA STRETCH DE COLOR"},"content":{"rendered":"\n\n  <div class=\"banner has-hover\" id=\"banner-1771948939\">\n          <div class=\"banner-inner fill\">\n        <div class=\"banner-bg fill\" >\n            <img loading=\"lazy\" decoding=\"async\" width=\"1020\" height=\"390\" src=\"https:\/\/www.corporacionfourglobal.com\/tienda\/wp-content\/uploads\/2023\/04\/Pelicula-strech-color.jpg\" class=\"bg attachment-large size-large\" alt=\"\" \/>                                    \n                    <\/div>\n\t\t\n        <div class=\"banner-layers container\">\n            <div class=\"fill banner-link\"><\/div>            \n\n   <div id=\"text-box-1371849603\" class=\"text-box banner-layer x50 md-x50 lg-x50 y50 md-y50 lg-y50 res-text\">\n                                <div class=\"text-box-content text dark\">\n              \n              <div class=\"text-inner text-center\">\n                  \n\n\n              <\/div>\n           <\/div>\n                            \n<style>\n#text-box-1371849603 {\n  width: 60%;\n}\n#text-box-1371849603 .text-box-content {\n  font-size: 100%;\n}\n<\/style>\n    <\/div>\n \n\n        <\/div>\n      <\/div>\n\n            \n<style>\n#banner-1771948939 {\n  padding-top: 400px;\n}\n<\/style>\n  <\/div>\n\n\n<div class=\"row\"  id=\"row-14611253\">\n\n\n\t<div id=\"col-1137555428\" class=\"col small-12 large-12\"  >\n\t\t\t\t<div class=\"col-inner\"  >\n\t\t\t\n\t\t\t\n\n\t<div id=\"text-2412777226\" class=\"text\">\n\t\t\n\n<h2 align=\"center\"> PEL\u00cdCULA ESTIRABLE DE COLOR <\/h2>\n<p> Pel\u00edcula estirable transparente compuesta de polietileno de baja densidad que ofrece una gran flexibilidad. Es uno de los productos de embalaje mas importantes a la hora de fijar y asegurar una carga en un palet.<\/p>\n\t\t\n<style>\n#text-2412777226 {\n  text-align: center;\n}\n<\/style>\n\t<\/div>\n\t\n<div class=\"row\"  id=\"row-965396996\">\n\n\n\t<div id=\"col-1135982660\" class=\"col small-12 large-12\"  >\n\t\t\t\t<div class=\"col-inner\"  >\n\t\t\t\n\t\t\t\n\n\n\n<table width=\"100%\" border=\"0\" class=\"table-rwd\">\n  <tbody>\n\n<tr>\n\n <td><strong>DESCRIPCI\u00d3N<\/strong><\/td>\n      <td><strong>COLOR<\/strong><\/td>\n\n\n    <\/tr>\n    \t\t\t\n<tr>\n<td> Material ideal para inmovilizar mercanc\u00eda o productos, adem\u00e1s de protegerlos de la humedad y el polvo.<\/td>\n<td> \nAMARILLO\/\nAZUL\/\nNARANJA\/\nNEGRO\/\nROJO\/\nROSA\/\nVERDE <\/td>\n\n\n\n\t\n\t<\/tr>\n\n    \n  <\/tbody>\n<\/table>\n\n<p data-pm-slice=\"1 1 &#091;&#093;\"><strong>PEL\u00cdCULA ESTIRABLE DE COLOR \u2013 IDENTIFICACI\u00d3N Y SEGURIDAD PARA TU EMBALAJE<\/strong><\/p>\n<h3>Diferenciaci\u00f3n y Protecci\u00f3n en un Solo Producto<\/h3>\n<p>Ofrecemos <strong>pel\u00edcula estirable de color<\/strong> de alta calidad, ideal para identificar, organizar y proteger tu mercanc\u00eda. Su alta resistencia y versatilidad la convierten en la mejor opci\u00f3n para sectores log\u00edsticos, industriales y comerciales.<\/p>\n<p data-pm-slice=\"1 1 &#091;&#093;\">\u2714 <strong>Variedad de Colores:<\/strong> Disponible en diferentes tonalidades para facilitar la clasificaci\u00f3n de productos.<br \/>\u2714 <strong>Alta Resistencia y Flexibilidad:<\/strong> Mantiene la carga segura durante el almacenamiento y transporte.<br \/>\u2714 <strong>Mayor Seguridad:<\/strong> Protege contra la manipulaci\u00f3n indebida y brinda mayor privacidad.<br \/>\u2714 <strong>Uso Manual y Autom\u00e1tico:<\/strong> Compatible con dispensadores y m\u00e1quinas envolvedoras.<br \/>\u2714 <strong>Entrega Inmediata:<\/strong> Stock disponible para garantizar rapidez en tus env\u00edos.<\/p>\n<h2 data-pm-slice=\"1 3 &#091;&#093;\">Beneficios de Nuestra Pel\u00edcula Estirable de Color<\/h2>\n<ul data-spread=\"false\">\n<li>\n<p><strong>Organizaci\u00f3n Eficiente:<\/strong> Facilita la identificaci\u00f3n de productos por color.<\/p>\n<\/li>\n<li>\n<p><strong>Protecci\u00f3n Extra:<\/strong> Resguarda contra polvo, humedad y da\u00f1os externos.<\/p>\n<\/li>\n<li>\n<p><strong>Mayor Discreci\u00f3n:<\/strong> Ideal para env\u00edos sensibles que requieren privacidad.<\/p>\n<\/li>\n<li>\n<p><strong>Aplicaci\u00f3n Vers\u00e1til:<\/strong> Perfecta para embalajes en log\u00edstica, retail, almacenamiento y m\u00e1s.<\/p>\n<\/li>\n<\/ul>\n<h2 data-pm-slice=\"1 1 &#091;&#093;\">Confianza y Calidad en Cada Aplicaci\u00f3n<\/h2>\n<p>Nuestra <strong>pel\u00edcula estirable de color<\/strong> cumple con los m\u00e1s altos est\u00e1ndares de calidad, brindando una soluci\u00f3n confiable y eficiente para el embalaje y clasificaci\u00f3n de mercanc\u00eda.<\/p>\n<h3 data-pm-slice=\"1 1 &#091;&#093;\">\u00a1Optimiza tu Embalaje con la Mejor Soluci\u00f3n en Color!<\/h3>\n<p>Dale un valor agregado a tu log\u00edstica con nuestra <strong>pel\u00edcula estirable de color<\/strong> de alto rendimiento.<\/p>\n<p><strong>Cont\u00e1ctanos hoy mismo<\/strong> y recibe asesor\u00eda personalizada para encontrar la mejor opci\u00f3n para tu negocio.<\/p>\n\n\t\t<\/div>\n\t\t\t\t\t<\/div>\n\n\t\n\n<\/div>\n\n\t\t<\/div>\n\t\t\t\t\t<\/div>\n\n\t\n\n<\/div>\n\n","protected":false},"excerpt":{"rendered":"","protected":false},"author":1,"featured_media":0,"parent":0,"menu_order":0,"comment_status":"closed","ping_status":"closed","template":"","meta":{"_joinchat":[],"footnotes":""},"class_list":["post-840","page","type-page","status-publish","hentry"],"yoast_head":"<!-- This site is optimized with the Yoast SEO Premium plugin v24.6 (Yoast SEO v27.1.1) - https:\/\/yoast.com\/product\/yoast-seo-premium-wordpress\/ -->\n<title>PELICULA STRETCH DE COLOR - Corporaci&oacute;n Four Global<\/title>\n<meta name=\"robots\" content=\"index, follow, max-snippet:-1, max-image-preview:large, max-video-preview:-1\" \/>\n<link rel=\"canonical\" href=\"https:\/\/www.corporacionfourglobal.com\/tienda\/pelicula-stretch-de-color\/\" \/>\n<meta property=\"og:locale\" content=\"es_ES\" \/>\n<meta property=\"og:type\" content=\"article\" \/>\n<meta property=\"og:title\" content=\"PELICULA STRETCH DE COLOR\" \/>\n<meta property=\"og:url\" content=\"https:\/\/www.corporacionfourglobal.com\/tienda\/pelicula-stretch-de-color\/\" \/>\n<meta property=\"og:site_name\" content=\"Corporaci&oacute;n Four Global\" \/>\n<meta property=\"article:publisher\" content=\"https:\/\/www.facebook.com\/people\/CorporaciC3B3n-Four-Global\/100075753681876\/\" \/>\n<meta property=\"article:modified_time\" content=\"2025-03-26T00:11:03+00:00\" \/>\n<meta name=\"twitter:card\" content=\"summary_large_image\" \/>\n<script type=\"application\/ld+json\" class=\"yoast-schema-graph\">{\"@context\":\"https:\/\/schema.org\",\"@graph\":[{\"@type\":\"WebPage\",\"@id\":\"https:\/\/www.corporacionfourglobal.com\/tienda\/pelicula-stretch-de-color\/\",\"url\":\"https:\/\/www.corporacionfourglobal.com\/tienda\/pelicula-stretch-de-color\/\",\"name\":\"PELICULA STRETCH DE COLOR - Corporaci&oacute;n Four Global\",\"isPartOf\":{\"@id\":\"https:\/\/www.corporacionfourglobal.com\/tienda\/#website\"},\"datePublished\":\"2023-04-28T20:48:53+00:00\",\"dateModified\":\"2025-03-26T00:11:03+00:00\",\"breadcrumb\":{\"@id\":\"https:\/\/www.corporacionfourglobal.com\/tienda\/pelicula-stretch-de-color\/#breadcrumb\"},\"inLanguage\":\"es\",\"potentialAction\":[{\"@type\":\"ReadAction\",\"target\":[\"https:\/\/www.corporacionfourglobal.com\/tienda\/pelicula-stretch-de-color\/\"]}]},{\"@type\":\"BreadcrumbList\",\"@id\":\"https:\/\/www.corporacionfourglobal.com\/tienda\/pelicula-stretch-de-color\/#breadcrumb\",\"itemListElement\":[{\"@type\":\"ListItem\",\"position\":1,\"name\":\"Portada\",\"item\":\"https:\/\/www.corporacionfourglobal.com\/tienda\/\"},{\"@type\":\"ListItem\",\"position\":2,\"name\":\"PELICULA STRETCH DE COLOR\"}]},{\"@type\":\"WebSite\",\"@id\":\"https:\/\/www.corporacionfourglobal.com\/tienda\/#website\",\"url\":\"https:\/\/www.corporacionfourglobal.com\/tienda\/\",\"name\":\"Corporaci\u00f3n Four Global\",\"description\":\"Veloces, Confiables y Eficientes\",\"publisher\":{\"@id\":\"https:\/\/www.corporacionfourglobal.com\/tienda\/#organization\"},\"potentialAction\":[{\"@type\":\"SearchAction\",\"target\":{\"@type\":\"EntryPoint\",\"urlTemplate\":\"https:\/\/www.corporacionfourglobal.com\/tienda\/?s={search_term_string}\"},\"query-input\":{\"@type\":\"PropertyValueSpecification\",\"valueRequired\":true,\"valueName\":\"search_term_string\"}}],\"inLanguage\":\"es\"},{\"@type\":\"Organization\",\"@id\":\"https:\/\/www.corporacionfourglobal.com\/tienda\/#organization\",\"name\":\"Corporaci\u00f3n Four Global\",\"url\":\"https:\/\/www.corporacionfourglobal.com\/tienda\/\",\"logo\":{\"@type\":\"ImageObject\",\"inLanguage\":\"es\",\"@id\":\"https:\/\/www.corporacionfourglobal.com\/tienda\/#\/schema\/logo\/image\/\",\"url\":\"https:\/\/www.corporacionfourglobal.com\/tienda\/wp-content\/uploads\/2021\/10\/logo-web-2.jpg\",\"contentUrl\":\"https:\/\/www.corporacionfourglobal.com\/tienda\/wp-content\/uploads\/2021\/10\/logo-web-2.jpg\",\"width\":500,\"height\":500,\"caption\":\"Corporaci\u00f3n Four Global\"},\"image\":{\"@id\":\"https:\/\/www.corporacionfourglobal.com\/tienda\/#\/schema\/logo\/image\/\"},\"sameAs\":[\"https:\/\/www.facebook.com\/people\/CorporaciC3B3n-Four-Global\/100075753681876\/\",\"https:\/\/www.instagram.com\/fourglobal2021\/\"]}]}<\/script>\n<!-- \/ Yoast SEO Premium plugin. -->","yoast_head_json":{"title":"PELICULA STRETCH DE COLOR - Corporaci&oacute;n Four Global","robots":{"index":"index","follow":"follow","max-snippet":"max-snippet:-1","max-image-preview":"max-image-preview:large","max-video-preview":"max-video-preview:-1"},"canonical":"https:\/\/www.corporacionfourglobal.com\/tienda\/pelicula-stretch-de-color\/","og_locale":"es_ES","og_type":"article","og_title":"PELICULA STRETCH DE COLOR","og_url":"https:\/\/www.corporacionfourglobal.com\/tienda\/pelicula-stretch-de-color\/","og_site_name":"Corporaci&oacute;n Four Global","article_publisher":"https:\/\/www.facebook.com\/people\/CorporaciC3B3n-Four-Global\/100075753681876\/","article_modified_time":"2025-03-26T00:11:03+00:00","twitter_card":"summary_large_image","schema":{"@context":"https:\/\/schema.org","@graph":[{"@type":"WebPage","@id":"https:\/\/www.corporacionfourglobal.com\/tienda\/pelicula-stretch-de-color\/","url":"https:\/\/www.corporacionfourglobal.com\/tienda\/pelicula-stretch-de-color\/","name":"PELICULA STRETCH DE COLOR - Corporaci&oacute;n Four Global","isPartOf":{"@id":"https:\/\/www.corporacionfourglobal.com\/tienda\/#website"},"datePublished":"2023-04-28T20:48:53+00:00","dateModified":"2025-03-26T00:11:03+00:00","breadcrumb":{"@id":"https:\/\/www.corporacionfourglobal.com\/tienda\/pelicula-stretch-de-color\/#breadcrumb"},"inLanguage":"es","potentialAction":[{"@type":"ReadAction","target":["https:\/\/www.corporacionfourglobal.com\/tienda\/pelicula-stretch-de-color\/"]}]},{"@type":"BreadcrumbList","@id":"https:\/\/www.corporacionfourglobal.com\/tienda\/pelicula-stretch-de-color\/#breadcrumb","itemListElement":[{"@type":"ListItem","position":1,"name":"Portada","item":"https:\/\/www.corporacionfourglobal.com\/tienda\/"},{"@type":"ListItem","position":2,"name":"PELICULA STRETCH DE COLOR"}]},{"@type":"WebSite","@id":"https:\/\/www.corporacionfourglobal.com\/tienda\/#website","url":"https:\/\/www.corporacionfourglobal.com\/tienda\/","name":"Corporaci\u00f3n Four Global","description":"Veloces, Confiables y Eficientes","publisher":{"@id":"https:\/\/www.corporacionfourglobal.com\/tienda\/#organization"},"potentialAction":[{"@type":"SearchAction","target":{"@type":"EntryPoint","urlTemplate":"https:\/\/www.corporacionfourglobal.com\/tienda\/?s={search_term_string}"},"query-input":{"@type":"PropertyValueSpecification","valueRequired":true,"valueName":"search_term_string"}}],"inLanguage":"es"},{"@type":"Organization","@id":"https:\/\/www.corporacionfourglobal.com\/tienda\/#organization","name":"Corporaci\u00f3n Four Global","url":"https:\/\/www.corporacionfourglobal.com\/tienda\/","logo":{"@type":"ImageObject","inLanguage":"es","@id":"https:\/\/www.corporacionfourglobal.com\/tienda\/#\/schema\/logo\/image\/","url":"https:\/\/www.corporacionfourglobal.com\/tienda\/wp-content\/uploads\/2021\/10\/logo-web-2.jpg","contentUrl":"https:\/\/www.corporacionfourglobal.com\/tienda\/wp-content\/uploads\/2021\/10\/logo-web-2.jpg","width":500,"height":500,"caption":"Corporaci\u00f3n Four Global"},"image":{"@id":"https:\/\/www.corporacionfourglobal.com\/tienda\/#\/schema\/logo\/image\/"},"sameAs":["https:\/\/www.facebook.com\/people\/CorporaciC3B3n-Four-Global\/100075753681876\/","https:\/\/www.instagram.com\/fourglobal2021\/"]}]}},"_links":{"self":[{"href":"https:\/\/www.corporacionfourglobal.com\/tienda\/wp-json\/wp\/v2\/pages\/840","targetHints":{"allow":["GET"]}}],"collection":[{"href":"https:\/\/www.corporacionfourglobal.com\/tienda\/wp-json\/wp\/v2\/pages"}],"about":[{"href":"https:\/\/www.corporacionfourglobal.com\/tienda\/wp-json\/wp\/v2\/types\/page"}],"author":[{"embeddable":true,"href":"https:\/\/www.corporacionfourglobal.com\/tienda\/wp-json\/wp\/v2\/users\/1"}],"replies":[{"embeddable":true,"href":"https:\/\/www.corporacionfourglobal.com\/tienda\/wp-json\/wp\/v2\/comments?post=840"}],"version-history":[{"count":1,"href":"https:\/\/www.corporacionfourglobal.com\/tienda\/wp-json\/wp\/v2\/pages\/840\/revisions"}],"predecessor-version":[{"id":1023,"href":"https:\/\/www.corporacionfourglobal.com\/tienda\/wp-json\/wp\/v2\/pages\/840\/revisions\/1023"}],"wp:attachment":[{"href":"https:\/\/www.corporacionfourglobal.com\/tienda\/wp-json\/wp\/v2\/media?parent=840"}],"curies":[{"name":"wp","href":"https:\/\/api.w.org\/{rel}","templated":true}]}}