{"id":837,"date":"2023-04-28T20:25:34","date_gmt":"2023-04-28T20:25:34","guid":{"rendered":"https:\/\/www.corporacionfourglobal.com\/tienda\/?page_id=837"},"modified":"2025-03-26T00:34:54","modified_gmt":"2025-03-26T00:34:54","slug":"polifoam","status":"publish","type":"page","link":"https:\/\/www.corporacionfourglobal.com\/tienda\/polifoam\/","title":{"rendered":"POLIFOAM"},"content":{"rendered":"\n\n  <div class=\"banner has-hover\" id=\"banner-543117947\">\n          <div class=\"banner-inner fill\">\n        <div class=\"banner-bg fill\" >\n            <img loading=\"lazy\" decoding=\"async\" width=\"1020\" height=\"390\" src=\"https:\/\/www.corporacionfourglobal.com\/tienda\/wp-content\/uploads\/2023\/04\/polifoam-1.jpg\" class=\"bg attachment-large size-large\" alt=\"\" \/>                                    \n                    <\/div>\n\t\t\n        <div class=\"banner-layers container\">\n            <div class=\"fill banner-link\"><\/div>            \n\n   <div id=\"text-box-1250262273\" class=\"text-box banner-layer x50 md-x50 lg-x50 y50 md-y50 lg-y50 res-text\">\n                                <div class=\"text-box-content text dark\">\n              \n              <div class=\"text-inner text-center\">\n                  \n\n\n              <\/div>\n           <\/div>\n                            \n<style>\n#text-box-1250262273 {\n  width: 60%;\n}\n#text-box-1250262273 .text-box-content {\n  font-size: 100%;\n}\n<\/style>\n    <\/div>\n \n\n        <\/div>\n      <\/div>\n\n            \n<style>\n#banner-543117947 {\n  padding-top: 400px;\n}\n<\/style>\n  <\/div>\n\n\n<div class=\"row\"  id=\"row-344678894\">\n\n\n\t<div id=\"col-318569573\" class=\"col medium-4 small-12 large-4\"  >\n\t\t\t\t<div class=\"col-inner\"  >\n\t\t\t\n\t\t\t\n\n\n\t\t<\/div>\n\t\t\t\t\t<\/div>\n\n\t\n\n\t<div id=\"col-711572855\" class=\"col small-12 large-12\"  >\n\t\t\t\t<div class=\"col-inner\"  >\n\t\t\t\n\t\t\t\n\n\t<div id=\"text-2353307520\" class=\"text\">\n\t\t\n\n<h2 align=\"center\"> POLIFOAM <\/h2>\n<p>Polifoam o Foam de Polietileno, es un rollo de espuma que se utiliza para la protecci\u00f3n de golpes, vibraci\u00f3n e impactos de un producto \u00f3 material al momento de su traslado.<\/p>\n\t\t\n<style>\n#text-2353307520 {\n  text-align: center;\n}\n<\/style>\n\t<\/div>\n\t\n<div class=\"row\"  id=\"row-1044043967\">\n\n\n\t<div id=\"col-2108471352\" class=\"col small-12 large-12\"  >\n\t\t\t\t<div class=\"col-inner\"  >\n\t\t\t\n\t\t\t\n\n\n\n<table width=\"100%\" border=\"0\" class=\"table-rwd\">\n  <tbody>\n\n<tr>\n\n <td><strong>DESCRIPCI\u00d3N<\/strong><\/td>\n<td><strong>PRESENTACI\u00d3N<\/strong><\/td>\n      <td><strong>ESPESOR<\/strong><\/td>\n<td><strong>ANCHO<\/strong><\/td>\n<td><strong>LARGO<\/strong><\/td>\n\n    <\/tr>\n    \t\t\t\n<tr>\n<td> MATERIAL IDEAL PARA LA PROTECCI\u00d3N DE GOLPES, VIBRACIONES E IMPACTOS DE UN PRODUCTO, LIGERO Y FLEXIBLE. DIFERENTES CALIBRES Y DENSIDADES. RESISTENTE A LA HUMEDAD<\/td>\n<td> 1\/4&#8243;<br> 1\/8&#8243;<br> 3\/32&#8243; <br>1\/16&#8243;<br> 1\/32&#8243; <\/td>\n<td> 6MM<br> 3MM<br> 2.4MM 1.5MM<br> 0.8MM <\/td>\n\t\n<td>2M<br>2M<br>2M<br>2M<br>2M <\/td>\n<td>55M<br>105M<br>140M<br>210M<br>315M <\/td>\n\n\t\n\t<\/tr>\n\n    \n  <\/tbody>\n<\/table>\n\n<p data-pm-slice=\"1 1 &#091;&#093;\"><strong>POLIFOAM \u2013 PROTECCI\u00d3N SUPERIOR PARA TUS PRODUCTOS<\/strong><\/p>\n<h3>La Mejor Soluci\u00f3n en Aislamiento y Amortiguaci\u00f3n<\/h3>\n<p>Ofrecemos <strong>polifoam<\/strong> de alta calidad, dise\u00f1ado para brindar protecci\u00f3n, amortiguaci\u00f3n y aislamiento en una amplia variedad de aplicaciones. Su estructura ligera y flexible lo hace ideal para embalaje, construcci\u00f3n y m\u00e1s.<\/p>\n<p data-pm-slice=\"1 1 &#091;&#093;\">\u2714 <strong>Alta Absorci\u00f3n de Impactos:<\/strong> Protege productos fr\u00e1giles contra golpes y vibraciones.<br \/>\u2714 <strong>Aislamiento T\u00e9rmico y Ac\u00fastico:<\/strong> Ideal para aplicaciones en construcci\u00f3n y embalaje.<br \/>\u2714 <strong>Material Liviano y Flexible:<\/strong> F\u00e1cil de manipular y adaptar a diferentes usos.<br \/>\u2714 <strong>Resistente a la Humedad y Qu\u00edmicos:<\/strong> Protege contra factores externos que puedan da\u00f1ar la mercanc\u00eda.<br \/>\u2714 <strong>Disponibilidad Inmediata:<\/strong> Stock permanente y entrega r\u00e1pida para garantizar eficiencia operativa.<\/p>\n<h2 data-pm-slice=\"1 3 &#091;&#093;\">Beneficios de Nuestro Polifoam<\/h2>\n<ul data-spread=\"false\">\n<li>\n<p><strong>Mayor Protecci\u00f3n:<\/strong> Acolchado eficiente para evitar da\u00f1os en el transporte y almacenamiento.<\/p>\n<\/li>\n<li>\n<p><strong>Versatilidad de Aplicaci\u00f3n:<\/strong> Usos en embalaje, construcci\u00f3n, automoci\u00f3n y m\u00e1s.<\/p>\n<\/li>\n<li>\n<p><strong>Reducci\u00f3n de Costos:<\/strong> Minimiza p\u00e9rdidas por productos da\u00f1ados.<\/p>\n<\/li>\n<li>\n<p><strong>Material 100% Reciclable:<\/strong> Alternativa ecol\u00f3gica para una log\u00edstica sostenible.<\/p>\n<\/li>\n<\/ul>\n<h2 data-pm-slice=\"1 1 &#091;&#093;\">Confianza y Calidad en Cada Aplicaci\u00f3n<\/h2>\n<p>Nuestro <strong>polifoam<\/strong> cumple con los m\u00e1s altos est\u00e1ndares de calidad, proporcionando una soluci\u00f3n confiable para proteger y aislar productos. Con <strong>polifoam<\/strong>, garantizas la seguridad y conservaci\u00f3n de tu mercanc\u00eda en todo momento.<\/p>\n<h3 data-pm-slice=\"1 1 &#091;&#093;\">\u00a1Protege tu Mercanc\u00eda con la Mejor Tecnolog\u00eda en Polifoam!<\/h3>\n<p>Optimiza la seguridad y el aislamiento de tus productos con nuestro <strong>polifoam<\/strong> de alto rendimiento.<\/p>\n<p><strong>Cont\u00e1ctanos hoy mismo<\/strong> y recibe asesor\u00eda personalizada para encontrar la mejor opci\u00f3n para tu negocio.<\/p>\n\n\t\t<\/div>\n\t\t\t\t\t<\/div>\n\n\t\n\n<\/div>\n\n\t\t<\/div>\n\t\t\t\t\t<\/div>\n\n\t\n\n<\/div>\n\n","protected":false},"excerpt":{"rendered":"","protected":false},"author":1,"featured_media":0,"parent":0,"menu_order":0,"comment_status":"closed","ping_status":"closed","template":"","meta":{"_joinchat":[],"footnotes":""},"class_list":["post-837","page","type-page","status-publish","hentry"],"yoast_head":"<!-- This site is optimized with the Yoast SEO Premium plugin v24.6 (Yoast SEO v27.1.1) - https:\/\/yoast.com\/product\/yoast-seo-premium-wordpress\/ -->\n<title>POLIFOAM - Corporaci&oacute;n Four Global<\/title>\n<meta name=\"robots\" content=\"index, follow, max-snippet:-1, max-image-preview:large, max-video-preview:-1\" \/>\n<link rel=\"canonical\" href=\"https:\/\/www.corporacionfourglobal.com\/tienda\/polifoam\/\" \/>\n<meta property=\"og:locale\" content=\"es_ES\" \/>\n<meta property=\"og:type\" content=\"article\" \/>\n<meta property=\"og:title\" content=\"POLIFOAM\" \/>\n<meta property=\"og:url\" content=\"https:\/\/www.corporacionfourglobal.com\/tienda\/polifoam\/\" \/>\n<meta property=\"og:site_name\" content=\"Corporaci&oacute;n Four Global\" \/>\n<meta property=\"article:publisher\" content=\"https:\/\/www.facebook.com\/people\/CorporaciC3B3n-Four-Global\/100075753681876\/\" \/>\n<meta property=\"article:modified_time\" content=\"2025-03-26T00:34:54+00:00\" \/>\n<meta name=\"twitter:card\" content=\"summary_large_image\" \/>\n<script type=\"application\/ld+json\" class=\"yoast-schema-graph\">{\"@context\":\"https:\/\/schema.org\",\"@graph\":[{\"@type\":\"WebPage\",\"@id\":\"https:\/\/www.corporacionfourglobal.com\/tienda\/polifoam\/\",\"url\":\"https:\/\/www.corporacionfourglobal.com\/tienda\/polifoam\/\",\"name\":\"POLIFOAM - Corporaci&oacute;n Four Global\",\"isPartOf\":{\"@id\":\"https:\/\/www.corporacionfourglobal.com\/tienda\/#website\"},\"datePublished\":\"2023-04-28T20:25:34+00:00\",\"dateModified\":\"2025-03-26T00:34:54+00:00\",\"breadcrumb\":{\"@id\":\"https:\/\/www.corporacionfourglobal.com\/tienda\/polifoam\/#breadcrumb\"},\"inLanguage\":\"es\",\"potentialAction\":[{\"@type\":\"ReadAction\",\"target\":[\"https:\/\/www.corporacionfourglobal.com\/tienda\/polifoam\/\"]}]},{\"@type\":\"BreadcrumbList\",\"@id\":\"https:\/\/www.corporacionfourglobal.com\/tienda\/polifoam\/#breadcrumb\",\"itemListElement\":[{\"@type\":\"ListItem\",\"position\":1,\"name\":\"Portada\",\"item\":\"https:\/\/www.corporacionfourglobal.com\/tienda\/\"},{\"@type\":\"ListItem\",\"position\":2,\"name\":\"POLIFOAM\"}]},{\"@type\":\"WebSite\",\"@id\":\"https:\/\/www.corporacionfourglobal.com\/tienda\/#website\",\"url\":\"https:\/\/www.corporacionfourglobal.com\/tienda\/\",\"name\":\"Corporaci\u00f3n Four Global\",\"description\":\"Veloces, Confiables y Eficientes\",\"publisher\":{\"@id\":\"https:\/\/www.corporacionfourglobal.com\/tienda\/#organization\"},\"potentialAction\":[{\"@type\":\"SearchAction\",\"target\":{\"@type\":\"EntryPoint\",\"urlTemplate\":\"https:\/\/www.corporacionfourglobal.com\/tienda\/?s={search_term_string}\"},\"query-input\":{\"@type\":\"PropertyValueSpecification\",\"valueRequired\":true,\"valueName\":\"search_term_string\"}}],\"inLanguage\":\"es\"},{\"@type\":\"Organization\",\"@id\":\"https:\/\/www.corporacionfourglobal.com\/tienda\/#organization\",\"name\":\"Corporaci\u00f3n Four Global\",\"url\":\"https:\/\/www.corporacionfourglobal.com\/tienda\/\",\"logo\":{\"@type\":\"ImageObject\",\"inLanguage\":\"es\",\"@id\":\"https:\/\/www.corporacionfourglobal.com\/tienda\/#\/schema\/logo\/image\/\",\"url\":\"https:\/\/www.corporacionfourglobal.com\/tienda\/wp-content\/uploads\/2021\/10\/logo-web-2.jpg\",\"contentUrl\":\"https:\/\/www.corporacionfourglobal.com\/tienda\/wp-content\/uploads\/2021\/10\/logo-web-2.jpg\",\"width\":500,\"height\":500,\"caption\":\"Corporaci\u00f3n Four Global\"},\"image\":{\"@id\":\"https:\/\/www.corporacionfourglobal.com\/tienda\/#\/schema\/logo\/image\/\"},\"sameAs\":[\"https:\/\/www.facebook.com\/people\/CorporaciC3B3n-Four-Global\/100075753681876\/\",\"https:\/\/www.instagram.com\/fourglobal2021\/\"]}]}<\/script>\n<!-- \/ Yoast SEO Premium plugin. -->","yoast_head_json":{"title":"POLIFOAM - Corporaci&oacute;n Four Global","robots":{"index":"index","follow":"follow","max-snippet":"max-snippet:-1","max-image-preview":"max-image-preview:large","max-video-preview":"max-video-preview:-1"},"canonical":"https:\/\/www.corporacionfourglobal.com\/tienda\/polifoam\/","og_locale":"es_ES","og_type":"article","og_title":"POLIFOAM","og_url":"https:\/\/www.corporacionfourglobal.com\/tienda\/polifoam\/","og_site_name":"Corporaci&oacute;n Four Global","article_publisher":"https:\/\/www.facebook.com\/people\/CorporaciC3B3n-Four-Global\/100075753681876\/","article_modified_time":"2025-03-26T00:34:54+00:00","twitter_card":"summary_large_image","schema":{"@context":"https:\/\/schema.org","@graph":[{"@type":"WebPage","@id":"https:\/\/www.corporacionfourglobal.com\/tienda\/polifoam\/","url":"https:\/\/www.corporacionfourglobal.com\/tienda\/polifoam\/","name":"POLIFOAM - Corporaci&oacute;n Four Global","isPartOf":{"@id":"https:\/\/www.corporacionfourglobal.com\/tienda\/#website"},"datePublished":"2023-04-28T20:25:34+00:00","dateModified":"2025-03-26T00:34:54+00:00","breadcrumb":{"@id":"https:\/\/www.corporacionfourglobal.com\/tienda\/polifoam\/#breadcrumb"},"inLanguage":"es","potentialAction":[{"@type":"ReadAction","target":["https:\/\/www.corporacionfourglobal.com\/tienda\/polifoam\/"]}]},{"@type":"BreadcrumbList","@id":"https:\/\/www.corporacionfourglobal.com\/tienda\/polifoam\/#breadcrumb","itemListElement":[{"@type":"ListItem","position":1,"name":"Portada","item":"https:\/\/www.corporacionfourglobal.com\/tienda\/"},{"@type":"ListItem","position":2,"name":"POLIFOAM"}]},{"@type":"WebSite","@id":"https:\/\/www.corporacionfourglobal.com\/tienda\/#website","url":"https:\/\/www.corporacionfourglobal.com\/tienda\/","name":"Corporaci\u00f3n Four Global","description":"Veloces, Confiables y Eficientes","publisher":{"@id":"https:\/\/www.corporacionfourglobal.com\/tienda\/#organization"},"potentialAction":[{"@type":"SearchAction","target":{"@type":"EntryPoint","urlTemplate":"https:\/\/www.corporacionfourglobal.com\/tienda\/?s={search_term_string}"},"query-input":{"@type":"PropertyValueSpecification","valueRequired":true,"valueName":"search_term_string"}}],"inLanguage":"es"},{"@type":"Organization","@id":"https:\/\/www.corporacionfourglobal.com\/tienda\/#organization","name":"Corporaci\u00f3n Four Global","url":"https:\/\/www.corporacionfourglobal.com\/tienda\/","logo":{"@type":"ImageObject","inLanguage":"es","@id":"https:\/\/www.corporacionfourglobal.com\/tienda\/#\/schema\/logo\/image\/","url":"https:\/\/www.corporacionfourglobal.com\/tienda\/wp-content\/uploads\/2021\/10\/logo-web-2.jpg","contentUrl":"https:\/\/www.corporacionfourglobal.com\/tienda\/wp-content\/uploads\/2021\/10\/logo-web-2.jpg","width":500,"height":500,"caption":"Corporaci\u00f3n Four Global"},"image":{"@id":"https:\/\/www.corporacionfourglobal.com\/tienda\/#\/schema\/logo\/image\/"},"sameAs":["https:\/\/www.facebook.com\/people\/CorporaciC3B3n-Four-Global\/100075753681876\/","https:\/\/www.instagram.com\/fourglobal2021\/"]}]}},"_links":{"self":[{"href":"https:\/\/www.corporacionfourglobal.com\/tienda\/wp-json\/wp\/v2\/pages\/837","targetHints":{"allow":["GET"]}}],"collection":[{"href":"https:\/\/www.corporacionfourglobal.com\/tienda\/wp-json\/wp\/v2\/pages"}],"about":[{"href":"https:\/\/www.corporacionfourglobal.com\/tienda\/wp-json\/wp\/v2\/types\/page"}],"author":[{"embeddable":true,"href":"https:\/\/www.corporacionfourglobal.com\/tienda\/wp-json\/wp\/v2\/users\/1"}],"replies":[{"embeddable":true,"href":"https:\/\/www.corporacionfourglobal.com\/tienda\/wp-json\/wp\/v2\/comments?post=837"}],"version-history":[{"count":1,"href":"https:\/\/www.corporacionfourglobal.com\/tienda\/wp-json\/wp\/v2\/pages\/837\/revisions"}],"predecessor-version":[{"id":1025,"href":"https:\/\/www.corporacionfourglobal.com\/tienda\/wp-json\/wp\/v2\/pages\/837\/revisions\/1025"}],"wp:attachment":[{"href":"https:\/\/www.corporacionfourglobal.com\/tienda\/wp-json\/wp\/v2\/media?parent=837"}],"curies":[{"name":"wp","href":"https:\/\/api.w.org\/{rel}","templated":true}]}}