{"id":833,"date":"2023-04-27T23:56:52","date_gmt":"2023-04-27T23:56:52","guid":{"rendered":"https:\/\/www.corporacionfourglobal.com\/tienda\/?page_id=833"},"modified":"2025-03-25T23:57:13","modified_gmt":"2025-03-25T23:57:13","slug":"grapas-para-fleje-2","status":"publish","type":"page","link":"https:\/\/www.corporacionfourglobal.com\/tienda\/grapas-para-fleje-2\/","title":{"rendered":"GRAPAS PARA FLEJE"},"content":{"rendered":"\n\n  <div class=\"banner has-hover\" id=\"banner-2058905393\">\n          <div class=\"banner-inner fill\">\n        <div class=\"banner-bg fill\" >\n            <img loading=\"lazy\" decoding=\"async\" width=\"1020\" height=\"390\" src=\"https:\/\/www.corporacionfourglobal.com\/tienda\/wp-content\/uploads\/2023\/04\/grapas-para-fleje.jpg\" class=\"bg attachment-large size-large\" alt=\"\" \/>                                    \n                    <\/div>\n\t\t\n        <div class=\"banner-layers container\">\n            <div class=\"fill banner-link\"><\/div>            \n\n   <div id=\"text-box-647220219\" class=\"text-box banner-layer x50 md-x50 lg-x50 y50 md-y50 lg-y50 res-text\">\n                                <div class=\"text-box-content text dark\">\n              \n              <div class=\"text-inner text-center\">\n                  \n\n\n              <\/div>\n           <\/div>\n                            \n<style>\n#text-box-647220219 {\n  width: 60%;\n}\n#text-box-647220219 .text-box-content {\n  font-size: 100%;\n}\n<\/style>\n    <\/div>\n \n\n        <\/div>\n      <\/div>\n\n            \n<style>\n#banner-2058905393 {\n  padding-top: 400px;\n}\n<\/style>\n  <\/div>\n\n\n<div class=\"row\"  id=\"row-592750783\">\n\n\n\t<div id=\"col-1897150350\" class=\"col small-12 large-12\"  >\n\t\t\t\t<div class=\"col-inner\"  >\n\t\t\t\n\t\t\t\n\n\t<div id=\"text-579002594\" class=\"text\">\n\t\t\n\n<h2 align=\"center\"> GRAPAS PARA FLEJE<\/h2>\n<p>Las grapas para fleje se utilizan para sellar el fleje de polipropileno, son ideales para asegurar palets y cajas pesadas<\/p>\n\n\t\t\n<style>\n#text-579002594 {\n  text-align: center;\n}\n<\/style>\n\t<\/div>\n\t\n<div class=\"row\"  id=\"row-1812189163\">\n\n\n\t<div id=\"col-1988378088\" class=\"col small-12 large-12\"  >\n\t\t\t\t<div class=\"col-inner\"  >\n\t\t\t\n\t\t\t\n\n\n\n<table width=\"100%\" border=\"0\" class=\"table-rwd\">\n  <tbody>\n\n<tr>\n\n <td><strong>DESCRIPCI\u00d3N<\/strong><\/td>\n      <td><strong>MEDIDA<\/strong><\/td>\n<td><strong>CANTIDAD<\/strong><\/td>\n<td><strong>MATERIAL<\/strong><\/td>\n\n    <\/tr>\n    \t\t\t\n<tr>\n<td>FABRICADAS DE ACERO GALVANIZADO, GARANTIZANDO UNA ALTA RESISTENCIA DE LAS ATADURAS DE FLEJE<\/td>\n<td> 1\/2 PULGADA <br><\/td>\n<td> 1 MILLAR <br><\/td>\n<td> SELLO MET\u00c1LICO PUNTEADO <br><\/td>\n\n\t\n\n\n\t\n\t<\/tr>\n\n    \n  <\/tbody>\n<\/table>\n\n<p data-pm-slice=\"1 1 &#091;&#093;\"><strong>GRAPAS PARA FLEJE \u2013 SEGURIDAD Y RESISTENCIA EN SUJETADO DE CARGAS<\/strong><\/p>\n<h3>La Mejor Soluci\u00f3n para un Flejado Seguro y Eficiente<\/h3>\n<p>Ofrecemos <strong>grapas para fleje<\/strong> de la m\u00e1s alta calidad, dise\u00f1adas para garantizar un cierre seguro y resistente en cada aplicaci\u00f3n. Nuestra experiencia y tecnolog\u00eda de vanguardia nos permiten brindarte la mejor soluci\u00f3n en el aseguramiento de cargas.<\/p>\n<p data-pm-slice=\"1 1 &#091;&#093;\">\u2714 <strong>M\u00e1xima Resistencia:<\/strong> Nuestras grapas aseguran una sujeci\u00f3n firme en cualquier tipo de fleje: pl\u00e1stico, poli\u00e9ster o acero.<br \/>\u2714 <strong>Variedad de Tama\u00f1os y Materiales:<\/strong> Dise\u00f1adas para diferentes aplicaciones industriales, desde embalajes ligeros hasta cargas pesadas.<br \/>\u2714 <strong>Compatibilidad Universal:<\/strong> Funcionan con diferentes herramientas de flejado manual o autom\u00e1ticas.<br \/>\u2714 <strong>Env\u00edos R\u00e1pidos y Seguros:<\/strong> Entregamos en tiempo r\u00e9cord para que tu producci\u00f3n no se detenga.<\/p>\n<h2 data-pm-slice=\"1 3 &#091;&#093;\">Beneficios de Nuestras Grapas para Fleje<\/h2>\n<ul data-spread=\"false\">\n<li>\n<p><strong>Seguridad Reforzada:<\/strong> Evita desprendimientos y da\u00f1os en la carga.<\/p>\n<\/li>\n<li>\n<p><strong>Ahorro y Eficiencia:<\/strong> Reduce costos de reemplazo gracias a su alta durabilidad.<\/p>\n<\/li>\n<li>\n<p><strong>Materiales de Alta Calidad:<\/strong> Fabricadas en acero galvanizado, inoxidable o materiales resistentes a la corrosi\u00f3n.<\/p>\n<\/li>\n<li>\n<p><strong>F\u00e1cil Aplicaci\u00f3n:<\/strong> Dise\u00f1adas para un uso pr\u00e1ctico y eficiente, sin esfuerzo adicional.<\/p>\n<\/li>\n<\/ul>\n<h2 data-pm-slice=\"1 1 &#091;&#093;\">La Seguridad de Tu Carga en Manos de Expertos<\/h2>\n<p>Nuestros productos han sido probados en la industria y cumplen con los m\u00e1s altos est\u00e1ndares de calidad. Confiar en nosotros significa elegir <strong>seguridad, resistencia y eficiencia<\/strong> en el flejado de tus productos.<\/p>\n<h3 data-pm-slice=\"1 1 &#091;&#093;\">No Dejes que Tu Carga Corra Riesgos!<\/h3>\n<p>Asegura tu mercanc\u00eda con las mejores <strong>grapas para fleje<\/strong> del mercado.<\/p>\n<p><strong>Cont\u00e1ctanos hoy mismo<\/strong> y recibe asesor\u00eda personalizada para encontrar la soluci\u00f3n perfecta para tu negocio<\/p>\n\n\t\t<\/div>\n\t\t\t\t\t<\/div>\n\n\t\n\n<\/div>\n\n\t\t<\/div>\n\t\t\t\t\t<\/div>\n\n\t\n\n<\/div>\n\n","protected":false},"excerpt":{"rendered":"","protected":false},"author":1,"featured_media":0,"parent":0,"menu_order":0,"comment_status":"closed","ping_status":"closed","template":"","meta":{"_joinchat":[],"footnotes":""},"class_list":["post-833","page","type-page","status-publish","hentry"],"yoast_head":"<!-- This site is optimized with the Yoast SEO Premium plugin v24.6 (Yoast SEO v27.1.1) - https:\/\/yoast.com\/product\/yoast-seo-premium-wordpress\/ -->\n<title>GRAPAS PARA FLEJE - Corporaci&oacute;n Four Global<\/title>\n<meta name=\"robots\" content=\"index, follow, max-snippet:-1, max-image-preview:large, max-video-preview:-1\" \/>\n<link rel=\"canonical\" href=\"https:\/\/www.corporacionfourglobal.com\/tienda\/grapas-para-fleje-2\/\" \/>\n<meta property=\"og:locale\" content=\"es_ES\" \/>\n<meta property=\"og:type\" content=\"article\" \/>\n<meta property=\"og:title\" content=\"GRAPAS PARA FLEJE\" \/>\n<meta property=\"og:url\" content=\"https:\/\/www.corporacionfourglobal.com\/tienda\/grapas-para-fleje-2\/\" \/>\n<meta property=\"og:site_name\" content=\"Corporaci&oacute;n Four Global\" \/>\n<meta property=\"article:publisher\" content=\"https:\/\/www.facebook.com\/people\/CorporaciC3B3n-Four-Global\/100075753681876\/\" \/>\n<meta property=\"article:modified_time\" content=\"2025-03-25T23:57:13+00:00\" \/>\n<meta name=\"twitter:card\" content=\"summary_large_image\" \/>\n<script type=\"application\/ld+json\" class=\"yoast-schema-graph\">{\"@context\":\"https:\/\/schema.org\",\"@graph\":[{\"@type\":\"WebPage\",\"@id\":\"https:\/\/www.corporacionfourglobal.com\/tienda\/grapas-para-fleje-2\/\",\"url\":\"https:\/\/www.corporacionfourglobal.com\/tienda\/grapas-para-fleje-2\/\",\"name\":\"GRAPAS PARA FLEJE - Corporaci&oacute;n Four Global\",\"isPartOf\":{\"@id\":\"https:\/\/www.corporacionfourglobal.com\/tienda\/#website\"},\"datePublished\":\"2023-04-27T23:56:52+00:00\",\"dateModified\":\"2025-03-25T23:57:13+00:00\",\"breadcrumb\":{\"@id\":\"https:\/\/www.corporacionfourglobal.com\/tienda\/grapas-para-fleje-2\/#breadcrumb\"},\"inLanguage\":\"es\",\"potentialAction\":[{\"@type\":\"ReadAction\",\"target\":[\"https:\/\/www.corporacionfourglobal.com\/tienda\/grapas-para-fleje-2\/\"]}]},{\"@type\":\"BreadcrumbList\",\"@id\":\"https:\/\/www.corporacionfourglobal.com\/tienda\/grapas-para-fleje-2\/#breadcrumb\",\"itemListElement\":[{\"@type\":\"ListItem\",\"position\":1,\"name\":\"Portada\",\"item\":\"https:\/\/www.corporacionfourglobal.com\/tienda\/\"},{\"@type\":\"ListItem\",\"position\":2,\"name\":\"GRAPAS PARA FLEJE\"}]},{\"@type\":\"WebSite\",\"@id\":\"https:\/\/www.corporacionfourglobal.com\/tienda\/#website\",\"url\":\"https:\/\/www.corporacionfourglobal.com\/tienda\/\",\"name\":\"Corporaci\u00f3n Four Global\",\"description\":\"Veloces, Confiables y Eficientes\",\"publisher\":{\"@id\":\"https:\/\/www.corporacionfourglobal.com\/tienda\/#organization\"},\"potentialAction\":[{\"@type\":\"SearchAction\",\"target\":{\"@type\":\"EntryPoint\",\"urlTemplate\":\"https:\/\/www.corporacionfourglobal.com\/tienda\/?s={search_term_string}\"},\"query-input\":{\"@type\":\"PropertyValueSpecification\",\"valueRequired\":true,\"valueName\":\"search_term_string\"}}],\"inLanguage\":\"es\"},{\"@type\":\"Organization\",\"@id\":\"https:\/\/www.corporacionfourglobal.com\/tienda\/#organization\",\"name\":\"Corporaci\u00f3n Four Global\",\"url\":\"https:\/\/www.corporacionfourglobal.com\/tienda\/\",\"logo\":{\"@type\":\"ImageObject\",\"inLanguage\":\"es\",\"@id\":\"https:\/\/www.corporacionfourglobal.com\/tienda\/#\/schema\/logo\/image\/\",\"url\":\"https:\/\/www.corporacionfourglobal.com\/tienda\/wp-content\/uploads\/2021\/10\/logo-web-2.jpg\",\"contentUrl\":\"https:\/\/www.corporacionfourglobal.com\/tienda\/wp-content\/uploads\/2021\/10\/logo-web-2.jpg\",\"width\":500,\"height\":500,\"caption\":\"Corporaci\u00f3n Four Global\"},\"image\":{\"@id\":\"https:\/\/www.corporacionfourglobal.com\/tienda\/#\/schema\/logo\/image\/\"},\"sameAs\":[\"https:\/\/www.facebook.com\/people\/CorporaciC3B3n-Four-Global\/100075753681876\/\",\"https:\/\/www.instagram.com\/fourglobal2021\/\"]}]}<\/script>\n<!-- \/ Yoast SEO Premium plugin. -->","yoast_head_json":{"title":"GRAPAS PARA FLEJE - Corporaci&oacute;n Four Global","robots":{"index":"index","follow":"follow","max-snippet":"max-snippet:-1","max-image-preview":"max-image-preview:large","max-video-preview":"max-video-preview:-1"},"canonical":"https:\/\/www.corporacionfourglobal.com\/tienda\/grapas-para-fleje-2\/","og_locale":"es_ES","og_type":"article","og_title":"GRAPAS PARA FLEJE","og_url":"https:\/\/www.corporacionfourglobal.com\/tienda\/grapas-para-fleje-2\/","og_site_name":"Corporaci&oacute;n Four Global","article_publisher":"https:\/\/www.facebook.com\/people\/CorporaciC3B3n-Four-Global\/100075753681876\/","article_modified_time":"2025-03-25T23:57:13+00:00","twitter_card":"summary_large_image","schema":{"@context":"https:\/\/schema.org","@graph":[{"@type":"WebPage","@id":"https:\/\/www.corporacionfourglobal.com\/tienda\/grapas-para-fleje-2\/","url":"https:\/\/www.corporacionfourglobal.com\/tienda\/grapas-para-fleje-2\/","name":"GRAPAS PARA FLEJE - Corporaci&oacute;n Four Global","isPartOf":{"@id":"https:\/\/www.corporacionfourglobal.com\/tienda\/#website"},"datePublished":"2023-04-27T23:56:52+00:00","dateModified":"2025-03-25T23:57:13+00:00","breadcrumb":{"@id":"https:\/\/www.corporacionfourglobal.com\/tienda\/grapas-para-fleje-2\/#breadcrumb"},"inLanguage":"es","potentialAction":[{"@type":"ReadAction","target":["https:\/\/www.corporacionfourglobal.com\/tienda\/grapas-para-fleje-2\/"]}]},{"@type":"BreadcrumbList","@id":"https:\/\/www.corporacionfourglobal.com\/tienda\/grapas-para-fleje-2\/#breadcrumb","itemListElement":[{"@type":"ListItem","position":1,"name":"Portada","item":"https:\/\/www.corporacionfourglobal.com\/tienda\/"},{"@type":"ListItem","position":2,"name":"GRAPAS PARA FLEJE"}]},{"@type":"WebSite","@id":"https:\/\/www.corporacionfourglobal.com\/tienda\/#website","url":"https:\/\/www.corporacionfourglobal.com\/tienda\/","name":"Corporaci\u00f3n Four Global","description":"Veloces, Confiables y Eficientes","publisher":{"@id":"https:\/\/www.corporacionfourglobal.com\/tienda\/#organization"},"potentialAction":[{"@type":"SearchAction","target":{"@type":"EntryPoint","urlTemplate":"https:\/\/www.corporacionfourglobal.com\/tienda\/?s={search_term_string}"},"query-input":{"@type":"PropertyValueSpecification","valueRequired":true,"valueName":"search_term_string"}}],"inLanguage":"es"},{"@type":"Organization","@id":"https:\/\/www.corporacionfourglobal.com\/tienda\/#organization","name":"Corporaci\u00f3n Four Global","url":"https:\/\/www.corporacionfourglobal.com\/tienda\/","logo":{"@type":"ImageObject","inLanguage":"es","@id":"https:\/\/www.corporacionfourglobal.com\/tienda\/#\/schema\/logo\/image\/","url":"https:\/\/www.corporacionfourglobal.com\/tienda\/wp-content\/uploads\/2021\/10\/logo-web-2.jpg","contentUrl":"https:\/\/www.corporacionfourglobal.com\/tienda\/wp-content\/uploads\/2021\/10\/logo-web-2.jpg","width":500,"height":500,"caption":"Corporaci\u00f3n Four Global"},"image":{"@id":"https:\/\/www.corporacionfourglobal.com\/tienda\/#\/schema\/logo\/image\/"},"sameAs":["https:\/\/www.facebook.com\/people\/CorporaciC3B3n-Four-Global\/100075753681876\/","https:\/\/www.instagram.com\/fourglobal2021\/"]}]}},"_links":{"self":[{"href":"https:\/\/www.corporacionfourglobal.com\/tienda\/wp-json\/wp\/v2\/pages\/833","targetHints":{"allow":["GET"]}}],"collection":[{"href":"https:\/\/www.corporacionfourglobal.com\/tienda\/wp-json\/wp\/v2\/pages"}],"about":[{"href":"https:\/\/www.corporacionfourglobal.com\/tienda\/wp-json\/wp\/v2\/types\/page"}],"author":[{"embeddable":true,"href":"https:\/\/www.corporacionfourglobal.com\/tienda\/wp-json\/wp\/v2\/users\/1"}],"replies":[{"embeddable":true,"href":"https:\/\/www.corporacionfourglobal.com\/tienda\/wp-json\/wp\/v2\/comments?post=833"}],"version-history":[{"count":1,"href":"https:\/\/www.corporacionfourglobal.com\/tienda\/wp-json\/wp\/v2\/pages\/833\/revisions"}],"predecessor-version":[{"id":1018,"href":"https:\/\/www.corporacionfourglobal.com\/tienda\/wp-json\/wp\/v2\/pages\/833\/revisions\/1018"}],"wp:attachment":[{"href":"https:\/\/www.corporacionfourglobal.com\/tienda\/wp-json\/wp\/v2\/media?parent=833"}],"curies":[{"name":"wp","href":"https:\/\/api.w.org\/{rel}","templated":true}]}}