{"id":824,"date":"2023-04-27T23:23:06","date_gmt":"2023-04-27T23:23:06","guid":{"rendered":"https:\/\/www.corporacionfourglobal.com\/tienda\/?page_id=824"},"modified":"2025-03-25T23:41:59","modified_gmt":"2025-03-25T23:41:59","slug":"flejadora-manual","status":"publish","type":"page","link":"https:\/\/www.corporacionfourglobal.com\/tienda\/flejadora-manual\/","title":{"rendered":"FLEJADORA MANUAL"},"content":{"rendered":"\n\n  <div class=\"banner has-hover\" id=\"banner-1007046263\">\n          <div class=\"banner-inner fill\">\n        <div class=\"banner-bg fill\" >\n            <img loading=\"lazy\" decoding=\"async\" width=\"1020\" height=\"390\" src=\"https:\/\/www.corporacionfourglobal.com\/tienda\/wp-content\/uploads\/2023\/04\/flejadora-manual.jpg\" class=\"bg attachment-large size-large\" alt=\"\" \/>                                    \n                    <\/div>\n\t\t\n        <div class=\"banner-layers container\">\n            <div class=\"fill banner-link\"><\/div>            \n\n   <div id=\"text-box-855844217\" class=\"text-box banner-layer x50 md-x50 lg-x50 y50 md-y50 lg-y50 res-text\">\n                                <div class=\"text-box-content text dark\">\n              \n              <div class=\"text-inner text-center\">\n                  \n\n\n              <\/div>\n           <\/div>\n                            \n<style>\n#text-box-855844217 {\n  width: 60%;\n}\n#text-box-855844217 .text-box-content {\n  font-size: 100%;\n}\n<\/style>\n    <\/div>\n \n\n        <\/div>\n      <\/div>\n\n            \n<style>\n#banner-1007046263 {\n  padding-top: 400px;\n}\n<\/style>\n  <\/div>\n\n\n<div class=\"row\"  id=\"row-1098953758\">\n\n\n\t<div id=\"col-1105594733\" class=\"col small-12 large-12\"  >\n\t\t\t\t<div class=\"col-inner\"  >\n\t\t\t\n\t\t\t\n\n\t<div id=\"text-1899735260\" class=\"text\">\n\t\t\n\n<h2 align=\"center\"> FLEJADORA MANUAL <\/h2>\n<p>Herramienta usada para unir, asegurar y sellar paquetes mediante el uso de flejes.<\/p>\n\t\t\n<style>\n#text-1899735260 {\n  text-align: center;\n}\n<\/style>\n\t<\/div>\n\t\n<div class=\"row\"  id=\"row-1178961491\">\n\n\n\t<div id=\"col-775614357\" class=\"col small-12 large-12\"  >\n\t\t\t\t<div class=\"col-inner\"  >\n\t\t\t\n\t\t\t\n\n\n\n<table width=\"100%\" border=\"0\" class=\"table-rwd\">\n  <tbody>\n\n<tr>\n\n <td><strong>DESCRIPCI\u00d3N<\/strong><\/td>\n      <td><strong>TIPO<\/strong><\/td>\n <td><strong>MEDIDA<\/strong><\/td>\n\n\n    <\/tr>\n    \t\t\t\n<tr>\n<td>FLEJADORA MANUAL PARA FLEJES DE PLASTICO, IDEAL PARA EL FLEJADO DE PALETS Y PAQUETES DE TAMA\u00d1O PEQUE\u00d1O <\/td>\n<td>FLEJE DE PLASTICO <\/td>\n<td> HASTA 19MM DE ANCHO<br><\/td>\n\t\n\n\n\t\n\t<\/tr>\n\n    \n  <\/tbody>\n<\/table>\n\n<h3>Flejadora Manual: Eficiencia y Precisi\u00f3n en Cada Movimiento para Empaque Profesional<\/h3>\n<p>Asegura tus Env\u00edos con Fiabilidad y Rapidez: Flejadoras Manuales de Alta Calidad para Todo Tipo de Empaque<\/p>\n<p class=\"\" data-start=\"350\" data-end=\"722\">Ofrecemos una amplia gama de <strong data-start=\"398\" data-end=\"421\">Flejadoras Manuales<\/strong> de alto rendimiento, dise\u00f1adas para proporcionar soluciones de empaque r\u00e1pidas, seguras y eficientes. Nuestras flejadoras manuales son perfectas para peque\u00f1as y medianas empresas que necesitan asegurar sus productos para el transporte de manera efectiva, sin comprometer la calidad o la durabilidad.<\/p>\n<p class=\"\" data-start=\"724\" data-end=\"776\"><strong data-start=\"724\" data-end=\"776\">\u00bfQu\u00e9 ofrecemos con nuestras Flejadoras Manuales?<\/strong><\/p>\n<ul data-start=\"777\" data-end=\"1267\">\n<li class=\"\" data-start=\"777\" data-end=\"891\">\n<p class=\"\" data-start=\"779\" data-end=\"891\"><strong data-start=\"779\" data-end=\"809\">Flejadoras de alta calidad<\/strong> para todo tipo de materiales, incluidos cartones, cajas y productos industriales.<\/p>\n<\/li>\n<li class=\"\" data-start=\"892\" data-end=\"992\">\n<p class=\"\" data-start=\"894\" data-end=\"992\"><strong data-start=\"894\" data-end=\"915\">Dise\u00f1o ergon\u00f3mico<\/strong> que facilita el uso durante largos per\u00edodos, minimizando el esfuerzo f\u00edsico.<\/p>\n<\/li>\n<li class=\"\" data-start=\"993\" data-end=\"1065\">\n<p class=\"\" data-start=\"995\" data-end=\"1065\"><strong data-start=\"995\" data-end=\"1011\">Versatilidad<\/strong>: ideales para empaques de diferentes tama\u00f1os y tipos.<\/p>\n<\/li>\n<li class=\"\" data-start=\"1066\" data-end=\"1167\">\n<p class=\"\" data-start=\"1068\" data-end=\"1167\"><strong data-start=\"1068\" data-end=\"1099\">Asesoramiento personalizado<\/strong> para elegir la mejor flejadora seg\u00fan las necesidades de tu empresa.<\/p>\n<\/li>\n<li class=\"\" data-start=\"1168\" data-end=\"1267\">\n<p class=\"\" data-start=\"1170\" data-end=\"1267\"><strong data-start=\"1170\" data-end=\"1188\">Entrega r\u00e1pida<\/strong> y opciones de instalaci\u00f3n para garantizar el funcionamiento sin contratiempos.<\/p>\n<\/li>\n<\/ul>\n<p class=\"\" data-start=\"1269\" data-end=\"1438\">Con nuestras <strong data-start=\"1282\" data-end=\"1305\">Flejadoras Manuales<\/strong>, cada proceso de empaque se convierte en una tarea f\u00e1cil y eficiente, mejorando la productividad y reduciendo los costos operativos.<\/p>\n<p class=\"\" data-start=\"1483\" data-end=\"1532\"><strong data-start=\"1483\" data-end=\"1532\">\u00bfPor qu\u00e9 elegir nuestras Flejadoras Manuales?<\/strong><\/p>\n<p class=\"\" data-start=\"1534\" data-end=\"1947\">Nuestras <strong data-start=\"1543\" data-end=\"1566\">Flejadoras Manuales<\/strong> destacan por su <strong data-start=\"1583\" data-end=\"1607\">construcci\u00f3n robusta<\/strong>, <strong data-start=\"1609\" data-end=\"1629\">facilidad de uso<\/strong> y <strong data-start=\"1632\" data-end=\"1648\">versatilidad<\/strong>. Son la soluci\u00f3n perfecta para empresas que buscan <strong data-start=\"1700\" data-end=\"1784\">optimizar sus procesos de empaque sin invertir en equipos automatizados costosos<\/strong>. Con un dise\u00f1o intuitivo y duradero, estas flejadoras aseguran un <strong data-start=\"1851\" data-end=\"1884\">ajuste perfecto de los flejes<\/strong>, garantizando una sujeci\u00f3n segura y confiable en cada empaque.<\/p>\n<p class=\"\" data-start=\"1949\" data-end=\"2208\">Adem\u00e1s, <strong data-start=\"1957\" data-end=\"1989\">nuestras flejadoras manuales<\/strong> ofrecen un control preciso en el tensionado del fleje, adapt\u00e1ndose a diferentes materiales y dimensiones, lo que las convierte en una herramienta indispensable para mantener la calidad de tus productos en todo momento.<\/p>\n<p class=\"\" data-start=\"3751\" data-end=\"4117\"><strong data-start=\"3751\" data-end=\"3851\">No pongas en riesgo la seguridad de tus productos ni pierdas tiempo con soluciones ineficientes.<\/strong> Con nuestras <strong data-start=\"3865\" data-end=\"3888\">Flejadoras Manuales<\/strong>, disfrutar\u00e1s de una <strong data-start=\"3909\" data-end=\"3995\">alta confiabilidad, mayor productividad y un proceso de empaque sin complicaciones<\/strong>. Son la elecci\u00f3n perfecta para empresas que buscan soluciones econ\u00f3micas, f\u00e1ciles de usar y con resultados profesionales.<\/p>\n<p class=\"\" data-start=\"4119\" data-end=\"4355\"><strong data-start=\"4119\" data-end=\"4199\">\u00a1Haz tu compra ahora mismo y lleva tu proceso de empaque al siguiente nivel!<\/strong> No importa el tama\u00f1o de tu empresa o el tipo de productos que empaques, tenemos la flejadora manual que necesitas para hacer el trabajo m\u00e1s f\u00e1cil y r\u00e1pido.<\/p>\n<p data-start=\"1949\" data-end=\"2208\"><strong data-start=\"4387\" data-end=\"4412\">Cont\u00e1ctanos hoy mismo<\/strong> y descubre c\u00f3mo nuestras <strong data-start=\"4438\" data-end=\"4461\">Flejadoras Manuales<\/strong> pueden mejorar la eficiencia de tu proceso de empaque. \u00a1Solicita una demostraci\u00f3n o una cotizaci\u00f3n personalizada ahora mismo!<\/p>\n\n\t\t<\/div>\n\t\t\t\t\t<\/div>\n\n\t\n\n<\/div>\n\n\t\t<\/div>\n\t\t\t\t\t<\/div>\n\n\t\n\n<\/div>\n\n","protected":false},"excerpt":{"rendered":"","protected":false},"author":1,"featured_media":0,"parent":0,"menu_order":0,"comment_status":"closed","ping_status":"closed","template":"","meta":{"_joinchat":[],"footnotes":""},"class_list":["post-824","page","type-page","status-publish","hentry"],"yoast_head":"<!-- This site is optimized with the Yoast SEO Premium plugin v24.6 (Yoast SEO v27.1.1) - https:\/\/yoast.com\/product\/yoast-seo-premium-wordpress\/ -->\n<title>FLEJADORA MANUAL - Corporaci&oacute;n Four Global<\/title>\n<meta name=\"robots\" content=\"index, follow, max-snippet:-1, max-image-preview:large, max-video-preview:-1\" \/>\n<link rel=\"canonical\" href=\"https:\/\/www.corporacionfourglobal.com\/tienda\/flejadora-manual\/\" \/>\n<meta property=\"og:locale\" content=\"es_ES\" \/>\n<meta property=\"og:type\" content=\"article\" \/>\n<meta property=\"og:title\" content=\"FLEJADORA MANUAL\" \/>\n<meta property=\"og:url\" content=\"https:\/\/www.corporacionfourglobal.com\/tienda\/flejadora-manual\/\" \/>\n<meta property=\"og:site_name\" content=\"Corporaci&oacute;n Four Global\" \/>\n<meta property=\"article:publisher\" content=\"https:\/\/www.facebook.com\/people\/CorporaciC3B3n-Four-Global\/100075753681876\/\" \/>\n<meta property=\"article:modified_time\" content=\"2025-03-25T23:41:59+00:00\" \/>\n<meta name=\"twitter:card\" content=\"summary_large_image\" \/>\n<script type=\"application\/ld+json\" class=\"yoast-schema-graph\">{\"@context\":\"https:\/\/schema.org\",\"@graph\":[{\"@type\":\"WebPage\",\"@id\":\"https:\/\/www.corporacionfourglobal.com\/tienda\/flejadora-manual\/\",\"url\":\"https:\/\/www.corporacionfourglobal.com\/tienda\/flejadora-manual\/\",\"name\":\"FLEJADORA MANUAL - Corporaci&oacute;n Four Global\",\"isPartOf\":{\"@id\":\"https:\/\/www.corporacionfourglobal.com\/tienda\/#website\"},\"datePublished\":\"2023-04-27T23:23:06+00:00\",\"dateModified\":\"2025-03-25T23:41:59+00:00\",\"breadcrumb\":{\"@id\":\"https:\/\/www.corporacionfourglobal.com\/tienda\/flejadora-manual\/#breadcrumb\"},\"inLanguage\":\"es\",\"potentialAction\":[{\"@type\":\"ReadAction\",\"target\":[\"https:\/\/www.corporacionfourglobal.com\/tienda\/flejadora-manual\/\"]}]},{\"@type\":\"BreadcrumbList\",\"@id\":\"https:\/\/www.corporacionfourglobal.com\/tienda\/flejadora-manual\/#breadcrumb\",\"itemListElement\":[{\"@type\":\"ListItem\",\"position\":1,\"name\":\"Portada\",\"item\":\"https:\/\/www.corporacionfourglobal.com\/tienda\/\"},{\"@type\":\"ListItem\",\"position\":2,\"name\":\"FLEJADORA MANUAL\"}]},{\"@type\":\"WebSite\",\"@id\":\"https:\/\/www.corporacionfourglobal.com\/tienda\/#website\",\"url\":\"https:\/\/www.corporacionfourglobal.com\/tienda\/\",\"name\":\"Corporaci\u00f3n Four Global\",\"description\":\"Veloces, Confiables y Eficientes\",\"publisher\":{\"@id\":\"https:\/\/www.corporacionfourglobal.com\/tienda\/#organization\"},\"potentialAction\":[{\"@type\":\"SearchAction\",\"target\":{\"@type\":\"EntryPoint\",\"urlTemplate\":\"https:\/\/www.corporacionfourglobal.com\/tienda\/?s={search_term_string}\"},\"query-input\":{\"@type\":\"PropertyValueSpecification\",\"valueRequired\":true,\"valueName\":\"search_term_string\"}}],\"inLanguage\":\"es\"},{\"@type\":\"Organization\",\"@id\":\"https:\/\/www.corporacionfourglobal.com\/tienda\/#organization\",\"name\":\"Corporaci\u00f3n Four Global\",\"url\":\"https:\/\/www.corporacionfourglobal.com\/tienda\/\",\"logo\":{\"@type\":\"ImageObject\",\"inLanguage\":\"es\",\"@id\":\"https:\/\/www.corporacionfourglobal.com\/tienda\/#\/schema\/logo\/image\/\",\"url\":\"https:\/\/www.corporacionfourglobal.com\/tienda\/wp-content\/uploads\/2021\/10\/logo-web-2.jpg\",\"contentUrl\":\"https:\/\/www.corporacionfourglobal.com\/tienda\/wp-content\/uploads\/2021\/10\/logo-web-2.jpg\",\"width\":500,\"height\":500,\"caption\":\"Corporaci\u00f3n Four Global\"},\"image\":{\"@id\":\"https:\/\/www.corporacionfourglobal.com\/tienda\/#\/schema\/logo\/image\/\"},\"sameAs\":[\"https:\/\/www.facebook.com\/people\/CorporaciC3B3n-Four-Global\/100075753681876\/\",\"https:\/\/www.instagram.com\/fourglobal2021\/\"]}]}<\/script>\n<!-- \/ Yoast SEO Premium plugin. -->","yoast_head_json":{"title":"FLEJADORA MANUAL - Corporaci&oacute;n Four Global","robots":{"index":"index","follow":"follow","max-snippet":"max-snippet:-1","max-image-preview":"max-image-preview:large","max-video-preview":"max-video-preview:-1"},"canonical":"https:\/\/www.corporacionfourglobal.com\/tienda\/flejadora-manual\/","og_locale":"es_ES","og_type":"article","og_title":"FLEJADORA MANUAL","og_url":"https:\/\/www.corporacionfourglobal.com\/tienda\/flejadora-manual\/","og_site_name":"Corporaci&oacute;n Four Global","article_publisher":"https:\/\/www.facebook.com\/people\/CorporaciC3B3n-Four-Global\/100075753681876\/","article_modified_time":"2025-03-25T23:41:59+00:00","twitter_card":"summary_large_image","schema":{"@context":"https:\/\/schema.org","@graph":[{"@type":"WebPage","@id":"https:\/\/www.corporacionfourglobal.com\/tienda\/flejadora-manual\/","url":"https:\/\/www.corporacionfourglobal.com\/tienda\/flejadora-manual\/","name":"FLEJADORA MANUAL - Corporaci&oacute;n Four Global","isPartOf":{"@id":"https:\/\/www.corporacionfourglobal.com\/tienda\/#website"},"datePublished":"2023-04-27T23:23:06+00:00","dateModified":"2025-03-25T23:41:59+00:00","breadcrumb":{"@id":"https:\/\/www.corporacionfourglobal.com\/tienda\/flejadora-manual\/#breadcrumb"},"inLanguage":"es","potentialAction":[{"@type":"ReadAction","target":["https:\/\/www.corporacionfourglobal.com\/tienda\/flejadora-manual\/"]}]},{"@type":"BreadcrumbList","@id":"https:\/\/www.corporacionfourglobal.com\/tienda\/flejadora-manual\/#breadcrumb","itemListElement":[{"@type":"ListItem","position":1,"name":"Portada","item":"https:\/\/www.corporacionfourglobal.com\/tienda\/"},{"@type":"ListItem","position":2,"name":"FLEJADORA MANUAL"}]},{"@type":"WebSite","@id":"https:\/\/www.corporacionfourglobal.com\/tienda\/#website","url":"https:\/\/www.corporacionfourglobal.com\/tienda\/","name":"Corporaci\u00f3n Four Global","description":"Veloces, Confiables y Eficientes","publisher":{"@id":"https:\/\/www.corporacionfourglobal.com\/tienda\/#organization"},"potentialAction":[{"@type":"SearchAction","target":{"@type":"EntryPoint","urlTemplate":"https:\/\/www.corporacionfourglobal.com\/tienda\/?s={search_term_string}"},"query-input":{"@type":"PropertyValueSpecification","valueRequired":true,"valueName":"search_term_string"}}],"inLanguage":"es"},{"@type":"Organization","@id":"https:\/\/www.corporacionfourglobal.com\/tienda\/#organization","name":"Corporaci\u00f3n Four Global","url":"https:\/\/www.corporacionfourglobal.com\/tienda\/","logo":{"@type":"ImageObject","inLanguage":"es","@id":"https:\/\/www.corporacionfourglobal.com\/tienda\/#\/schema\/logo\/image\/","url":"https:\/\/www.corporacionfourglobal.com\/tienda\/wp-content\/uploads\/2021\/10\/logo-web-2.jpg","contentUrl":"https:\/\/www.corporacionfourglobal.com\/tienda\/wp-content\/uploads\/2021\/10\/logo-web-2.jpg","width":500,"height":500,"caption":"Corporaci\u00f3n Four Global"},"image":{"@id":"https:\/\/www.corporacionfourglobal.com\/tienda\/#\/schema\/logo\/image\/"},"sameAs":["https:\/\/www.facebook.com\/people\/CorporaciC3B3n-Four-Global\/100075753681876\/","https:\/\/www.instagram.com\/fourglobal2021\/"]}]}},"_links":{"self":[{"href":"https:\/\/www.corporacionfourglobal.com\/tienda\/wp-json\/wp\/v2\/pages\/824","targetHints":{"allow":["GET"]}}],"collection":[{"href":"https:\/\/www.corporacionfourglobal.com\/tienda\/wp-json\/wp\/v2\/pages"}],"about":[{"href":"https:\/\/www.corporacionfourglobal.com\/tienda\/wp-json\/wp\/v2\/types\/page"}],"author":[{"embeddable":true,"href":"https:\/\/www.corporacionfourglobal.com\/tienda\/wp-json\/wp\/v2\/users\/1"}],"replies":[{"embeddable":true,"href":"https:\/\/www.corporacionfourglobal.com\/tienda\/wp-json\/wp\/v2\/comments?post=824"}],"version-history":[{"count":1,"href":"https:\/\/www.corporacionfourglobal.com\/tienda\/wp-json\/wp\/v2\/pages\/824\/revisions"}],"predecessor-version":[{"id":1014,"href":"https:\/\/www.corporacionfourglobal.com\/tienda\/wp-json\/wp\/v2\/pages\/824\/revisions\/1014"}],"wp:attachment":[{"href":"https:\/\/www.corporacionfourglobal.com\/tienda\/wp-json\/wp\/v2\/media?parent=824"}],"curies":[{"name":"wp","href":"https:\/\/api.w.org\/{rel}","templated":true}]}}