{"id":760,"date":"2023-04-27T18:40:27","date_gmt":"2023-04-27T18:40:27","guid":{"rendered":"https:\/\/www.corporacionfourglobal.com\/tienda\/?page_id=760"},"modified":"2025-03-25T23:32:45","modified_gmt":"2025-03-25T23:32:45","slug":"cinta-adhesiva-parler-color","status":"publish","type":"page","link":"https:\/\/www.corporacionfourglobal.com\/tienda\/cinta-adhesiva-parler-color\/","title":{"rendered":"CINTA ADHESIVA PARLER COLOR"},"content":{"rendered":"\n\n  <div class=\"banner has-hover\" id=\"banner-2039700161\">\n          <div class=\"banner-inner fill\">\n        <div class=\"banner-bg fill\" >\n            <img loading=\"lazy\" decoding=\"async\" width=\"1020\" height=\"390\" src=\"https:\/\/www.corporacionfourglobal.com\/tienda\/wp-content\/uploads\/2023\/04\/cinta-parler-color.jpg\" class=\"bg attachment-large size-large\" alt=\"\" \/>                                    \n                    <\/div>\n\t\t\n        <div class=\"banner-layers container\">\n            <div class=\"fill banner-link\"><\/div>            \n\n   <div id=\"text-box-333021915\" class=\"text-box banner-layer x50 md-x50 lg-x50 y50 md-y50 lg-y50 res-text\">\n                                <div class=\"text-box-content text dark\">\n              \n              <div class=\"text-inner text-center\">\n                  \n\n\n              <\/div>\n           <\/div>\n                            \n<style>\n#text-box-333021915 {\n  width: 60%;\n}\n#text-box-333021915 .text-box-content {\n  font-size: 100%;\n}\n@media (min-width:550px) {\n  #text-box-333021915 {\n    width: 60%;\n  }\n}\n<\/style>\n    <\/div>\n \n\n        <\/div>\n      <\/div>\n\n            \n<style>\n#banner-2039700161 {\n  padding-top: 400px;\n}\n<\/style>\n  <\/div>\n\n\n<div class=\"row\"  id=\"row-186044529\">\n\n\n\t<div id=\"col-738503433\" class=\"col small-12 large-12\"  >\n\t\t\t\t<div class=\"col-inner\"  >\n\t\t\t\n\t\t\t\n\n\t<div id=\"text-2868298218\" class=\"text\">\n\t\t\n\n<h2>CINTA DE EMPAQUE<\/h2>\n\t\t\n<style>\n#text-2868298218 {\n  text-align: center;\n}\n<\/style>\n\t<\/div>\n\t\n\t<div id=\"text-2103561982\" class=\"text\">\n\t\t\n\n<p>La cinta de embalaje adhesiva es un consumible muy utilizado en la industria del embalaje consistente en una tira alargada recogida en forma de rollo con adhesivo incorporado que se utiliza para unir, cerrar o flejar determinados productos (cajas, palets, cables el\u00e9ctricos\u2026).<\/p>\n\t\t\n<style>\n#text-2103561982 {\n  text-align: center;\n}\n<\/style>\n\t<\/div>\n\t\n\n\t\t<\/div>\n\t\t\t\t\t<\/div>\n\n\t\n\n\t<div id=\"col-721665903\" class=\"col small-12 large-12\"  >\n\t\t\t\t<div class=\"col-inner\"  >\n\t\t\t\n\t\t\t\n\n<div class=\"row\"  id=\"row-1735053238\">\n\n\n\t<div id=\"col-476434975\" class=\"col small-12 large-12\"  >\n\t\t\t\t<div class=\"col-inner text-center\"  >\n\t\t\t\n\t<div class=\"is-border\"\n\t\tstyle=\"border-width:0px 0px 0px 0px;\">\n\t<\/div>\n\t\t\t\n\n\n\n<table width=\"100%\" border=\"0\" class=\"table-rwd\">\n  <tbody>\n<h5 align=\"left\"> CINTA ADHESIVA PARLER COLOR<\/h5>\n<tr>\n      \n<td><strong>CATEGORIA<\/strong><\/td>\n<td><strong>SUBCATEGORIA<\/strong><\/td>\n<td><strong>MARCA<\/strong><\/td>\n\n <td><strong>DESCRIPCI\u00d3N<\/strong><\/td>\n      <td><strong>MEDIDA<\/strong><\/td>\n<td><strong>COLOR<\/strong><\/td>\n    <\/tr>\n    <tr>\t\t\t\n\n\t\n<td>\tCINTA ADHESIVA\t<\/td>\n<td>\tACRILICAS\t<\/td>\n<td>\tPARLER COLOR\t<\/td>\n\n<td><strong>CINTA PARA EMPAQUE:<\/strong>USO COMERCIAL<br> <br><br>\n\n<strong>CARACTER\u00cdSTICAS<\/strong><br>\nNUESTRA CINTA ADHESIVA MARCA PARLER ES EXCELENTE PARA CERRADO DE CAJA, EMPAQUE Y EMBALAJE, PARA PL\u00c1STICOS Y VIDRIO.\n  <\/td>\n\t\n<td>\t\n48mm x 150m\n<\/td>\n<td>NARANJA \/ NEGRO \/ AZUL \/ ROJO \nVERDE \/ AMARILLO \/ BLANCO <\/td>\t<\/tr>\n\n    \n  <\/tbody>\n<\/table>\n\n<h3 style=\"text-align: left;\" data-pm-slice=\"1 1 &#091;&#093;\"><strong>Cinta de Color para Empaque y Embalaje: Seguridad y Organizaci\u00f3n con un Toque de Color<\/strong><\/h3>\n<h4 style=\"text-align: left;\">Dale Identidad y Protecci\u00f3n a Tus Env\u00edos<\/h4>\n<h4 style=\"text-align: left;\"><strong>Embalaje Seguro, Adhesi\u00f3n Resistente y M\u00e1xima Visibilidad<\/strong><\/h4>\n<p style=\"text-align: left;\">Ofrecemos <strong>Cinta de Color para Empaque y Embalaje<\/strong>, ideal para mejorar la identificaci\u00f3n de paquetes, optimizar procesos log\u00edsticos y garantizar la seguridad de tus env\u00edos. Con una alta resistencia y variedad de colores, facilita la clasificaci\u00f3n y brinda un sellado firme y confiable.<\/p>\n<div style=\"text-align: left;\"><hr \/><\/div>\n<h3 style=\"text-align: left;\"><strong>\u00bfPor qu\u00e9 elegir nuestra Cinta de Color para Empaque y Embalaje?\u00a0<\/strong><\/h3>\n<ul style=\"text-align: left;\" data-spread=\"false\">\n<li>\n<p><strong>Amplia gama de colores:<\/strong> Facilita la identificaci\u00f3n y organizaci\u00f3n de paquetes.<\/p>\n<\/li>\n<li>\n<p><strong>Alta adherencia:<\/strong> Se fija con firmeza a cart\u00f3n, pl\u00e1stico y otras superficies.<\/p>\n<\/li>\n<li>\n<p><strong>Material resistente:<\/strong> Soporta manipulaci\u00f3n ruda, humedad y cambios de temperatura.<\/p>\n<\/li>\n<li>\n<p><strong>F\u00e1cil aplicaci\u00f3n:<\/strong> Compatible con dispensadores para mayor rapidez y eficiencia.<\/p>\n<\/li>\n<li>\n<p><strong>Personalizaci\u00f3n opcional:<\/strong> Disponible con impresi\u00f3n de logotipos o mensajes espec\u00edficos.<\/p>\n<\/li>\n<\/ul>\n<div style=\"text-align: left;\"><hr \/><\/div>\n<h3 style=\"text-align: left;\"><strong>Beneficios Clave de Nuestra Cinta de Color para Empaque y Embalaje<\/strong><\/h3>\n<p style=\"text-align: left;\">\u2714 <strong>Mayor organizaci\u00f3n:<\/strong> Diferencia productos por color y agiliza el manejo de inventario. \u2714 <strong>Sellado seguro:<\/strong> Evita aperturas accidentales y protege el contenido. \u2714 <strong>Alta visibilidad:<\/strong> Mejora el reconocimiento de paquetes en bodegas y transportes. \u2714 <strong>Durabilidad extrema:<\/strong> No pierde adhesi\u00f3n ni color con el paso del tiempo. \u2714 <strong>Versatilidad de uso:<\/strong> Perfecta para log\u00edstica, mudanzas, almacenes e industrias.<\/p>\n<div style=\"text-align: left;\"><hr \/><\/div>\n<h3 style=\"text-align: left;\"><strong>Calidad y Resistencia para un Empaque Seguro<\/strong><\/h3>\n<p style=\"text-align: left;\">Nuestra <strong>Cinta de Color para Empaque y Embalaje<\/strong> est\u00e1 dise\u00f1ada para brindar soluciones efectivas en el transporte y almacenamiento de mercanc\u00edas. Garantizamos la m\u00e1s alta calidad para que tus env\u00edos lleguen en perfectas condiciones.<\/p>\n<div style=\"text-align: left;\"><hr \/><\/div>\n<h3 style=\"text-align: left;\"><strong>Haz que Tus Env\u00edos Destacan con Nuestra Cinta de Color<\/strong><\/h3>\n<p style=\"text-align: left;\">Elige la <strong>Cinta de Color para Empaque y Embalaje<\/strong> y mejora la eficiencia de tu proceso log\u00edstico. \u00a1Cont\u00e1ctanos hoy mismo!<\/p>\n\n\t\t<\/div>\n\t\t\t\t\n<style>\n#col-476434975 > .col-inner {\n  max-width: 1100px;\n}\n<\/style>\n\t<\/div>\n\n\t\n\n<\/div>\n\n\t\t<\/div>\n\t\t\t\t\t<\/div>\n\n\t\n\n<\/div>\n\n","protected":false},"excerpt":{"rendered":"","protected":false},"author":1,"featured_media":0,"parent":0,"menu_order":0,"comment_status":"closed","ping_status":"closed","template":"","meta":{"_joinchat":[],"footnotes":""},"class_list":["post-760","page","type-page","status-publish","hentry"],"yoast_head":"<!-- This site is optimized with the Yoast SEO Premium plugin v24.6 (Yoast SEO v27.1.1) - https:\/\/yoast.com\/product\/yoast-seo-premium-wordpress\/ -->\n<title>CINTA ADHESIVA PARLER COLOR - Corporaci&oacute;n Four Global<\/title>\n<meta name=\"robots\" content=\"index, follow, max-snippet:-1, max-image-preview:large, max-video-preview:-1\" \/>\n<link rel=\"canonical\" href=\"https:\/\/www.corporacionfourglobal.com\/tienda\/cinta-adhesiva-parler-color\/\" \/>\n<meta property=\"og:locale\" content=\"es_ES\" \/>\n<meta property=\"og:type\" content=\"article\" \/>\n<meta property=\"og:title\" content=\"CINTA ADHESIVA PARLER COLOR\" \/>\n<meta property=\"og:url\" content=\"https:\/\/www.corporacionfourglobal.com\/tienda\/cinta-adhesiva-parler-color\/\" \/>\n<meta property=\"og:site_name\" content=\"Corporaci&oacute;n Four Global\" \/>\n<meta property=\"article:publisher\" content=\"https:\/\/www.facebook.com\/people\/CorporaciC3B3n-Four-Global\/100075753681876\/\" \/>\n<meta property=\"article:modified_time\" content=\"2025-03-25T23:32:45+00:00\" \/>\n<meta name=\"twitter:card\" content=\"summary_large_image\" \/>\n<meta name=\"twitter:label1\" content=\"Tiempo de lectura\" \/>\n\t<meta name=\"twitter:data1\" content=\"1 minuto\" \/>\n<script type=\"application\/ld+json\" class=\"yoast-schema-graph\">{\"@context\":\"https:\/\/schema.org\",\"@graph\":[{\"@type\":\"WebPage\",\"@id\":\"https:\/\/www.corporacionfourglobal.com\/tienda\/cinta-adhesiva-parler-color\/\",\"url\":\"https:\/\/www.corporacionfourglobal.com\/tienda\/cinta-adhesiva-parler-color\/\",\"name\":\"CINTA ADHESIVA PARLER COLOR - Corporaci&oacute;n Four Global\",\"isPartOf\":{\"@id\":\"https:\/\/www.corporacionfourglobal.com\/tienda\/#website\"},\"datePublished\":\"2023-04-27T18:40:27+00:00\",\"dateModified\":\"2025-03-25T23:32:45+00:00\",\"breadcrumb\":{\"@id\":\"https:\/\/www.corporacionfourglobal.com\/tienda\/cinta-adhesiva-parler-color\/#breadcrumb\"},\"inLanguage\":\"es\",\"potentialAction\":[{\"@type\":\"ReadAction\",\"target\":[\"https:\/\/www.corporacionfourglobal.com\/tienda\/cinta-adhesiva-parler-color\/\"]}]},{\"@type\":\"BreadcrumbList\",\"@id\":\"https:\/\/www.corporacionfourglobal.com\/tienda\/cinta-adhesiva-parler-color\/#breadcrumb\",\"itemListElement\":[{\"@type\":\"ListItem\",\"position\":1,\"name\":\"Portada\",\"item\":\"https:\/\/www.corporacionfourglobal.com\/tienda\/\"},{\"@type\":\"ListItem\",\"position\":2,\"name\":\"CINTA ADHESIVA PARLER COLOR\"}]},{\"@type\":\"WebSite\",\"@id\":\"https:\/\/www.corporacionfourglobal.com\/tienda\/#website\",\"url\":\"https:\/\/www.corporacionfourglobal.com\/tienda\/\",\"name\":\"Corporaci\u00f3n Four Global\",\"description\":\"Veloces, Confiables y Eficientes\",\"publisher\":{\"@id\":\"https:\/\/www.corporacionfourglobal.com\/tienda\/#organization\"},\"potentialAction\":[{\"@type\":\"SearchAction\",\"target\":{\"@type\":\"EntryPoint\",\"urlTemplate\":\"https:\/\/www.corporacionfourglobal.com\/tienda\/?s={search_term_string}\"},\"query-input\":{\"@type\":\"PropertyValueSpecification\",\"valueRequired\":true,\"valueName\":\"search_term_string\"}}],\"inLanguage\":\"es\"},{\"@type\":\"Organization\",\"@id\":\"https:\/\/www.corporacionfourglobal.com\/tienda\/#organization\",\"name\":\"Corporaci\u00f3n Four Global\",\"url\":\"https:\/\/www.corporacionfourglobal.com\/tienda\/\",\"logo\":{\"@type\":\"ImageObject\",\"inLanguage\":\"es\",\"@id\":\"https:\/\/www.corporacionfourglobal.com\/tienda\/#\/schema\/logo\/image\/\",\"url\":\"https:\/\/www.corporacionfourglobal.com\/tienda\/wp-content\/uploads\/2021\/10\/logo-web-2.jpg\",\"contentUrl\":\"https:\/\/www.corporacionfourglobal.com\/tienda\/wp-content\/uploads\/2021\/10\/logo-web-2.jpg\",\"width\":500,\"height\":500,\"caption\":\"Corporaci\u00f3n Four Global\"},\"image\":{\"@id\":\"https:\/\/www.corporacionfourglobal.com\/tienda\/#\/schema\/logo\/image\/\"},\"sameAs\":[\"https:\/\/www.facebook.com\/people\/CorporaciC3B3n-Four-Global\/100075753681876\/\",\"https:\/\/www.instagram.com\/fourglobal2021\/\"]}]}<\/script>\n<!-- \/ Yoast SEO Premium plugin. -->","yoast_head_json":{"title":"CINTA ADHESIVA PARLER COLOR - Corporaci&oacute;n Four Global","robots":{"index":"index","follow":"follow","max-snippet":"max-snippet:-1","max-image-preview":"max-image-preview:large","max-video-preview":"max-video-preview:-1"},"canonical":"https:\/\/www.corporacionfourglobal.com\/tienda\/cinta-adhesiva-parler-color\/","og_locale":"es_ES","og_type":"article","og_title":"CINTA ADHESIVA PARLER COLOR","og_url":"https:\/\/www.corporacionfourglobal.com\/tienda\/cinta-adhesiva-parler-color\/","og_site_name":"Corporaci&oacute;n Four Global","article_publisher":"https:\/\/www.facebook.com\/people\/CorporaciC3B3n-Four-Global\/100075753681876\/","article_modified_time":"2025-03-25T23:32:45+00:00","twitter_card":"summary_large_image","twitter_misc":{"Tiempo de lectura":"1 minuto"},"schema":{"@context":"https:\/\/schema.org","@graph":[{"@type":"WebPage","@id":"https:\/\/www.corporacionfourglobal.com\/tienda\/cinta-adhesiva-parler-color\/","url":"https:\/\/www.corporacionfourglobal.com\/tienda\/cinta-adhesiva-parler-color\/","name":"CINTA ADHESIVA PARLER COLOR - Corporaci&oacute;n Four Global","isPartOf":{"@id":"https:\/\/www.corporacionfourglobal.com\/tienda\/#website"},"datePublished":"2023-04-27T18:40:27+00:00","dateModified":"2025-03-25T23:32:45+00:00","breadcrumb":{"@id":"https:\/\/www.corporacionfourglobal.com\/tienda\/cinta-adhesiva-parler-color\/#breadcrumb"},"inLanguage":"es","potentialAction":[{"@type":"ReadAction","target":["https:\/\/www.corporacionfourglobal.com\/tienda\/cinta-adhesiva-parler-color\/"]}]},{"@type":"BreadcrumbList","@id":"https:\/\/www.corporacionfourglobal.com\/tienda\/cinta-adhesiva-parler-color\/#breadcrumb","itemListElement":[{"@type":"ListItem","position":1,"name":"Portada","item":"https:\/\/www.corporacionfourglobal.com\/tienda\/"},{"@type":"ListItem","position":2,"name":"CINTA ADHESIVA PARLER COLOR"}]},{"@type":"WebSite","@id":"https:\/\/www.corporacionfourglobal.com\/tienda\/#website","url":"https:\/\/www.corporacionfourglobal.com\/tienda\/","name":"Corporaci\u00f3n Four Global","description":"Veloces, Confiables y Eficientes","publisher":{"@id":"https:\/\/www.corporacionfourglobal.com\/tienda\/#organization"},"potentialAction":[{"@type":"SearchAction","target":{"@type":"EntryPoint","urlTemplate":"https:\/\/www.corporacionfourglobal.com\/tienda\/?s={search_term_string}"},"query-input":{"@type":"PropertyValueSpecification","valueRequired":true,"valueName":"search_term_string"}}],"inLanguage":"es"},{"@type":"Organization","@id":"https:\/\/www.corporacionfourglobal.com\/tienda\/#organization","name":"Corporaci\u00f3n Four Global","url":"https:\/\/www.corporacionfourglobal.com\/tienda\/","logo":{"@type":"ImageObject","inLanguage":"es","@id":"https:\/\/www.corporacionfourglobal.com\/tienda\/#\/schema\/logo\/image\/","url":"https:\/\/www.corporacionfourglobal.com\/tienda\/wp-content\/uploads\/2021\/10\/logo-web-2.jpg","contentUrl":"https:\/\/www.corporacionfourglobal.com\/tienda\/wp-content\/uploads\/2021\/10\/logo-web-2.jpg","width":500,"height":500,"caption":"Corporaci\u00f3n Four Global"},"image":{"@id":"https:\/\/www.corporacionfourglobal.com\/tienda\/#\/schema\/logo\/image\/"},"sameAs":["https:\/\/www.facebook.com\/people\/CorporaciC3B3n-Four-Global\/100075753681876\/","https:\/\/www.instagram.com\/fourglobal2021\/"]}]}},"_links":{"self":[{"href":"https:\/\/www.corporacionfourglobal.com\/tienda\/wp-json\/wp\/v2\/pages\/760","targetHints":{"allow":["GET"]}}],"collection":[{"href":"https:\/\/www.corporacionfourglobal.com\/tienda\/wp-json\/wp\/v2\/pages"}],"about":[{"href":"https:\/\/www.corporacionfourglobal.com\/tienda\/wp-json\/wp\/v2\/types\/page"}],"author":[{"embeddable":true,"href":"https:\/\/www.corporacionfourglobal.com\/tienda\/wp-json\/wp\/v2\/users\/1"}],"replies":[{"embeddable":true,"href":"https:\/\/www.corporacionfourglobal.com\/tienda\/wp-json\/wp\/v2\/comments?post=760"}],"version-history":[{"count":2,"href":"https:\/\/www.corporacionfourglobal.com\/tienda\/wp-json\/wp\/v2\/pages\/760\/revisions"}],"predecessor-version":[{"id":1011,"href":"https:\/\/www.corporacionfourglobal.com\/tienda\/wp-json\/wp\/v2\/pages\/760\/revisions\/1011"}],"wp:attachment":[{"href":"https:\/\/www.corporacionfourglobal.com\/tienda\/wp-json\/wp\/v2\/media?parent=760"}],"curies":[{"name":"wp","href":"https:\/\/api.w.org\/{rel}","templated":true}]}}