{"id":757,"date":"2023-04-27T18:25:37","date_gmt":"2023-04-27T18:25:37","guid":{"rendered":"https:\/\/www.corporacionfourglobal.com\/tienda\/?page_id=757"},"modified":"2025-03-25T23:31:50","modified_gmt":"2025-03-25T23:31:50","slug":"cinta-adhesiva-parler","status":"publish","type":"page","link":"https:\/\/www.corporacionfourglobal.com\/tienda\/cinta-adhesiva-parler\/","title":{"rendered":"CINTA ADHESIVA PARLER"},"content":{"rendered":"\n\n  <div class=\"banner has-hover\" id=\"banner-1438068958\">\n          <div class=\"banner-inner fill\">\n        <div class=\"banner-bg fill\" >\n            <img loading=\"lazy\" decoding=\"async\" width=\"1020\" height=\"390\" src=\"https:\/\/www.corporacionfourglobal.com\/tienda\/wp-content\/uploads\/2023\/04\/cinta-parler.jpg\" class=\"bg attachment-large size-large\" alt=\"\" \/>                                    \n                    <\/div>\n\t\t\n        <div class=\"banner-layers container\">\n            <div class=\"fill banner-link\"><\/div>            \n\n   <div id=\"text-box-212204401\" class=\"text-box banner-layer x50 md-x50 lg-x50 y50 md-y50 lg-y50 res-text\">\n                                <div class=\"text-box-content text dark\">\n              \n              <div class=\"text-inner text-center\">\n                  \n\n\n              <\/div>\n           <\/div>\n                            \n<style>\n#text-box-212204401 {\n  width: 60%;\n}\n#text-box-212204401 .text-box-content {\n  font-size: 100%;\n}\n@media (min-width:550px) {\n  #text-box-212204401 {\n    width: 60%;\n  }\n}\n<\/style>\n    <\/div>\n \n\n        <\/div>\n      <\/div>\n\n            \n<style>\n#banner-1438068958 {\n  padding-top: 400px;\n}\n<\/style>\n  <\/div>\n\n\n<div class=\"row\"  id=\"row-1007134216\">\n\n\n\t<div id=\"col-854949913\" class=\"col small-12 large-12\"  >\n\t\t\t\t<div class=\"col-inner\"  >\n\t\t\t\n\t\t\t\n\n\t<div id=\"text-1871450341\" class=\"text\">\n\t\t\n\n<h2>CINTA DE EMPAQUE<\/h2>\n\t\t\n<style>\n#text-1871450341 {\n  text-align: center;\n}\n<\/style>\n\t<\/div>\n\t\n\t<div id=\"text-2723798260\" class=\"text\">\n\t\t\n\n<p>La cinta de embalaje adhesiva es un consumible muy utilizado en la industria del embalaje consistente en una tira alargada recogida en forma de rollo con adhesivo incorporado que se utiliza para unir, cerrar o flejar determinados productos (cajas, palets, cables el\u00e9ctricos\u2026).<\/p>\n\t\t\n<style>\n#text-2723798260 {\n  text-align: center;\n}\n<\/style>\n\t<\/div>\n\t\n\n\t\t<\/div>\n\t\t\t\t\t<\/div>\n\n\t\n\n\t<div id=\"col-1547713650\" class=\"col small-12 large-12\"  >\n\t\t\t\t<div class=\"col-inner\"  >\n\t\t\t\n\t\t\t\n\n<div class=\"row\"  id=\"row-192365649\">\n\n\n\t<div id=\"col-1112799331\" class=\"col small-12 large-12\"  >\n\t\t\t\t<div class=\"col-inner text-center\"  >\n\t\t\t\n\t<div class=\"is-border\"\n\t\tstyle=\"border-width:0px 0px 0px 0px;\">\n\t<\/div>\n\t\t\t\n\n\n\n<table width=\"100%\" border=\"0\" class=\"table-rwd\">\n  <tbody>\n<h5 align=\"left\"> CINTA ADHESIVA PARLER<\/h5>\n<tr>\n      \n<td><strong>CATEGORIA<\/strong><\/td>\n<td><strong>SUBCATEGORIA<\/strong><\/td>\n<td><strong>MARCA<\/strong><\/td>\n\n <td><strong>DESCRIPCI\u00d3N<\/strong><\/td>\n      <td><strong>MEDIDA<\/strong><\/td>\n<td><strong>COLOR<\/strong><\/td>\n    <\/tr>\n    <tr>\t\t\t\n\n\t\n<td>\tCINTA ADHESIVA\t<\/td>\n<td>\tACRILICAS\t<\/td>\n<td>\tPARLER\t<\/td>\n\n<td><strong>CINTA PARA EMPAQUE:<\/strong> USO COMERCIAL<br> <br><br>\n\n<strong>CARACTER\u00cdSTICAS<\/strong><br>\nNUESTRA CINTA ADHESIVA MARCA PARLER ES EXCELENTE PARA CERRADO DE CAJA, EMPAQUE Y EMBALAJE, PARA PL\u00c1STICOS Y VIDRIO.\n\n  <\/td>\n\t\n<td>\t\n48mm x 150m<br>\n72mm x 150m <br>\n<\/td>\n<td>TRANSPARENTE \/ CANELA <\/td>\t<\/tr>\n\n    \n  <\/tbody>\n<\/table>\n\n<p style=\"text-align: left;\" data-pm-slice=\"1 1 &#091;&#093;\"><strong>Cinta de Empaque: Seguridad y Resistencia para tus Env\u00edos<\/strong><\/p>\n<h3 style=\"text-align: left;\"><strong>La Mejor Cinta de Empaque para Protecci\u00f3n y Sellado Eficiente<\/strong><\/h3>\n<h4 style=\"text-align: left;\"><strong>Durabilidad, Adhesi\u00f3n y Versatilidad para Todo Tipo de Embalaje<\/strong><\/h4>\n<p style=\"text-align: left;\">Ofrecemos cinta de empaque de alta calidad, dise\u00f1ada para proporcionar un sellado seguro y resistente en cajas, paquetes y productos de todo tipo. Nuestra cinta garantiza una adhesi\u00f3n firme y duradera, optimizando la seguridad de tus env\u00edos y reduciendo riesgos de apertura accidental.<\/p>\n<div style=\"text-align: left;\"><hr \/><\/div>\n<h3 style=\"text-align: left;\"><strong>\u00bfPor qu\u00e9 elegir nuestra Cinta de Empaque?<\/strong><\/h3>\n<ul style=\"text-align: left;\" data-spread=\"false\">\n<li>\n<p><strong>Alta resistencia y adhesi\u00f3n superior:<\/strong>\u00a0Sellado seguro incluso en condiciones extremas.<\/p>\n<\/li>\n<li>\n<p><strong>Versatilidad para m\u00faltiples usos:<\/strong>\u00a0Ideal para almacenes, env\u00edos, mudanzas y m\u00e1s.<\/p>\n<\/li>\n<li>\n<p><strong>F\u00e1cil aplicaci\u00f3n:<\/strong>\u00a0Compatible con dispensadores manuales y autom\u00e1ticos.<\/p>\n<\/li>\n<li>\n<p><strong>Materiales de calidad:<\/strong>\u00a0Disponibles en opciones ecol\u00f3gicas y de alta duraci\u00f3n.<\/p>\n<\/li>\n<\/ul>\n<div style=\"text-align: left;\"><hr \/><\/div>\n<h3 style=\"text-align: left;\"><strong>Beneficios Clave de Nuestra Cinta de Empaque<\/strong><\/h3>\n<p style=\"text-align: left;\">\u2714\u00a0<strong>Protecci\u00f3n y seguridad:<\/strong>\u00a0Evita aperturas accidentales y protege el contenido. \u2714\u00a0<strong>Adhesi\u00f3n duradera:<\/strong>\u00a0Se mantiene firme en diversas superficies y condiciones. \u2714\u00a0<strong>Resistente al desgaste:<\/strong>\u00a0Soporta humedad, cambios de temperatura y manipulaci\u00f3n constante. \u2714\u00a0<strong>F\u00e1cil de manejar:<\/strong>\u00a0Aplicaci\u00f3n r\u00e1pida y sin esfuerzo. \u2714\u00a0<strong>Opciones personalizables:<\/strong>\u00a0Diferentes anchos, grosores y colores para cada necesidad.<\/p>\n<div style=\"text-align: left;\"><hr \/><\/div>\n<h3 style=\"text-align: left;\"><strong>Compromiso con la Calidad y la Eficiencia<\/strong><\/h3>\n<p style=\"text-align: left;\">Nuestra cinta de empaque est\u00e1 dise\u00f1ada para garantizar la seguridad de tus productos en cada env\u00edo. Cumplimos con los m\u00e1s altos est\u00e1ndares de calidad y resistencia, asegurando una soluci\u00f3n confiable para tu negocio.<\/p>\n<div style=\"text-align: left;\"><hr \/><\/div>\n<h3 style=\"text-align: left;\"><strong>Asegura tus Env\u00edos con la Mejor Cinta de Empaque<\/strong><\/h3>\n<p style=\"text-align: left;\">No comprometas la seguridad de tus productos. Cont\u00e1ctanos hoy mismo y elige la cinta de empaque ideal para tu negocio.<\/p>\n\n\t\t<\/div>\n\t\t\t\t\n<style>\n#col-1112799331 > .col-inner {\n  max-width: 1100px;\n}\n<\/style>\n\t<\/div>\n\n\t\n\n<\/div>\n\n\t\t<\/div>\n\t\t\t\t\t<\/div>\n\n\t\n\n<\/div>\n\n","protected":false},"excerpt":{"rendered":"","protected":false},"author":1,"featured_media":0,"parent":0,"menu_order":0,"comment_status":"closed","ping_status":"closed","template":"","meta":{"_joinchat":[],"footnotes":""},"class_list":["post-757","page","type-page","status-publish","hentry"],"yoast_head":"<!-- This site is optimized with the Yoast SEO Premium plugin v24.6 (Yoast SEO v27.1.1) - https:\/\/yoast.com\/product\/yoast-seo-premium-wordpress\/ -->\n<title>CINTA ADHESIVA PARLER - Corporaci&oacute;n Four Global<\/title>\n<meta name=\"robots\" content=\"index, follow, max-snippet:-1, max-image-preview:large, max-video-preview:-1\" \/>\n<link rel=\"canonical\" href=\"https:\/\/www.corporacionfourglobal.com\/tienda\/cinta-adhesiva-parler\/\" \/>\n<meta property=\"og:locale\" content=\"es_ES\" \/>\n<meta property=\"og:type\" content=\"article\" \/>\n<meta property=\"og:title\" content=\"CINTA ADHESIVA PARLER\" \/>\n<meta property=\"og:url\" content=\"https:\/\/www.corporacionfourglobal.com\/tienda\/cinta-adhesiva-parler\/\" \/>\n<meta property=\"og:site_name\" content=\"Corporaci&oacute;n Four Global\" \/>\n<meta property=\"article:publisher\" content=\"https:\/\/www.facebook.com\/people\/CorporaciC3B3n-Four-Global\/100075753681876\/\" \/>\n<meta property=\"article:modified_time\" content=\"2025-03-25T23:31:50+00:00\" \/>\n<meta name=\"twitter:card\" content=\"summary_large_image\" \/>\n<meta name=\"twitter:label1\" content=\"Tiempo de lectura\" \/>\n\t<meta name=\"twitter:data1\" content=\"1 minuto\" \/>\n<script type=\"application\/ld+json\" class=\"yoast-schema-graph\">{\"@context\":\"https:\/\/schema.org\",\"@graph\":[{\"@type\":\"WebPage\",\"@id\":\"https:\/\/www.corporacionfourglobal.com\/tienda\/cinta-adhesiva-parler\/\",\"url\":\"https:\/\/www.corporacionfourglobal.com\/tienda\/cinta-adhesiva-parler\/\",\"name\":\"CINTA ADHESIVA PARLER - Corporaci&oacute;n Four Global\",\"isPartOf\":{\"@id\":\"https:\/\/www.corporacionfourglobal.com\/tienda\/#website\"},\"datePublished\":\"2023-04-27T18:25:37+00:00\",\"dateModified\":\"2025-03-25T23:31:50+00:00\",\"breadcrumb\":{\"@id\":\"https:\/\/www.corporacionfourglobal.com\/tienda\/cinta-adhesiva-parler\/#breadcrumb\"},\"inLanguage\":\"es\",\"potentialAction\":[{\"@type\":\"ReadAction\",\"target\":[\"https:\/\/www.corporacionfourglobal.com\/tienda\/cinta-adhesiva-parler\/\"]}]},{\"@type\":\"BreadcrumbList\",\"@id\":\"https:\/\/www.corporacionfourglobal.com\/tienda\/cinta-adhesiva-parler\/#breadcrumb\",\"itemListElement\":[{\"@type\":\"ListItem\",\"position\":1,\"name\":\"Portada\",\"item\":\"https:\/\/www.corporacionfourglobal.com\/tienda\/\"},{\"@type\":\"ListItem\",\"position\":2,\"name\":\"CINTA ADHESIVA PARLER\"}]},{\"@type\":\"WebSite\",\"@id\":\"https:\/\/www.corporacionfourglobal.com\/tienda\/#website\",\"url\":\"https:\/\/www.corporacionfourglobal.com\/tienda\/\",\"name\":\"Corporaci\u00f3n Four Global\",\"description\":\"Veloces, Confiables y Eficientes\",\"publisher\":{\"@id\":\"https:\/\/www.corporacionfourglobal.com\/tienda\/#organization\"},\"potentialAction\":[{\"@type\":\"SearchAction\",\"target\":{\"@type\":\"EntryPoint\",\"urlTemplate\":\"https:\/\/www.corporacionfourglobal.com\/tienda\/?s={search_term_string}\"},\"query-input\":{\"@type\":\"PropertyValueSpecification\",\"valueRequired\":true,\"valueName\":\"search_term_string\"}}],\"inLanguage\":\"es\"},{\"@type\":\"Organization\",\"@id\":\"https:\/\/www.corporacionfourglobal.com\/tienda\/#organization\",\"name\":\"Corporaci\u00f3n Four Global\",\"url\":\"https:\/\/www.corporacionfourglobal.com\/tienda\/\",\"logo\":{\"@type\":\"ImageObject\",\"inLanguage\":\"es\",\"@id\":\"https:\/\/www.corporacionfourglobal.com\/tienda\/#\/schema\/logo\/image\/\",\"url\":\"https:\/\/www.corporacionfourglobal.com\/tienda\/wp-content\/uploads\/2021\/10\/logo-web-2.jpg\",\"contentUrl\":\"https:\/\/www.corporacionfourglobal.com\/tienda\/wp-content\/uploads\/2021\/10\/logo-web-2.jpg\",\"width\":500,\"height\":500,\"caption\":\"Corporaci\u00f3n Four Global\"},\"image\":{\"@id\":\"https:\/\/www.corporacionfourglobal.com\/tienda\/#\/schema\/logo\/image\/\"},\"sameAs\":[\"https:\/\/www.facebook.com\/people\/CorporaciC3B3n-Four-Global\/100075753681876\/\",\"https:\/\/www.instagram.com\/fourglobal2021\/\"]}]}<\/script>\n<!-- \/ Yoast SEO Premium plugin. -->","yoast_head_json":{"title":"CINTA ADHESIVA PARLER - Corporaci&oacute;n Four Global","robots":{"index":"index","follow":"follow","max-snippet":"max-snippet:-1","max-image-preview":"max-image-preview:large","max-video-preview":"max-video-preview:-1"},"canonical":"https:\/\/www.corporacionfourglobal.com\/tienda\/cinta-adhesiva-parler\/","og_locale":"es_ES","og_type":"article","og_title":"CINTA ADHESIVA PARLER","og_url":"https:\/\/www.corporacionfourglobal.com\/tienda\/cinta-adhesiva-parler\/","og_site_name":"Corporaci&oacute;n Four Global","article_publisher":"https:\/\/www.facebook.com\/people\/CorporaciC3B3n-Four-Global\/100075753681876\/","article_modified_time":"2025-03-25T23:31:50+00:00","twitter_card":"summary_large_image","twitter_misc":{"Tiempo de lectura":"1 minuto"},"schema":{"@context":"https:\/\/schema.org","@graph":[{"@type":"WebPage","@id":"https:\/\/www.corporacionfourglobal.com\/tienda\/cinta-adhesiva-parler\/","url":"https:\/\/www.corporacionfourglobal.com\/tienda\/cinta-adhesiva-parler\/","name":"CINTA ADHESIVA PARLER - Corporaci&oacute;n Four Global","isPartOf":{"@id":"https:\/\/www.corporacionfourglobal.com\/tienda\/#website"},"datePublished":"2023-04-27T18:25:37+00:00","dateModified":"2025-03-25T23:31:50+00:00","breadcrumb":{"@id":"https:\/\/www.corporacionfourglobal.com\/tienda\/cinta-adhesiva-parler\/#breadcrumb"},"inLanguage":"es","potentialAction":[{"@type":"ReadAction","target":["https:\/\/www.corporacionfourglobal.com\/tienda\/cinta-adhesiva-parler\/"]}]},{"@type":"BreadcrumbList","@id":"https:\/\/www.corporacionfourglobal.com\/tienda\/cinta-adhesiva-parler\/#breadcrumb","itemListElement":[{"@type":"ListItem","position":1,"name":"Portada","item":"https:\/\/www.corporacionfourglobal.com\/tienda\/"},{"@type":"ListItem","position":2,"name":"CINTA ADHESIVA PARLER"}]},{"@type":"WebSite","@id":"https:\/\/www.corporacionfourglobal.com\/tienda\/#website","url":"https:\/\/www.corporacionfourglobal.com\/tienda\/","name":"Corporaci\u00f3n Four Global","description":"Veloces, Confiables y Eficientes","publisher":{"@id":"https:\/\/www.corporacionfourglobal.com\/tienda\/#organization"},"potentialAction":[{"@type":"SearchAction","target":{"@type":"EntryPoint","urlTemplate":"https:\/\/www.corporacionfourglobal.com\/tienda\/?s={search_term_string}"},"query-input":{"@type":"PropertyValueSpecification","valueRequired":true,"valueName":"search_term_string"}}],"inLanguage":"es"},{"@type":"Organization","@id":"https:\/\/www.corporacionfourglobal.com\/tienda\/#organization","name":"Corporaci\u00f3n Four Global","url":"https:\/\/www.corporacionfourglobal.com\/tienda\/","logo":{"@type":"ImageObject","inLanguage":"es","@id":"https:\/\/www.corporacionfourglobal.com\/tienda\/#\/schema\/logo\/image\/","url":"https:\/\/www.corporacionfourglobal.com\/tienda\/wp-content\/uploads\/2021\/10\/logo-web-2.jpg","contentUrl":"https:\/\/www.corporacionfourglobal.com\/tienda\/wp-content\/uploads\/2021\/10\/logo-web-2.jpg","width":500,"height":500,"caption":"Corporaci\u00f3n Four Global"},"image":{"@id":"https:\/\/www.corporacionfourglobal.com\/tienda\/#\/schema\/logo\/image\/"},"sameAs":["https:\/\/www.facebook.com\/people\/CorporaciC3B3n-Four-Global\/100075753681876\/","https:\/\/www.instagram.com\/fourglobal2021\/"]}]}},"_links":{"self":[{"href":"https:\/\/www.corporacionfourglobal.com\/tienda\/wp-json\/wp\/v2\/pages\/757","targetHints":{"allow":["GET"]}}],"collection":[{"href":"https:\/\/www.corporacionfourglobal.com\/tienda\/wp-json\/wp\/v2\/pages"}],"about":[{"href":"https:\/\/www.corporacionfourglobal.com\/tienda\/wp-json\/wp\/v2\/types\/page"}],"author":[{"embeddable":true,"href":"https:\/\/www.corporacionfourglobal.com\/tienda\/wp-json\/wp\/v2\/users\/1"}],"replies":[{"embeddable":true,"href":"https:\/\/www.corporacionfourglobal.com\/tienda\/wp-json\/wp\/v2\/comments?post=757"}],"version-history":[{"count":1,"href":"https:\/\/www.corporacionfourglobal.com\/tienda\/wp-json\/wp\/v2\/pages\/757\/revisions"}],"predecessor-version":[{"id":1009,"href":"https:\/\/www.corporacionfourglobal.com\/tienda\/wp-json\/wp\/v2\/pages\/757\/revisions\/1009"}],"wp:attachment":[{"href":"https:\/\/www.corporacionfourglobal.com\/tienda\/wp-json\/wp\/v2\/media?parent=757"}],"curies":[{"name":"wp","href":"https:\/\/api.w.org\/{rel}","templated":true}]}}