{"id":744,"date":"2023-04-27T00:33:33","date_gmt":"2023-04-27T00:33:33","guid":{"rendered":"https:\/\/www.corporacionfourglobal.com\/tienda\/?page_id=744"},"modified":"2025-03-25T23:14:48","modified_gmt":"2025-03-25T23:14:48","slug":"cinta-adhesiva-paketape-humedecible-gorila","status":"publish","type":"page","link":"https:\/\/www.corporacionfourglobal.com\/tienda\/cinta-adhesiva-paketape-humedecible-gorila\/","title":{"rendered":"CINTA ADHESIVA PAKETAPE HUMEDECIBLE GORILA"},"content":{"rendered":"\n\n  <div class=\"banner has-hover\" id=\"banner-1674206816\">\n          <div class=\"banner-inner fill\">\n        <div class=\"banner-bg fill\" >\n            <img loading=\"lazy\" decoding=\"async\" width=\"1020\" height=\"390\" src=\"https:\/\/www.corporacionfourglobal.com\/tienda\/wp-content\/uploads\/2023\/04\/cinta-paketape-gorila.jpg\" class=\"bg attachment-large size-large\" alt=\"\" \/>                                    \n                    <\/div>\n\t\t\n        <div class=\"banner-layers container\">\n            <div class=\"fill banner-link\"><\/div>            \n\n   <div id=\"text-box-945720273\" class=\"text-box banner-layer x50 md-x50 lg-x50 y50 md-y50 lg-y50 res-text\">\n                                <div class=\"text-box-content text dark\">\n              \n              <div class=\"text-inner text-center\">\n                  \n\n\n              <\/div>\n           <\/div>\n                            \n<style>\n#text-box-945720273 {\n  width: 60%;\n}\n#text-box-945720273 .text-box-content {\n  font-size: 100%;\n}\n@media (min-width:550px) {\n  #text-box-945720273 {\n    width: 60%;\n  }\n}\n<\/style>\n    <\/div>\n \n\n        <\/div>\n      <\/div>\n\n            \n<style>\n#banner-1674206816 {\n  padding-top: 400px;\n}\n<\/style>\n  <\/div>\n\n\n<div class=\"row\"  id=\"row-414593131\">\n\n\n\t<div id=\"col-1174731980\" class=\"col small-12 large-12\"  >\n\t\t\t\t<div class=\"col-inner\"  >\n\t\t\t\n\t\t\t\n\n\t<div id=\"text-4021173852\" class=\"text\">\n\t\t\n\n<h2>CINTA DE EMPAQUE<\/h2>\n\t\t\n<style>\n#text-4021173852 {\n  text-align: center;\n}\n<\/style>\n\t<\/div>\n\t\n\t<div id=\"text-4035608261\" class=\"text\">\n\t\t\n\n<p>La cinta de embalaje adhesiva es un consumible muy utilizado en la industria del embalaje consistente en una tira alargada recogida en forma de rollo con adhesivo incorporado que se utiliza para unir, cerrar o flejar determinados productos (cajas, palets, cables el\u00e9ctricos\u2026).<\/p>\n\t\t\n<style>\n#text-4035608261 {\n  text-align: center;\n}\n<\/style>\n\t<\/div>\n\t\n\n\t\t<\/div>\n\t\t\t\t\t<\/div>\n\n\t\n\n\t<div id=\"col-395109166\" class=\"col small-12 large-12\"  >\n\t\t\t\t<div class=\"col-inner\"  >\n\t\t\t\n\t\t\t\n\n<div class=\"row\"  id=\"row-1859473960\">\n\n\n\t<div id=\"col-2134108803\" class=\"col small-12 large-12\"  >\n\t\t\t\t<div class=\"col-inner text-center\"  >\n\t\t\t\n\t<div class=\"is-border\"\n\t\tstyle=\"border-width:0px 0px 0px 0px;\">\n\t<\/div>\n\t\t\t\n\n\n\n<table width=\"100%\" border=\"0\" class=\"table-rwd\">\n  <tbody>\n<h5 align=\"left\">CINTA ADHESIVA PAKE TAPE HUMEDECIBLE \u00abGORILA\u00bb  <\/h5>\n<tr>\n      \n<td><strong>CATEGORIA<\/strong><\/td>\n<td><strong>SUBCATEGORIA<\/strong><\/td>\n<td><strong>MARCA<\/strong><\/td>\n<td><strong>TIPO<\/strong><\/td>\n <td><strong>DESCRIPCI\u00d3N<\/strong><\/td>\n      <td><strong>MEDIDA<\/strong><\/td>\n<td><strong>COLOR<\/strong><\/td>\n    <\/tr>\n    <tr>\t\t\t\n\n\t\n<td>\tCINTA ADHESIVA\t<\/td>\n<td>\tESPECIALIDADES\t<\/td>\n<td>\tPAKETAPE\t<\/td>\n<td>HUMEDECIBLE CON FILAMENTOS \u00abGORILA\u00bb\t<\/td>\n<td><strong>CINTA PARA EMPAQUE REFORZADA CON FILAMENTOS<\/strong><br> <br><br>\n\n<strong>CARACTER\u00cdSTICAS<\/strong><br>\nCINTA REFORZADA CON FILAMENTOS DE FIBRA DE VIDRIO, ACTIVADA POR EL AGUA, PARA EL SELLADO DE CAJAS DE CART\u00d3N.\n<br><br>\n<strong>APLICACIONES<\/strong><br>\nSE UTILIZA PARA EMPAQUES EN DONDE SE DEMANDE UNA ALTA FIJACI\u00d3N Y RETENCI\u00d3N TALES COMO AMARRES, FIJADO Y SELLADO DE CAJAS MUY PESADAS, EQUIPOS, AS\u00cd COMO APARATOS DOM\u00c9STICOS E INDUSTRIALES DURANTE SU TRANSPORTACI\u00d3N.    <\/td>\n\t\n<td>\t\n70mm x 137m <br>\n<\/td>\n<td>KRAFT <\/td>\t<\/tr>\n\n    \n  <\/tbody>\n<\/table>\n\n<h3 style=\"text-align: left;\" data-pm-slice=\"1 1 &#091;&#093;\"><strong>La Cinta de Empaque M\u00e1s Fuerte y Duradera del Mercado<\/strong><\/h3>\n<p style=\"text-align: left;\">Sellado Resistente, Protecci\u00f3n Total y M\u00e1xima Adherencia<\/p>\n<p style=\"text-align: left;\">Ofrecemos la\u00a0<strong>Cinta Gorila de Empaque<\/strong>, la soluci\u00f3n definitiva para embalajes que requieren\u00a0<strong>resistencia extrema<\/strong>. Con una adhesi\u00f3n superior y un material ultra duradero, nuestra cinta es ideal para proteger tus env\u00edos contra golpes, humedad y manipulaci\u00f3n brusca.<\/p>\n<div style=\"text-align: left;\"><hr \/><\/div>\n<h3 style=\"text-align: left;\"><strong>\u00bfPor qu\u00e9 elegir nuestra Cinta Gorila de Empaque?\u00a0<\/strong><\/h3>\n<ul style=\"text-align: left;\" data-spread=\"false\">\n<li>\n<p><strong>Adherencia ultra fuerte:<\/strong>\u00a0Se fija a cart\u00f3n, pl\u00e1stico, metal y otras superficies sin despegarse.<\/p>\n<\/li>\n<li>\n<p><strong>Material de alta resistencia:<\/strong>\u00a0Soporta condiciones extremas de temperatura y humedad.<\/p>\n<\/li>\n<li>\n<p><strong>F\u00e1cil aplicaci\u00f3n:<\/strong>\u00a0Compatible con dispensadores para un uso \u00e1gil y sin complicaciones.<\/p>\n<\/li>\n<li>\n<p><strong>Durabilidad extrema:<\/strong>\u00a0Dise\u00f1ada para resistir impactos y mantener el sellado intacto.<\/p>\n<\/li>\n<\/ul>\n<div style=\"text-align: left;\"><hr \/><\/div>\n<h3 style=\"text-align: left;\"><strong>Beneficios Clave de Nuestra Cinta Gorila de Empaque<\/strong><\/h3>\n<p style=\"text-align: left;\">\u2714\u00a0<strong>M\u00e1xima seguridad en embalajes:<\/strong>\u00a0Ideal para env\u00edos pesados y de alto valor. \u2714\u00a0<strong>Resistencia superior:<\/strong>\u00a0No se rompe ni despega, incluso en condiciones adversas. \u2714\u00a0<strong>Versatilidad de uso:<\/strong>\u00a0Perfecta para uso industrial, comercial y dom\u00e9stico. \u2714\u00a0<strong>Sellado confiable:<\/strong>\u00a0Protege el contenido de tus paquetes en cualquier ambiente. \u2714\u00a0<strong>Mayor eficiencia log\u00edstica:<\/strong>\u00a0Reduce devoluciones por paquetes da\u00f1ados.<\/p>\n<div style=\"text-align: left;\"><hr \/><\/div>\n<h3 style=\"text-align: left;\"><strong>Compromiso con la Calidad y la Innovaci\u00f3n<\/strong><\/h3>\n<p style=\"text-align: left;\">Nuestra\u00a0<strong>Cinta Gorila de Empaque<\/strong>\u00a0ha sido desarrollada con tecnolog\u00eda avanzada para garantizar un desempe\u00f1o excepcional. La calidad de nuestro producto se traduce en mayor confianza y seguridad para tu negocio.<\/p>\n<div style=\"text-align: left;\"><hr \/><\/div>\n<h3 style=\"text-align: left;\"><strong>Protege tus Env\u00edos con la Mejor Cinta de Empaque<\/strong><\/h3>\n<p style=\"text-align: left;\">Conf\u00eda en la\u00a0<strong>Cinta Gorila de Empaque<\/strong>\u00a0para un sellado fuerte y duradero. \u00a1Cont\u00e1ctanos hoy y asegura la integridad de tus paquetes!<\/p>\n\n\t\t<\/div>\n\t\t\t\t\n<style>\n#col-2134108803 > .col-inner {\n  max-width: 1100px;\n}\n<\/style>\n\t<\/div>\n\n\t\n\n<\/div>\n\n\t\t<\/div>\n\t\t\t\t\t<\/div>\n\n\t\n\n<\/div>\n\n","protected":false},"excerpt":{"rendered":"","protected":false},"author":1,"featured_media":0,"parent":0,"menu_order":0,"comment_status":"closed","ping_status":"closed","template":"","meta":{"_joinchat":[],"footnotes":""},"class_list":["post-744","page","type-page","status-publish","hentry"],"yoast_head":"<!-- This site is optimized with the Yoast SEO Premium plugin v24.6 (Yoast SEO v27.1.1) - https:\/\/yoast.com\/product\/yoast-seo-premium-wordpress\/ -->\n<title>CINTA ADHESIVA PAKETAPE HUMEDECIBLE GORILA - Corporaci&oacute;n Four Global<\/title>\n<meta name=\"robots\" content=\"index, follow, max-snippet:-1, max-image-preview:large, max-video-preview:-1\" \/>\n<link rel=\"canonical\" href=\"https:\/\/www.corporacionfourglobal.com\/tienda\/cinta-adhesiva-paketape-humedecible-gorila\/\" \/>\n<meta property=\"og:locale\" content=\"es_ES\" \/>\n<meta property=\"og:type\" content=\"article\" \/>\n<meta property=\"og:title\" content=\"CINTA ADHESIVA PAKETAPE HUMEDECIBLE GORILA\" \/>\n<meta property=\"og:url\" content=\"https:\/\/www.corporacionfourglobal.com\/tienda\/cinta-adhesiva-paketape-humedecible-gorila\/\" \/>\n<meta property=\"og:site_name\" content=\"Corporaci&oacute;n Four Global\" \/>\n<meta property=\"article:publisher\" content=\"https:\/\/www.facebook.com\/people\/CorporaciC3B3n-Four-Global\/100075753681876\/\" \/>\n<meta property=\"article:modified_time\" content=\"2025-03-25T23:14:48+00:00\" \/>\n<meta name=\"twitter:card\" content=\"summary_large_image\" \/>\n<meta name=\"twitter:label1\" content=\"Tiempo de lectura\" \/>\n\t<meta name=\"twitter:data1\" content=\"1 minuto\" \/>\n<script type=\"application\/ld+json\" class=\"yoast-schema-graph\">{\"@context\":\"https:\/\/schema.org\",\"@graph\":[{\"@type\":\"WebPage\",\"@id\":\"https:\/\/www.corporacionfourglobal.com\/tienda\/cinta-adhesiva-paketape-humedecible-gorila\/\",\"url\":\"https:\/\/www.corporacionfourglobal.com\/tienda\/cinta-adhesiva-paketape-humedecible-gorila\/\",\"name\":\"CINTA ADHESIVA PAKETAPE HUMEDECIBLE GORILA - Corporaci&oacute;n Four Global\",\"isPartOf\":{\"@id\":\"https:\/\/www.corporacionfourglobal.com\/tienda\/#website\"},\"datePublished\":\"2023-04-27T00:33:33+00:00\",\"dateModified\":\"2025-03-25T23:14:48+00:00\",\"breadcrumb\":{\"@id\":\"https:\/\/www.corporacionfourglobal.com\/tienda\/cinta-adhesiva-paketape-humedecible-gorila\/#breadcrumb\"},\"inLanguage\":\"es\",\"potentialAction\":[{\"@type\":\"ReadAction\",\"target\":[\"https:\/\/www.corporacionfourglobal.com\/tienda\/cinta-adhesiva-paketape-humedecible-gorila\/\"]}]},{\"@type\":\"BreadcrumbList\",\"@id\":\"https:\/\/www.corporacionfourglobal.com\/tienda\/cinta-adhesiva-paketape-humedecible-gorila\/#breadcrumb\",\"itemListElement\":[{\"@type\":\"ListItem\",\"position\":1,\"name\":\"Portada\",\"item\":\"https:\/\/www.corporacionfourglobal.com\/tienda\/\"},{\"@type\":\"ListItem\",\"position\":2,\"name\":\"CINTA ADHESIVA PAKETAPE HUMEDECIBLE GORILA\"}]},{\"@type\":\"WebSite\",\"@id\":\"https:\/\/www.corporacionfourglobal.com\/tienda\/#website\",\"url\":\"https:\/\/www.corporacionfourglobal.com\/tienda\/\",\"name\":\"Corporaci\u00f3n Four Global\",\"description\":\"Veloces, Confiables y Eficientes\",\"publisher\":{\"@id\":\"https:\/\/www.corporacionfourglobal.com\/tienda\/#organization\"},\"potentialAction\":[{\"@type\":\"SearchAction\",\"target\":{\"@type\":\"EntryPoint\",\"urlTemplate\":\"https:\/\/www.corporacionfourglobal.com\/tienda\/?s={search_term_string}\"},\"query-input\":{\"@type\":\"PropertyValueSpecification\",\"valueRequired\":true,\"valueName\":\"search_term_string\"}}],\"inLanguage\":\"es\"},{\"@type\":\"Organization\",\"@id\":\"https:\/\/www.corporacionfourglobal.com\/tienda\/#organization\",\"name\":\"Corporaci\u00f3n Four Global\",\"url\":\"https:\/\/www.corporacionfourglobal.com\/tienda\/\",\"logo\":{\"@type\":\"ImageObject\",\"inLanguage\":\"es\",\"@id\":\"https:\/\/www.corporacionfourglobal.com\/tienda\/#\/schema\/logo\/image\/\",\"url\":\"https:\/\/www.corporacionfourglobal.com\/tienda\/wp-content\/uploads\/2021\/10\/logo-web-2.jpg\",\"contentUrl\":\"https:\/\/www.corporacionfourglobal.com\/tienda\/wp-content\/uploads\/2021\/10\/logo-web-2.jpg\",\"width\":500,\"height\":500,\"caption\":\"Corporaci\u00f3n Four Global\"},\"image\":{\"@id\":\"https:\/\/www.corporacionfourglobal.com\/tienda\/#\/schema\/logo\/image\/\"},\"sameAs\":[\"https:\/\/www.facebook.com\/people\/CorporaciC3B3n-Four-Global\/100075753681876\/\",\"https:\/\/www.instagram.com\/fourglobal2021\/\"]}]}<\/script>\n<!-- \/ Yoast SEO Premium plugin. -->","yoast_head_json":{"title":"CINTA ADHESIVA PAKETAPE HUMEDECIBLE GORILA - Corporaci&oacute;n Four Global","robots":{"index":"index","follow":"follow","max-snippet":"max-snippet:-1","max-image-preview":"max-image-preview:large","max-video-preview":"max-video-preview:-1"},"canonical":"https:\/\/www.corporacionfourglobal.com\/tienda\/cinta-adhesiva-paketape-humedecible-gorila\/","og_locale":"es_ES","og_type":"article","og_title":"CINTA ADHESIVA PAKETAPE HUMEDECIBLE GORILA","og_url":"https:\/\/www.corporacionfourglobal.com\/tienda\/cinta-adhesiva-paketape-humedecible-gorila\/","og_site_name":"Corporaci&oacute;n Four Global","article_publisher":"https:\/\/www.facebook.com\/people\/CorporaciC3B3n-Four-Global\/100075753681876\/","article_modified_time":"2025-03-25T23:14:48+00:00","twitter_card":"summary_large_image","twitter_misc":{"Tiempo de lectura":"1 minuto"},"schema":{"@context":"https:\/\/schema.org","@graph":[{"@type":"WebPage","@id":"https:\/\/www.corporacionfourglobal.com\/tienda\/cinta-adhesiva-paketape-humedecible-gorila\/","url":"https:\/\/www.corporacionfourglobal.com\/tienda\/cinta-adhesiva-paketape-humedecible-gorila\/","name":"CINTA ADHESIVA PAKETAPE HUMEDECIBLE GORILA - Corporaci&oacute;n Four Global","isPartOf":{"@id":"https:\/\/www.corporacionfourglobal.com\/tienda\/#website"},"datePublished":"2023-04-27T00:33:33+00:00","dateModified":"2025-03-25T23:14:48+00:00","breadcrumb":{"@id":"https:\/\/www.corporacionfourglobal.com\/tienda\/cinta-adhesiva-paketape-humedecible-gorila\/#breadcrumb"},"inLanguage":"es","potentialAction":[{"@type":"ReadAction","target":["https:\/\/www.corporacionfourglobal.com\/tienda\/cinta-adhesiva-paketape-humedecible-gorila\/"]}]},{"@type":"BreadcrumbList","@id":"https:\/\/www.corporacionfourglobal.com\/tienda\/cinta-adhesiva-paketape-humedecible-gorila\/#breadcrumb","itemListElement":[{"@type":"ListItem","position":1,"name":"Portada","item":"https:\/\/www.corporacionfourglobal.com\/tienda\/"},{"@type":"ListItem","position":2,"name":"CINTA ADHESIVA PAKETAPE HUMEDECIBLE GORILA"}]},{"@type":"WebSite","@id":"https:\/\/www.corporacionfourglobal.com\/tienda\/#website","url":"https:\/\/www.corporacionfourglobal.com\/tienda\/","name":"Corporaci\u00f3n Four Global","description":"Veloces, Confiables y Eficientes","publisher":{"@id":"https:\/\/www.corporacionfourglobal.com\/tienda\/#organization"},"potentialAction":[{"@type":"SearchAction","target":{"@type":"EntryPoint","urlTemplate":"https:\/\/www.corporacionfourglobal.com\/tienda\/?s={search_term_string}"},"query-input":{"@type":"PropertyValueSpecification","valueRequired":true,"valueName":"search_term_string"}}],"inLanguage":"es"},{"@type":"Organization","@id":"https:\/\/www.corporacionfourglobal.com\/tienda\/#organization","name":"Corporaci\u00f3n Four Global","url":"https:\/\/www.corporacionfourglobal.com\/tienda\/","logo":{"@type":"ImageObject","inLanguage":"es","@id":"https:\/\/www.corporacionfourglobal.com\/tienda\/#\/schema\/logo\/image\/","url":"https:\/\/www.corporacionfourglobal.com\/tienda\/wp-content\/uploads\/2021\/10\/logo-web-2.jpg","contentUrl":"https:\/\/www.corporacionfourglobal.com\/tienda\/wp-content\/uploads\/2021\/10\/logo-web-2.jpg","width":500,"height":500,"caption":"Corporaci\u00f3n Four Global"},"image":{"@id":"https:\/\/www.corporacionfourglobal.com\/tienda\/#\/schema\/logo\/image\/"},"sameAs":["https:\/\/www.facebook.com\/people\/CorporaciC3B3n-Four-Global\/100075753681876\/","https:\/\/www.instagram.com\/fourglobal2021\/"]}]}},"_links":{"self":[{"href":"https:\/\/www.corporacionfourglobal.com\/tienda\/wp-json\/wp\/v2\/pages\/744","targetHints":{"allow":["GET"]}}],"collection":[{"href":"https:\/\/www.corporacionfourglobal.com\/tienda\/wp-json\/wp\/v2\/pages"}],"about":[{"href":"https:\/\/www.corporacionfourglobal.com\/tienda\/wp-json\/wp\/v2\/types\/page"}],"author":[{"embeddable":true,"href":"https:\/\/www.corporacionfourglobal.com\/tienda\/wp-json\/wp\/v2\/users\/1"}],"replies":[{"embeddable":true,"href":"https:\/\/www.corporacionfourglobal.com\/tienda\/wp-json\/wp\/v2\/comments?post=744"}],"version-history":[{"count":1,"href":"https:\/\/www.corporacionfourglobal.com\/tienda\/wp-json\/wp\/v2\/pages\/744\/revisions"}],"predecessor-version":[{"id":1002,"href":"https:\/\/www.corporacionfourglobal.com\/tienda\/wp-json\/wp\/v2\/pages\/744\/revisions\/1002"}],"wp:attachment":[{"href":"https:\/\/www.corporacionfourglobal.com\/tienda\/wp-json\/wp\/v2\/media?parent=744"}],"curies":[{"name":"wp","href":"https:\/\/api.w.org\/{rel}","templated":true}]}}