{"id":726,"date":"2023-04-26T23:32:36","date_gmt":"2023-04-26T23:32:36","guid":{"rendered":"https:\/\/www.corporacionfourglobal.com\/tienda\/?page_id=726"},"modified":"2025-03-26T00:08:45","modified_gmt":"2025-03-26T00:08:45","slug":"pelicula-stretch-preestirado","status":"publish","type":"page","link":"https:\/\/www.corporacionfourglobal.com\/tienda\/pelicula-stretch-preestirado\/","title":{"rendered":"PELICULA STRETCH PREESTIRADO"},"content":{"rendered":"\n\n  <div class=\"banner has-hover\" id=\"banner-244841740\">\n          <div class=\"banner-inner fill\">\n        <div class=\"banner-bg fill\" >\n            <img loading=\"lazy\" decoding=\"async\" width=\"1020\" height=\"390\" src=\"https:\/\/www.corporacionfourglobal.com\/tienda\/wp-content\/uploads\/2023\/04\/Pelicula-strech-manual-1.jpg\" class=\"bg attachment-large size-large\" alt=\"\" \/>                                    \n                    <\/div>\n\t\t\n        <div class=\"banner-layers container\">\n            <div class=\"fill banner-link\"><\/div>            \n\n   <div id=\"text-box-1533026029\" class=\"text-box banner-layer x50 md-x50 lg-x50 y50 md-y50 lg-y50 res-text\">\n                                <div class=\"text-box-content text dark\">\n              \n              <div class=\"text-inner text-center\">\n                  \n\n\n              <\/div>\n           <\/div>\n                            \n<style>\n#text-box-1533026029 {\n  width: 60%;\n}\n#text-box-1533026029 .text-box-content {\n  font-size: 100%;\n}\n@media (min-width:550px) {\n  #text-box-1533026029 {\n    width: 60%;\n  }\n}\n<\/style>\n    <\/div>\n \n\n        <\/div>\n      <\/div>\n\n            \n<style>\n#banner-244841740 {\n  padding-top: 400px;\n}\n<\/style>\n  <\/div>\n\n\n<div class=\"row\"  id=\"row-1292595167\">\n\n\n\t<div id=\"col-1060787758\" class=\"col small-12 large-12\"  >\n\t\t\t\t<div class=\"col-inner\"  >\n\t\t\t\n\t\t\t\n\n\t<div id=\"text-4208025148\" class=\"text\">\n\t\t\n\n<h2>PELICULA STRETCH PREESTIRADO<\/h2>\n\t\t\n<style>\n#text-4208025148 {\n  text-align: center;\n}\n<\/style>\n\t<\/div>\n\t\n\n\t\t<\/div>\n\t\t\t\t\t<\/div>\n\n\t\n\n\t<div id=\"col-1798925995\" class=\"col small-12 large-12\"  >\n\t\t\t\t<div class=\"col-inner\"  >\n\t\t\t\n\t\t\t\n\n<div class=\"row\"  id=\"row-349656061\">\n\n\n\t<div id=\"col-708898035\" class=\"col small-12 large-12\"  >\n\t\t\t\t<div class=\"col-inner text-center\"  >\n\t\t\t\n\t\t\t\n\n\n\n<table width=\"100%\" border=\"0\" class=\"table-rwd\">\n  <tbody>\n<tr>\n       <td><strong>DESCRIPCI\u00d3N<\/strong><\/td>\n<td><strong>CATEGORIA<\/strong><\/td>\n      \n     \n      <td><strong>MEDIDA<\/strong><\/td>\n    <\/tr>\n    <tr>\t\t\t\n\n<td>\tNUESTRAS PEL\u00cdCULAS STRETCH SON DE LA M\u00c1S ALTA CALIDAD Y PRECIO.<br>\nLOS USOS GENERALES SON PARA ENVOLVER PRODUCTOS Y TRANSPORTALOS DE  FORMA<br>  ECON\u00d3MICA, PR\u00c1CTICA Y SEGURA.\n\t<\/td>\t\n<td>\tREFORZADO\t<\/td>\n\n\t\n<td>\t\n<strong> ANCHO<\/strong> 16.5&#8243; \/ 17&#8243;<br>\n<strong>CALIBRE<\/strong>\n 30 \/ 35<br>\n<strong>LARGO<\/strong>\n1000 \/ 1500<\/td>\t<\/tr>\n\n    \n  <\/tbody>\n<\/table>\n\n<p style=\"text-align: left;\" data-pm-slice=\"1 1 &#091;&#093;\"><strong>PEL\u00cdCULA STRETCH PREESTIRADO \u2013 EFICIENCIA Y AHORRO EN CADA APLICACI\u00d3N<\/strong><\/p>\n<h3 style=\"text-align: left;\">La Mejor Opci\u00f3n para un Embalaje R\u00e1pido y Rentable<\/h3>\n<p style=\"text-align: left;\">Ofrecemos <strong>pel\u00edcula stretch preestirado<\/strong> de alta calidad, dise\u00f1ada para optimizar el embalaje con menor esfuerzo y mayor rendimiento. Su fabricaci\u00f3n avanzada permite un uso eficiente, reduciendo costos y mejorando la protecci\u00f3n de tu carga.<\/p>\n<p style=\"text-align: left;\" data-pm-slice=\"1 1 &#091;&#093;\">\u2714 <strong>Menos Consumo de Material:<\/strong> Su preestirado permite utilizar menor cantidad de film sin perder resistencia.<br \/>\u2714 <strong>Alta Resistencia:<\/strong> Mantiene la carga estable y protegida contra da\u00f1os externos.<br \/>\u2714 <strong>F\u00e1cil Aplicaci\u00f3n:<\/strong> Menos esfuerzo f\u00edsico y mayor comodidad en su uso.<br \/>\u2714 <strong>Sostenibilidad:<\/strong> Reduce el desperdicio de pl\u00e1stico y contribuye al cuidado del medio ambiente.<br \/>\u2714 <strong>Entrega R\u00e1pida:<\/strong> Disponibilidad inmediata para mantener la eficiencia en tu operaci\u00f3n.<\/p>\n<h2 style=\"text-align: left;\" data-pm-slice=\"1 3 &#091;&#093;\">Beneficios de Nuestra Pel\u00edcula Stretch Preestirado<\/h2>\n<ul style=\"text-align: left;\" data-spread=\"false\">\n<li>\n<p><strong>Ahorro en Costos:<\/strong> Menos material utilizado por cada unidad de embalaje.<\/p>\n<\/li>\n<li>\n<p><strong>Menos Esfuerzo F\u00edsico:<\/strong> No requiere tanta fuerza para su aplicaci\u00f3n.<\/p>\n<\/li>\n<li>\n<p><strong>Protecci\u00f3n Eficiente:<\/strong> Excelente resistencia a impactos, humedad y polvo.<\/p>\n<\/li>\n<li>\n<p><strong>Ideal para Diversas Industrias:<\/strong> Perfecta para log\u00edstica, almacenamiento, distribuci\u00f3n y m\u00e1s.<\/p>\n<\/li>\n<\/ul>\n<h2 style=\"text-align: left;\" data-pm-slice=\"1 1 &#091;&#093;\">Calidad y Confianza en Cada Aplicaci\u00f3n<\/h2>\n<p style=\"text-align: left;\">Nuestra <strong>pel\u00edcula stretch preestirado<\/strong> cumple con los m\u00e1s altos est\u00e1ndares de calidad, proporcionando un embalaje seguro, eficiente y rentable.\u00a0<\/p>\n<h3 style=\"text-align: left;\">\u00a1Optimiza tu Embalaje con Tecnolog\u00eda Avanzada!<\/h3>\n<p style=\"text-align: left;\">Maximiza la eficiencia y seguridad de tu carga con nuestra <strong>pel\u00edcula stretch preestirado<\/strong> de alto rendimiento.<\/p>\n<p style=\"text-align: left;\"><strong>Cont\u00e1ctanos hoy mismo<\/strong> y recibe asesor\u00eda personalizada para encontrar la mejor soluci\u00f3n para tu negocio.<\/p>\n\n\t\t<\/div>\n\t\t\t\t\n<style>\n#col-708898035 > .col-inner {\n  padding: 3px 20px 0px 3px;\n}\n<\/style>\n\t<\/div>\n\n\t\n\n<\/div>\n\n\t\t<\/div>\n\t\t\t\t\t<\/div>\n\n\t\n\n<\/div>\n\n","protected":false},"excerpt":{"rendered":"","protected":false},"author":1,"featured_media":0,"parent":0,"menu_order":0,"comment_status":"closed","ping_status":"closed","template":"","meta":{"_joinchat":[],"footnotes":""},"class_list":["post-726","page","type-page","status-publish","hentry"],"yoast_head":"<!-- This site is optimized with the Yoast SEO Premium plugin v24.6 (Yoast SEO v27.1.1) - https:\/\/yoast.com\/product\/yoast-seo-premium-wordpress\/ -->\n<title>PELICULA STRETCH PREESTIRADO - Corporaci&oacute;n Four Global<\/title>\n<meta name=\"robots\" content=\"index, follow, max-snippet:-1, max-image-preview:large, max-video-preview:-1\" \/>\n<link rel=\"canonical\" href=\"https:\/\/www.corporacionfourglobal.com\/tienda\/pelicula-stretch-preestirado\/\" \/>\n<meta property=\"og:locale\" content=\"es_ES\" \/>\n<meta property=\"og:type\" content=\"article\" \/>\n<meta property=\"og:title\" content=\"PELICULA STRETCH PREESTIRADO\" \/>\n<meta property=\"og:url\" content=\"https:\/\/www.corporacionfourglobal.com\/tienda\/pelicula-stretch-preestirado\/\" \/>\n<meta property=\"og:site_name\" content=\"Corporaci&oacute;n Four Global\" \/>\n<meta property=\"article:publisher\" content=\"https:\/\/www.facebook.com\/people\/CorporaciC3B3n-Four-Global\/100075753681876\/\" \/>\n<meta property=\"article:modified_time\" content=\"2025-03-26T00:08:45+00:00\" \/>\n<meta name=\"twitter:card\" content=\"summary_large_image\" \/>\n<script type=\"application\/ld+json\" class=\"yoast-schema-graph\">{\"@context\":\"https:\/\/schema.org\",\"@graph\":[{\"@type\":\"WebPage\",\"@id\":\"https:\/\/www.corporacionfourglobal.com\/tienda\/pelicula-stretch-preestirado\/\",\"url\":\"https:\/\/www.corporacionfourglobal.com\/tienda\/pelicula-stretch-preestirado\/\",\"name\":\"PELICULA STRETCH PREESTIRADO - Corporaci&oacute;n Four Global\",\"isPartOf\":{\"@id\":\"https:\/\/www.corporacionfourglobal.com\/tienda\/#website\"},\"datePublished\":\"2023-04-26T23:32:36+00:00\",\"dateModified\":\"2025-03-26T00:08:45+00:00\",\"breadcrumb\":{\"@id\":\"https:\/\/www.corporacionfourglobal.com\/tienda\/pelicula-stretch-preestirado\/#breadcrumb\"},\"inLanguage\":\"es\",\"potentialAction\":[{\"@type\":\"ReadAction\",\"target\":[\"https:\/\/www.corporacionfourglobal.com\/tienda\/pelicula-stretch-preestirado\/\"]}]},{\"@type\":\"BreadcrumbList\",\"@id\":\"https:\/\/www.corporacionfourglobal.com\/tienda\/pelicula-stretch-preestirado\/#breadcrumb\",\"itemListElement\":[{\"@type\":\"ListItem\",\"position\":1,\"name\":\"Portada\",\"item\":\"https:\/\/www.corporacionfourglobal.com\/tienda\/\"},{\"@type\":\"ListItem\",\"position\":2,\"name\":\"PELICULA STRETCH PREESTIRADO\"}]},{\"@type\":\"WebSite\",\"@id\":\"https:\/\/www.corporacionfourglobal.com\/tienda\/#website\",\"url\":\"https:\/\/www.corporacionfourglobal.com\/tienda\/\",\"name\":\"Corporaci\u00f3n Four Global\",\"description\":\"Veloces, Confiables y Eficientes\",\"publisher\":{\"@id\":\"https:\/\/www.corporacionfourglobal.com\/tienda\/#organization\"},\"potentialAction\":[{\"@type\":\"SearchAction\",\"target\":{\"@type\":\"EntryPoint\",\"urlTemplate\":\"https:\/\/www.corporacionfourglobal.com\/tienda\/?s={search_term_string}\"},\"query-input\":{\"@type\":\"PropertyValueSpecification\",\"valueRequired\":true,\"valueName\":\"search_term_string\"}}],\"inLanguage\":\"es\"},{\"@type\":\"Organization\",\"@id\":\"https:\/\/www.corporacionfourglobal.com\/tienda\/#organization\",\"name\":\"Corporaci\u00f3n Four Global\",\"url\":\"https:\/\/www.corporacionfourglobal.com\/tienda\/\",\"logo\":{\"@type\":\"ImageObject\",\"inLanguage\":\"es\",\"@id\":\"https:\/\/www.corporacionfourglobal.com\/tienda\/#\/schema\/logo\/image\/\",\"url\":\"https:\/\/www.corporacionfourglobal.com\/tienda\/wp-content\/uploads\/2021\/10\/logo-web-2.jpg\",\"contentUrl\":\"https:\/\/www.corporacionfourglobal.com\/tienda\/wp-content\/uploads\/2021\/10\/logo-web-2.jpg\",\"width\":500,\"height\":500,\"caption\":\"Corporaci\u00f3n Four Global\"},\"image\":{\"@id\":\"https:\/\/www.corporacionfourglobal.com\/tienda\/#\/schema\/logo\/image\/\"},\"sameAs\":[\"https:\/\/www.facebook.com\/people\/CorporaciC3B3n-Four-Global\/100075753681876\/\",\"https:\/\/www.instagram.com\/fourglobal2021\/\"]}]}<\/script>\n<!-- \/ Yoast SEO Premium plugin. -->","yoast_head_json":{"title":"PELICULA STRETCH PREESTIRADO - Corporaci&oacute;n Four Global","robots":{"index":"index","follow":"follow","max-snippet":"max-snippet:-1","max-image-preview":"max-image-preview:large","max-video-preview":"max-video-preview:-1"},"canonical":"https:\/\/www.corporacionfourglobal.com\/tienda\/pelicula-stretch-preestirado\/","og_locale":"es_ES","og_type":"article","og_title":"PELICULA STRETCH PREESTIRADO","og_url":"https:\/\/www.corporacionfourglobal.com\/tienda\/pelicula-stretch-preestirado\/","og_site_name":"Corporaci&oacute;n Four Global","article_publisher":"https:\/\/www.facebook.com\/people\/CorporaciC3B3n-Four-Global\/100075753681876\/","article_modified_time":"2025-03-26T00:08:45+00:00","twitter_card":"summary_large_image","schema":{"@context":"https:\/\/schema.org","@graph":[{"@type":"WebPage","@id":"https:\/\/www.corporacionfourglobal.com\/tienda\/pelicula-stretch-preestirado\/","url":"https:\/\/www.corporacionfourglobal.com\/tienda\/pelicula-stretch-preestirado\/","name":"PELICULA STRETCH PREESTIRADO - Corporaci&oacute;n Four Global","isPartOf":{"@id":"https:\/\/www.corporacionfourglobal.com\/tienda\/#website"},"datePublished":"2023-04-26T23:32:36+00:00","dateModified":"2025-03-26T00:08:45+00:00","breadcrumb":{"@id":"https:\/\/www.corporacionfourglobal.com\/tienda\/pelicula-stretch-preestirado\/#breadcrumb"},"inLanguage":"es","potentialAction":[{"@type":"ReadAction","target":["https:\/\/www.corporacionfourglobal.com\/tienda\/pelicula-stretch-preestirado\/"]}]},{"@type":"BreadcrumbList","@id":"https:\/\/www.corporacionfourglobal.com\/tienda\/pelicula-stretch-preestirado\/#breadcrumb","itemListElement":[{"@type":"ListItem","position":1,"name":"Portada","item":"https:\/\/www.corporacionfourglobal.com\/tienda\/"},{"@type":"ListItem","position":2,"name":"PELICULA STRETCH PREESTIRADO"}]},{"@type":"WebSite","@id":"https:\/\/www.corporacionfourglobal.com\/tienda\/#website","url":"https:\/\/www.corporacionfourglobal.com\/tienda\/","name":"Corporaci\u00f3n Four Global","description":"Veloces, Confiables y Eficientes","publisher":{"@id":"https:\/\/www.corporacionfourglobal.com\/tienda\/#organization"},"potentialAction":[{"@type":"SearchAction","target":{"@type":"EntryPoint","urlTemplate":"https:\/\/www.corporacionfourglobal.com\/tienda\/?s={search_term_string}"},"query-input":{"@type":"PropertyValueSpecification","valueRequired":true,"valueName":"search_term_string"}}],"inLanguage":"es"},{"@type":"Organization","@id":"https:\/\/www.corporacionfourglobal.com\/tienda\/#organization","name":"Corporaci\u00f3n Four Global","url":"https:\/\/www.corporacionfourglobal.com\/tienda\/","logo":{"@type":"ImageObject","inLanguage":"es","@id":"https:\/\/www.corporacionfourglobal.com\/tienda\/#\/schema\/logo\/image\/","url":"https:\/\/www.corporacionfourglobal.com\/tienda\/wp-content\/uploads\/2021\/10\/logo-web-2.jpg","contentUrl":"https:\/\/www.corporacionfourglobal.com\/tienda\/wp-content\/uploads\/2021\/10\/logo-web-2.jpg","width":500,"height":500,"caption":"Corporaci\u00f3n Four Global"},"image":{"@id":"https:\/\/www.corporacionfourglobal.com\/tienda\/#\/schema\/logo\/image\/"},"sameAs":["https:\/\/www.facebook.com\/people\/CorporaciC3B3n-Four-Global\/100075753681876\/","https:\/\/www.instagram.com\/fourglobal2021\/"]}]}},"_links":{"self":[{"href":"https:\/\/www.corporacionfourglobal.com\/tienda\/wp-json\/wp\/v2\/pages\/726","targetHints":{"allow":["GET"]}}],"collection":[{"href":"https:\/\/www.corporacionfourglobal.com\/tienda\/wp-json\/wp\/v2\/pages"}],"about":[{"href":"https:\/\/www.corporacionfourglobal.com\/tienda\/wp-json\/wp\/v2\/types\/page"}],"author":[{"embeddable":true,"href":"https:\/\/www.corporacionfourglobal.com\/tienda\/wp-json\/wp\/v2\/users\/1"}],"replies":[{"embeddable":true,"href":"https:\/\/www.corporacionfourglobal.com\/tienda\/wp-json\/wp\/v2\/comments?post=726"}],"version-history":[{"count":1,"href":"https:\/\/www.corporacionfourglobal.com\/tienda\/wp-json\/wp\/v2\/pages\/726\/revisions"}],"predecessor-version":[{"id":1022,"href":"https:\/\/www.corporacionfourglobal.com\/tienda\/wp-json\/wp\/v2\/pages\/726\/revisions\/1022"}],"wp:attachment":[{"href":"https:\/\/www.corporacionfourglobal.com\/tienda\/wp-json\/wp\/v2\/media?parent=726"}],"curies":[{"name":"wp","href":"https:\/\/api.w.org\/{rel}","templated":true}]}}