{"id":717,"date":"2023-04-26T23:22:46","date_gmt":"2023-04-26T23:22:46","guid":{"rendered":"https:\/\/www.corporacionfourglobal.com\/tienda\/?page_id=717"},"modified":"2025-03-26T00:11:48","modified_gmt":"2025-03-26T00:11:48","slug":"pelicula-stretch-mini-rollos","status":"publish","type":"page","link":"https:\/\/www.corporacionfourglobal.com\/tienda\/pelicula-stretch-mini-rollos\/","title":{"rendered":"PELICULA STRETCH MINI ROLLOS"},"content":{"rendered":"\n\n  <div class=\"banner has-hover\" id=\"banner-1802040089\">\n          <div class=\"banner-inner fill\">\n        <div class=\"banner-bg fill\" >\n            <img loading=\"lazy\" decoding=\"async\" width=\"1020\" height=\"390\" src=\"https:\/\/www.corporacionfourglobal.com\/tienda\/wp-content\/uploads\/2023\/04\/Pelicula-strech-mini-rollos.jpg\" class=\"bg attachment-large size-large\" alt=\"\" \/>                                    \n                    <\/div>\n\t\t\n        <div class=\"banner-layers container\">\n            <div class=\"fill banner-link\"><\/div>            \n\n   <div id=\"text-box-73188650\" class=\"text-box banner-layer x50 md-x50 lg-x50 y50 md-y50 lg-y50 res-text\">\n                                <div class=\"text-box-content text dark\">\n              \n              <div class=\"text-inner text-center\">\n                  \n\n\n              <\/div>\n           <\/div>\n                            \n<style>\n#text-box-73188650 {\n  width: 60%;\n}\n#text-box-73188650 .text-box-content {\n  font-size: 100%;\n}\n@media (min-width:550px) {\n  #text-box-73188650 {\n    width: 60%;\n  }\n}\n<\/style>\n    <\/div>\n \n\n        <\/div>\n      <\/div>\n\n            \n<style>\n#banner-1802040089 {\n  padding-top: 400px;\n}\n<\/style>\n  <\/div>\n\n\n<div class=\"row\"  id=\"row-1854688545\">\n\n\n\t<div id=\"col-699349409\" class=\"col small-12 large-12\"  >\n\t\t\t\t<div class=\"col-inner\"  >\n\t\t\t\n\t\t\t\n\n\t<div id=\"text-1533217925\" class=\"text\">\n\t\t\n\n<h2>PELICULA STRETCH MINI ROLLOS<\/h2>\n\t\t\n<style>\n#text-1533217925 {\n  text-align: center;\n}\n<\/style>\n\t<\/div>\n\t\n\n\t\t<\/div>\n\t\t\t\t\t<\/div>\n\n\t\n\n\t<div id=\"col-669116673\" class=\"col small-12 large-12\"  >\n\t\t\t\t<div class=\"col-inner\"  >\n\t\t\t\n\t\t\t\n\n<div class=\"row\"  id=\"row-309575863\">\n\n\n\t<div id=\"col-1034895905\" class=\"col small-12 large-12\"  >\n\t\t\t\t<div class=\"col-inner text-center\"  >\n\t\t\t\n\t\t\t\n\n\n\n<table width=\"100%\" border=\"0\" class=\"table-rwd\">\n  <tbody>\n<tr>\n       <td><strong>DESCRIPCI\u00d3N<\/strong><\/td>\n<td><strong>CATEGORIA<\/strong><\/td>\n      \n     \n      <td><strong>MEDIDA<\/strong><\/td>\n    <\/tr>\n    <tr>\t\t\t\n\n<td>\tNUESTRAS PEL\u00cdCULAS STRETCH SON DE LA M\u00c1S ALTA CALIDAD Y PRECIO.<br>\nLOS USOS GENERALES SON PARA ENVOLVER PRODUCTOS Y TRANSPORTALOS DE  FORMA<br>  ECON\u00d3MICA, PR\u00c1CTICA Y SEGURA.\n\t<\/td>\t\n<td>\tMINI ROLLOS\t<\/td>\n\n\t\n<td>\t\n3&#8243; \/ 5&#8243; \/ 10&#8243; \/<strong> MARACA<\/strong> <br>\n<strong>CALIBRE<\/strong>\n 80 <br>\n<strong>LARGO<\/strong>\n1000 \/ 1300\t<\/td>\t<\/tr>\n\n    \n  <\/tbody>\n<\/table>\n\n<p style=\"text-align: left;\" data-pm-slice=\"1 1 &#091;&#093;\"><strong>PEL\u00cdCULA STRETCH MANUAL \u2013 PROTECCI\u00d3N Y SEGURIDAD PARA TU MERCANC\u00cdA<\/strong><\/p>\n<h3 style=\"text-align: left;\">La Mejor Soluci\u00f3n para Embalaje y Protecci\u00f3n de Cargas<\/h3>\n<p style=\"text-align: left;\">Ofrecemos\u00a0<strong>pel\u00edcula stretch manual<\/strong>\u00a0de alta calidad, dise\u00f1ada para garantizar la mejor protecci\u00f3n y estabilidad en el embalaje de tus productos. Nuestra pel\u00edcula stretch se adapta a cualquier tipo de carga, asegurando un envoltorio firme y resistente.<\/p>\n<p style=\"text-align: left;\" data-pm-slice=\"1 1 &#091;&#093;\">\u2714\u00a0<strong>M\u00e1xima Elasticidad:<\/strong>\u00a0Nuestra pel\u00edcula stretch ofrece una alta capacidad de estiramiento para un uso eficiente y menor desperdicio.<br \/>\u2714\u00a0<strong>Resistencia y Durabilidad:<\/strong>\u00a0Protege tu carga contra humedad, polvo y rasgaduras.<br \/>\u2714\u00a0<strong>Adaptabilidad Universal:<\/strong>\u00a0Compatible con distintos tipos de productos y necesidades de embalaje.<br \/>\u2714\u00a0<strong>Env\u00edo R\u00e1pido y Seguro:<\/strong>\u00a0Stock permanente y entregas en tiempo r\u00e9cord para no afectar tu operaci\u00f3n.<\/p>\n<h2 style=\"text-align: left;\" data-pm-slice=\"1 3 &#091;&#093;\">Beneficios de Nuestra Pel\u00edcula Stretch Manual<\/h2>\n<ul data-spread=\"false\">\n<li style=\"text-align: left;\">\n<p><strong>Protecci\u00f3n Completa:<\/strong>\u00a0Evita da\u00f1os, suciedad y exposici\u00f3n a factores ambientales.<\/p>\n<\/li>\n<li style=\"text-align: left;\">\n<p><strong>Eficiencia en Costos:<\/strong>\u00a0Reduce el desperdicio y optimiza el material de embalaje.<\/p>\n<\/li>\n<li style=\"text-align: left;\">\n<p><strong>F\u00e1cil Aplicaci\u00f3n:<\/strong>\u00a0No requiere herramientas especializadas, solo desenrollar y aplicar.<\/p>\n<\/li>\n<li>\n<p style=\"text-align: left;\"><strong>Versatilidad Total:<\/strong>\u00a0Ideal para diversos sectores como log\u00edstica, retail e industria manufacturera.<\/p>\n<h2 style=\"text-align: left;\" data-pm-slice=\"1 1 &#091;&#093;\">Confianza y Calidad Garantizada<\/h2>\n<p style=\"text-align: left;\">Nuestros productos cumplen con los m\u00e1s altos est\u00e1ndares de calidad, asegurando la mejor soluci\u00f3n en embalaje y protecci\u00f3n de mercanc\u00edas.\u00a0<\/p>\n<h3 style=\"text-align: left;\" data-pm-slice=\"1 1 &#091;&#093;\">\u00a1No Arriesgues la Seguridad de tu Mercanc\u00eda!<\/h3>\n<p style=\"text-align: left;\">Asegura tu carga con la mejor\u00a0<strong>pel\u00edcula stretch manual<\/strong>\u00a0del mercado.<\/p>\n<p style=\"text-align: left;\"><strong>Cont\u00e1ctanos hoy mismo<\/strong>\u00a0y recibe asesor\u00eda personalizada para encontrar la mejor soluci\u00f3n para tu negocio.<\/p>\n<\/li>\n<\/ul>\n\n\t\t<\/div>\n\t\t\t\t\n<style>\n#col-1034895905 > .col-inner {\n  padding: 3px 20px 0px 3px;\n}\n<\/style>\n\t<\/div>\n\n\t\n\n<\/div>\n\n\t\t<\/div>\n\t\t\t\t\t<\/div>\n\n\t\n\n<\/div>\n\n","protected":false},"excerpt":{"rendered":"","protected":false},"author":1,"featured_media":0,"parent":0,"menu_order":0,"comment_status":"closed","ping_status":"closed","template":"","meta":{"_joinchat":[],"footnotes":""},"class_list":["post-717","page","type-page","status-publish","hentry"],"yoast_head":"<!-- This site is optimized with the Yoast SEO Premium plugin v24.6 (Yoast SEO v27.1.1) - https:\/\/yoast.com\/product\/yoast-seo-premium-wordpress\/ -->\n<title>PELICULA STRETCH MINI ROLLOS - Corporaci&oacute;n Four Global<\/title>\n<meta name=\"robots\" content=\"index, follow, max-snippet:-1, max-image-preview:large, max-video-preview:-1\" \/>\n<link rel=\"canonical\" href=\"https:\/\/www.corporacionfourglobal.com\/tienda\/pelicula-stretch-mini-rollos\/\" \/>\n<meta property=\"og:locale\" content=\"es_ES\" \/>\n<meta property=\"og:type\" content=\"article\" \/>\n<meta property=\"og:title\" content=\"PELICULA STRETCH MINI ROLLOS\" \/>\n<meta property=\"og:url\" content=\"https:\/\/www.corporacionfourglobal.com\/tienda\/pelicula-stretch-mini-rollos\/\" \/>\n<meta property=\"og:site_name\" content=\"Corporaci&oacute;n Four Global\" \/>\n<meta property=\"article:publisher\" content=\"https:\/\/www.facebook.com\/people\/CorporaciC3B3n-Four-Global\/100075753681876\/\" \/>\n<meta property=\"article:modified_time\" content=\"2025-03-26T00:11:48+00:00\" \/>\n<meta name=\"twitter:card\" content=\"summary_large_image\" \/>\n<script type=\"application\/ld+json\" class=\"yoast-schema-graph\">{\"@context\":\"https:\/\/schema.org\",\"@graph\":[{\"@type\":\"WebPage\",\"@id\":\"https:\/\/www.corporacionfourglobal.com\/tienda\/pelicula-stretch-mini-rollos\/\",\"url\":\"https:\/\/www.corporacionfourglobal.com\/tienda\/pelicula-stretch-mini-rollos\/\",\"name\":\"PELICULA STRETCH MINI ROLLOS - Corporaci&oacute;n Four Global\",\"isPartOf\":{\"@id\":\"https:\/\/www.corporacionfourglobal.com\/tienda\/#website\"},\"datePublished\":\"2023-04-26T23:22:46+00:00\",\"dateModified\":\"2025-03-26T00:11:48+00:00\",\"breadcrumb\":{\"@id\":\"https:\/\/www.corporacionfourglobal.com\/tienda\/pelicula-stretch-mini-rollos\/#breadcrumb\"},\"inLanguage\":\"es\",\"potentialAction\":[{\"@type\":\"ReadAction\",\"target\":[\"https:\/\/www.corporacionfourglobal.com\/tienda\/pelicula-stretch-mini-rollos\/\"]}]},{\"@type\":\"BreadcrumbList\",\"@id\":\"https:\/\/www.corporacionfourglobal.com\/tienda\/pelicula-stretch-mini-rollos\/#breadcrumb\",\"itemListElement\":[{\"@type\":\"ListItem\",\"position\":1,\"name\":\"Portada\",\"item\":\"https:\/\/www.corporacionfourglobal.com\/tienda\/\"},{\"@type\":\"ListItem\",\"position\":2,\"name\":\"PELICULA STRETCH MINI ROLLOS\"}]},{\"@type\":\"WebSite\",\"@id\":\"https:\/\/www.corporacionfourglobal.com\/tienda\/#website\",\"url\":\"https:\/\/www.corporacionfourglobal.com\/tienda\/\",\"name\":\"Corporaci\u00f3n Four Global\",\"description\":\"Veloces, Confiables y Eficientes\",\"publisher\":{\"@id\":\"https:\/\/www.corporacionfourglobal.com\/tienda\/#organization\"},\"potentialAction\":[{\"@type\":\"SearchAction\",\"target\":{\"@type\":\"EntryPoint\",\"urlTemplate\":\"https:\/\/www.corporacionfourglobal.com\/tienda\/?s={search_term_string}\"},\"query-input\":{\"@type\":\"PropertyValueSpecification\",\"valueRequired\":true,\"valueName\":\"search_term_string\"}}],\"inLanguage\":\"es\"},{\"@type\":\"Organization\",\"@id\":\"https:\/\/www.corporacionfourglobal.com\/tienda\/#organization\",\"name\":\"Corporaci\u00f3n Four Global\",\"url\":\"https:\/\/www.corporacionfourglobal.com\/tienda\/\",\"logo\":{\"@type\":\"ImageObject\",\"inLanguage\":\"es\",\"@id\":\"https:\/\/www.corporacionfourglobal.com\/tienda\/#\/schema\/logo\/image\/\",\"url\":\"https:\/\/www.corporacionfourglobal.com\/tienda\/wp-content\/uploads\/2021\/10\/logo-web-2.jpg\",\"contentUrl\":\"https:\/\/www.corporacionfourglobal.com\/tienda\/wp-content\/uploads\/2021\/10\/logo-web-2.jpg\",\"width\":500,\"height\":500,\"caption\":\"Corporaci\u00f3n Four Global\"},\"image\":{\"@id\":\"https:\/\/www.corporacionfourglobal.com\/tienda\/#\/schema\/logo\/image\/\"},\"sameAs\":[\"https:\/\/www.facebook.com\/people\/CorporaciC3B3n-Four-Global\/100075753681876\/\",\"https:\/\/www.instagram.com\/fourglobal2021\/\"]}]}<\/script>\n<!-- \/ Yoast SEO Premium plugin. -->","yoast_head_json":{"title":"PELICULA STRETCH MINI ROLLOS - Corporaci&oacute;n Four Global","robots":{"index":"index","follow":"follow","max-snippet":"max-snippet:-1","max-image-preview":"max-image-preview:large","max-video-preview":"max-video-preview:-1"},"canonical":"https:\/\/www.corporacionfourglobal.com\/tienda\/pelicula-stretch-mini-rollos\/","og_locale":"es_ES","og_type":"article","og_title":"PELICULA STRETCH MINI ROLLOS","og_url":"https:\/\/www.corporacionfourglobal.com\/tienda\/pelicula-stretch-mini-rollos\/","og_site_name":"Corporaci&oacute;n Four Global","article_publisher":"https:\/\/www.facebook.com\/people\/CorporaciC3B3n-Four-Global\/100075753681876\/","article_modified_time":"2025-03-26T00:11:48+00:00","twitter_card":"summary_large_image","schema":{"@context":"https:\/\/schema.org","@graph":[{"@type":"WebPage","@id":"https:\/\/www.corporacionfourglobal.com\/tienda\/pelicula-stretch-mini-rollos\/","url":"https:\/\/www.corporacionfourglobal.com\/tienda\/pelicula-stretch-mini-rollos\/","name":"PELICULA STRETCH MINI ROLLOS - Corporaci&oacute;n Four Global","isPartOf":{"@id":"https:\/\/www.corporacionfourglobal.com\/tienda\/#website"},"datePublished":"2023-04-26T23:22:46+00:00","dateModified":"2025-03-26T00:11:48+00:00","breadcrumb":{"@id":"https:\/\/www.corporacionfourglobal.com\/tienda\/pelicula-stretch-mini-rollos\/#breadcrumb"},"inLanguage":"es","potentialAction":[{"@type":"ReadAction","target":["https:\/\/www.corporacionfourglobal.com\/tienda\/pelicula-stretch-mini-rollos\/"]}]},{"@type":"BreadcrumbList","@id":"https:\/\/www.corporacionfourglobal.com\/tienda\/pelicula-stretch-mini-rollos\/#breadcrumb","itemListElement":[{"@type":"ListItem","position":1,"name":"Portada","item":"https:\/\/www.corporacionfourglobal.com\/tienda\/"},{"@type":"ListItem","position":2,"name":"PELICULA STRETCH MINI ROLLOS"}]},{"@type":"WebSite","@id":"https:\/\/www.corporacionfourglobal.com\/tienda\/#website","url":"https:\/\/www.corporacionfourglobal.com\/tienda\/","name":"Corporaci\u00f3n Four Global","description":"Veloces, Confiables y Eficientes","publisher":{"@id":"https:\/\/www.corporacionfourglobal.com\/tienda\/#organization"},"potentialAction":[{"@type":"SearchAction","target":{"@type":"EntryPoint","urlTemplate":"https:\/\/www.corporacionfourglobal.com\/tienda\/?s={search_term_string}"},"query-input":{"@type":"PropertyValueSpecification","valueRequired":true,"valueName":"search_term_string"}}],"inLanguage":"es"},{"@type":"Organization","@id":"https:\/\/www.corporacionfourglobal.com\/tienda\/#organization","name":"Corporaci\u00f3n Four Global","url":"https:\/\/www.corporacionfourglobal.com\/tienda\/","logo":{"@type":"ImageObject","inLanguage":"es","@id":"https:\/\/www.corporacionfourglobal.com\/tienda\/#\/schema\/logo\/image\/","url":"https:\/\/www.corporacionfourglobal.com\/tienda\/wp-content\/uploads\/2021\/10\/logo-web-2.jpg","contentUrl":"https:\/\/www.corporacionfourglobal.com\/tienda\/wp-content\/uploads\/2021\/10\/logo-web-2.jpg","width":500,"height":500,"caption":"Corporaci\u00f3n Four Global"},"image":{"@id":"https:\/\/www.corporacionfourglobal.com\/tienda\/#\/schema\/logo\/image\/"},"sameAs":["https:\/\/www.facebook.com\/people\/CorporaciC3B3n-Four-Global\/100075753681876\/","https:\/\/www.instagram.com\/fourglobal2021\/"]}]}},"_links":{"self":[{"href":"https:\/\/www.corporacionfourglobal.com\/tienda\/wp-json\/wp\/v2\/pages\/717","targetHints":{"allow":["GET"]}}],"collection":[{"href":"https:\/\/www.corporacionfourglobal.com\/tienda\/wp-json\/wp\/v2\/pages"}],"about":[{"href":"https:\/\/www.corporacionfourglobal.com\/tienda\/wp-json\/wp\/v2\/types\/page"}],"author":[{"embeddable":true,"href":"https:\/\/www.corporacionfourglobal.com\/tienda\/wp-json\/wp\/v2\/users\/1"}],"replies":[{"embeddable":true,"href":"https:\/\/www.corporacionfourglobal.com\/tienda\/wp-json\/wp\/v2\/comments?post=717"}],"version-history":[{"count":1,"href":"https:\/\/www.corporacionfourglobal.com\/tienda\/wp-json\/wp\/v2\/pages\/717\/revisions"}],"predecessor-version":[{"id":1024,"href":"https:\/\/www.corporacionfourglobal.com\/tienda\/wp-json\/wp\/v2\/pages\/717\/revisions\/1024"}],"wp:attachment":[{"href":"https:\/\/www.corporacionfourglobal.com\/tienda\/wp-json\/wp\/v2\/media?parent=717"}],"curies":[{"name":"wp","href":"https:\/\/api.w.org\/{rel}","templated":true}]}}