{"id":295,"date":"2021-10-14T20:40:00","date_gmt":"2021-10-14T20:40:00","guid":{"rendered":"https:\/\/www.corporacionfourglobal.com\/?page_id=295"},"modified":"2022-10-09T22:46:04","modified_gmt":"2022-10-09T22:46:04","slug":"terminos-y-condiciones","status":"publish","type":"page","link":"https:\/\/www.corporacionfourglobal.com\/tienda\/terminos-y-condiciones\/","title":{"rendered":"T\u00e9rminos y Condiciones"},"content":{"rendered":"\n  <div id=\"page-header-760313394\" class=\"page-header-wrapper\">\n  <div class=\"page-title dark featured-title\">\n\n        <div class=\"page-title-bg\">\n      <div class=\"title-bg fill bg-fill\"\n        data-parallax-container=\".page-title\"\n        data-parallax-background\n        data-parallax=\"-\">\n      <\/div>\n      <div class=\"title-overlay fill\"><\/div>\n    <\/div>\n    \n    <div class=\"page-title-inner container align-center text-center flex-row-col medium-flex-wrap\" >\n              <div class=\"title-wrapper is-larger flex-col\">\n          <h1 class=\"entry-title mb-0\">\n            T\u00e9rminos y Condicones          <\/h1>\n        <\/div>\n                    <div class=\"title-content flex-col\">\n        <div class=\"title-breadcrumbs pb-half pt-half\"><nav class=\"woocommerce-breadcrumb breadcrumbs uppercase\" aria-label=\"Breadcrumb\">Inicio<\/nav><\/div>      <\/div>\n    <\/div>\n\n     \n<style>\n#page-header-760313394 .page-title-inner {\n  min-height: 300px;\n}\n#page-header-760313394 .title-bg {\n  background-image: url(https:\/\/www.corporacionfourglobal.com\/tienda\/wp-content\/uploads\/2021\/10\/inicio-03.jpg);\n}\n<\/style>\n  <\/div>\n    <\/div>\n  \n\n<div class=\"is-divider divider clearfix\" ><\/div>\n\n<h1>T\u00e9rminos y Condiciones<\/h1>\n<p><strong>Corporaci\u00f3n Four Global <\/strong>con domicilio en Avenida Ceylan 959-BODEGA 16, Industrial Vallejo, Azcapotzalco, 02300 Ciudad de M\u00e9xico, CDMX expresa los siguientes T\u00e9rminos y Condiciones para todos los usuarios del sitio <a href=\"https:\/\/www.corporacionfourglobal.com\/\">https:\/\/www.corporacionfourglobal.com\/<\/a><\/p>\n<p>Al ingresar y utilizar nuestro portal de Internet, el usuario acepta los T\u00e9rminos y condiciones de uso y declara expresamente su aceptaci\u00f3n utilizando para tal efecto medios electr\u00f3nicos, en t\u00e9rminos de lo dispuesto por la Norma Mexicana NMX-COE-001-SCFI-2018 de la Secretar\u00eda de Econom\u00eda.<\/p>\n<p>La sola utilizaci\u00f3n del portal de Internet, le otorga al p\u00fablico la condici\u00f3n de \u201cusuario\u201d e implica la aceptaci\u00f3n, plena e incondicional, de todas y cada una de las condiciones generales y particulares incluidas en estos T\u00e9rminos y condiciones de uso publicados en el momento en que el usuario acceda al sitio web.<\/p>\n<p><strong>Pol\u00edticas de Compra<\/strong><\/p>\n<p><strong>&nbsp;1.Registro<\/strong><\/p>\n<p>Es responsabilidad del Usuario proporcionar todos los datos obligatorios solicitados en el formulario de registro.&nbsp;<\/p>\n<ul>\n<li>Una vez validado el registro, es responsabilidad del \u201cUsuario\u201d modificar el cambio de informaci\u00f3n en su cuenta (direcciones de env\u00edo, datos personales, datos de contacto, datos de facturaci\u00f3n) por cualquiera de los siguientes medios:&nbsp;<\/li>\n<\/ul>\n<ol>\n<li>Ingresando a la secci\u00f3n de mi cuenta en <a href=\"https:\/\/www.corporacionfourglobal.com\/\">https:\/\/www.corporacionfourglobal.com\/<\/a><\/li>\n<li>V\u00eda correo electr\u00f3nico ventas@corporacionfourglobal.com<\/li>\n<li>V\u00eda telef\u00f3nica 55 57117842<\/li>\n<li>V\u00eda Whatsapp 55 4290 0439<\/li>\n<\/ol>\n<p><strong>2.Compras&nbsp;<\/strong>&nbsp;<\/p>\n<p>-El monto m\u00ednimo de compra por pedido es de $100 MXN, sin incluir costo del env\u00edo, Las &nbsp;cantidades m\u00ednimas de venta por producto se especifican en la foto del art\u00edculo y no puede modificarse&nbsp; y en productos que vengan en colores surtidos no podr\u00e1 elegirse colores espec\u00edficos.<\/p>\n<p>-Es responsabilidad del \u201cUsuario\u201d verificar los productos solicitados antes de finalizar su pedido, ya que una vez pagado y surtido no habr\u00e1 cambios ni devoluciones.<\/p>\n<p>-Una vez ingresado el pedido, www.corporacionfourglobal.com&nbsp;enviar\u00e1 al correo electr\u00f3nico registrado una confirmaci\u00f3n con el detalle, monto total de la compra y costo del env\u00edo en su caso.<\/p>\n<p>-Los&nbsp;pagos que se acrediten los d\u00edas S\u00e1bado o Domingo ser\u00e1n enviados el siguiente d\u00eda h\u00e1bil.<\/p>\n<p>-La mercanc\u00eda ofrecida en www.corporacionfourglobal.com, cuenta con Stock real pero si por alg\u00fan motivo alg\u00fan art\u00edculo que ya ha sido pagado no tenga existencia en almac\u00e9n nos pondremos en contacto con el usuario v\u00eda telef\u00f3nica para buscar la forma de ajustar el faltante o en su caso hacer la devoluci\u00f3n del dinero pagado por este art\u00edculo faltante.<\/p>\n<p>&nbsp;&nbsp;<strong>3.Pagos<\/strong><\/p>\n<p>&nbsp;EL \u201cUsuario\u201d podr\u00e1 ver en el correo de confirmaci\u00f3n enviado los numero de cuenta para depositar el pago de su pedido en caso de pago en ventanilla, transferencia bancaria, deposito en practicaja y pago en Oxxo<\/p>\n<p>&nbsp;El usuario tiene 3 d\u00edas h\u00e1biles a partir de recibir la confirmaci\u00f3n de su pedido por correo electr\u00f3nico en caso de hacer pago en ventanilla bancaria, transferencia, deposito en practicaja u Oxxo<\/p>\n<p>&nbsp;En pagos a trav\u00e9s de PayPal y Stripe el usuario tendr\u00e1 que esperar que Paypal y Stripe acredite su pago para poder enviar su pedido.<\/p>\n<p>www.corporacionfourglobal.com no se responsabiliza de los dep\u00f3sitos err\u00f3neos por parte del \u201cUsuario\u201d.<\/p>\n<p>&nbsp;Una vez realizado el pago correspondiente del pedido, el \u201cUsuario\u201d deber\u00e1 notificar el pago por los siguientes medios:<\/p>\n<ul>\n<li>Correo electr\u00f3nico: ventas@corporacionfourglobal.com<\/li>\n<li>Tel\u00e9fono: 55 57117842<\/li>\n<li>Whatsapp: 55 4290 0439<\/li>\n<\/ul>\n<p>&nbsp;<strong>4.Env\u00edos<\/strong><\/p>\n<p>Es responsabilidad del \u201cUsuario\u201d verificar y validar que la direcci\u00f3n de env\u00edo seleccionada sea la correcta.<\/p>\n<p>El pago contra entrega y entrega a domicilio solo aplica para la Ciudad de M\u00e9xico y Zona conurbada y en compras mayores a $2,000<\/p>\n<p>En caso de requerir pago contra entrega en pedidos menores a $2,000 tendr\u00e1 que recoger su pedido en nuestras oficinas en la direcci\u00f3n antes mencionada<\/p>\n<p>En todos los casos el servicio de env\u00edo es prestado por las fleteras o paqueter\u00edas ajenas a corporacionfourglobal.com &nbsp;por lo que los tiempos de entrega podr\u00edan variar en funci\u00f3n del destino y paqueter\u00eda en que se env\u00ede.<\/p>\n<p><strong>5.Cancelaciones<\/strong><\/p>\n<p>Los pedidos no pagados en los siguientes 3 d\u00edas h\u00e1biles a partir del env\u00edo del correo de confirmaci\u00f3n ser\u00e1n cancelados por el sistema de manera autom\u00e1tica.<\/p>\n<p>Si usted requiere tiempo adicional a los 3 d\u00edas h\u00e1biles podr\u00e1 solicitarlo v\u00eda telef\u00f3nica, correo electr\u00f3nico o en nuestro whats app.<\/p>\n<p>Si el usuario requiere alguna modificaci\u00f3n en alg\u00fan pedido registrado tendr\u00e1 que notificarnos para cancelar el pedido vigente y dentro del men\u00fa \u201cmi cuenta\u201d podr\u00e1&nbsp; dar clic en \u201cpedidos\u201d, ubicar el pedido cancelado y dar clic en la opci\u00f3n \u201cComprar nuevamente\u201d y as\u00ed el pedido cancelado se podr\u00e1 reactivar ser modificado.<\/p>\n<p>corporacionfourglobal.com se reserva el derecho de cancelar cuentas, cancelar pedidos si por cuestiones de fuerza mayor as\u00ed se considere.<\/p>\n<p><strong>6.Reclamaciones y reembolsos<\/strong><\/p>\n<p>&nbsp;El \u201cUsuario\u201d tiene como plazo m\u00e1ximo 1 d\u00eda h\u00e1bil despu\u00e9s de haber recibido su pedido, para reportar cualquier anomal\u00eda a trav\u00e9s de nuestras l\u00edneas de comunicaci\u00f3n, adjuntando las evidencias necesarias que soporten la anomal\u00eda.<\/p>\n<p>&nbsp;Ninguna reclamaci\u00f3n ser\u00e1 considerada por corporacionfourglobal.com si el \u201cUsuario\u201d firma desatisfacci\u00f3n a la paqueter\u00eda al momento de recibir la mercanc\u00eda, y \u00e9sta se encuentra violada o da\u00f1ada.<\/p>\n<p>En cualquier caso, corporacionfourglobal.com se reserva el derecho de realizar una auditor\u00eda y en su caso reponer o no, total o parcialmente la mercanc\u00eda reportada.<\/p>\n<p>&nbsp;En caso de que una reclamaci\u00f3n ser favorable al \u201cusuario\u201d se har\u00e1 la reposici\u00f3n f\u00edsica en un pedio posterior del usuario. Si en dado caso el monto de la mercanc\u00eda faltante o da\u00f1ada es considerable se podr\u00e1 hacer un nuevo env\u00edo sin costo con el faltante si as\u00ed lo considera el \u00e1rea de almac\u00e9n.<\/p>\n<p>Si el usuario al recibir su pedido considera que la mercanc\u00eda enviada no satisface sus expectativas cuenta con un d\u00eda h\u00e1bil para comunicarse por cualquiera de nuestros medios y llegar a un posible reembolso de su dinero, el costo del env\u00edo no es reembolsable bajo ninguna circunstancia.<\/p>\n<p><strong>7.Facturaci\u00f3n<\/strong><\/p>\n<p>Si el usuario requiere factura tendr\u00e1 que notificarlo mediante nuestras v\u00edas de comunicaci\u00f3n donde proporcionar\u00e1 los datos fiscales necesarios y la factura se le enviara al d\u00eda h\u00e1bil siguiente v\u00eda correo electr\u00f3nico.<\/p>\n<p><strong>Derechos de autor y propiedad industrial&nbsp;<\/strong><\/p>\n<p>Corporaci\u00f3n Four Global sus logotipos y todo el material que aparece en dicho sitio, son marcas, nombres de dominio, nombres comerciales est\u00e1n protegidos por las leyes aplicables en materia de propiedad intelectual y derechos de autor.&nbsp;<\/p>\n<p>Se proh\u00edbe expresamente al usuario en perjuicio de corporacionfourglobal.com, modificar, alterar de forma total o parcial, los avisos, marcas, nombres comerciales, se\u00f1as, anuncios, logotipos o en general cualquier indicaci\u00f3n que se refiera a la propiedad de la informaci\u00f3n contenida en el sitio<\/p>\n","protected":false},"excerpt":{"rendered":"","protected":false},"author":1,"featured_media":0,"parent":0,"menu_order":0,"comment_status":"closed","ping_status":"closed","template":"","meta":{"_joinchat":[],"footnotes":""},"class_list":["post-295","page","type-page","status-publish","hentry"],"yoast_head":"<!-- This site is optimized with the Yoast SEO Premium plugin v24.6 (Yoast SEO v27.1.1) - https:\/\/yoast.com\/product\/yoast-seo-premium-wordpress\/ -->\n<title>Pelicula estirable | Pel\u00edcula estirable<\/title>\n<meta name=\"description\" content=\"En corporaci\u00f3n Four Global contamos con pelicula estirable para diferentes usos y necesidades \u00a1Cont\u00e1ctanos hoy!\" \/>\n<meta name=\"robots\" content=\"index, follow, max-snippet:-1, max-image-preview:large, max-video-preview:-1\" \/>\n<link rel=\"canonical\" href=\"https:\/\/www.corporacionfourglobal.com\/tienda\/terminos-y-condiciones\/\" \/>\n<meta property=\"og:locale\" content=\"es_ES\" \/>\n<meta property=\"og:type\" content=\"article\" \/>\n<meta property=\"og:title\" content=\"T\u00e9rminos y Condiciones\" \/>\n<meta property=\"og:description\" content=\"En corporaci\u00f3n Four Global contamos con pelicula estirable para diferentes usos y necesidades \u00a1Cont\u00e1ctanos hoy!\" \/>\n<meta property=\"og:url\" content=\"https:\/\/www.corporacionfourglobal.com\/tienda\/terminos-y-condiciones\/\" \/>\n<meta property=\"og:site_name\" content=\"Corporaci&oacute;n Four Global\" \/>\n<meta property=\"article:publisher\" content=\"https:\/\/www.facebook.com\/people\/CorporaciC3B3n-Four-Global\/100075753681876\/\" \/>\n<meta property=\"article:modified_time\" content=\"2022-10-09T22:46:04+00:00\" \/>\n<meta name=\"twitter:card\" content=\"summary_large_image\" \/>\n<meta name=\"twitter:label1\" content=\"Tiempo de lectura\" \/>\n\t<meta name=\"twitter:data1\" content=\"5 minutos\" \/>\n<script type=\"application\/ld+json\" class=\"yoast-schema-graph\">{\"@context\":\"https:\/\/schema.org\",\"@graph\":[{\"@type\":\"WebPage\",\"@id\":\"https:\/\/www.corporacionfourglobal.com\/tienda\/terminos-y-condiciones\/\",\"url\":\"https:\/\/www.corporacionfourglobal.com\/tienda\/terminos-y-condiciones\/\",\"name\":\"Pelicula estirable | Pel\u00edcula estirable\",\"isPartOf\":{\"@id\":\"https:\/\/www.corporacionfourglobal.com\/tienda\/#website\"},\"datePublished\":\"2021-10-14T20:40:00+00:00\",\"dateModified\":\"2022-10-09T22:46:04+00:00\",\"description\":\"En corporaci\u00f3n Four Global contamos con pelicula estirable para diferentes usos y necesidades \u00a1Cont\u00e1ctanos hoy!\",\"breadcrumb\":{\"@id\":\"https:\/\/www.corporacionfourglobal.com\/tienda\/terminos-y-condiciones\/#breadcrumb\"},\"inLanguage\":\"es\",\"potentialAction\":[{\"@type\":\"ReadAction\",\"target\":[\"https:\/\/www.corporacionfourglobal.com\/tienda\/terminos-y-condiciones\/\"]}]},{\"@type\":\"BreadcrumbList\",\"@id\":\"https:\/\/www.corporacionfourglobal.com\/tienda\/terminos-y-condiciones\/#breadcrumb\",\"itemListElement\":[{\"@type\":\"ListItem\",\"position\":1,\"name\":\"Portada\",\"item\":\"https:\/\/www.corporacionfourglobal.com\/tienda\/\"},{\"@type\":\"ListItem\",\"position\":2,\"name\":\"T\u00e9rminos y Condiciones\"}]},{\"@type\":\"WebSite\",\"@id\":\"https:\/\/www.corporacionfourglobal.com\/tienda\/#website\",\"url\":\"https:\/\/www.corporacionfourglobal.com\/tienda\/\",\"name\":\"Corporaci\u00f3n Four Global\",\"description\":\"Veloces, Confiables y Eficientes\",\"publisher\":{\"@id\":\"https:\/\/www.corporacionfourglobal.com\/tienda\/#organization\"},\"potentialAction\":[{\"@type\":\"SearchAction\",\"target\":{\"@type\":\"EntryPoint\",\"urlTemplate\":\"https:\/\/www.corporacionfourglobal.com\/tienda\/?s={search_term_string}\"},\"query-input\":{\"@type\":\"PropertyValueSpecification\",\"valueRequired\":true,\"valueName\":\"search_term_string\"}}],\"inLanguage\":\"es\"},{\"@type\":\"Organization\",\"@id\":\"https:\/\/www.corporacionfourglobal.com\/tienda\/#organization\",\"name\":\"Corporaci\u00f3n Four Global\",\"url\":\"https:\/\/www.corporacionfourglobal.com\/tienda\/\",\"logo\":{\"@type\":\"ImageObject\",\"inLanguage\":\"es\",\"@id\":\"https:\/\/www.corporacionfourglobal.com\/tienda\/#\/schema\/logo\/image\/\",\"url\":\"https:\/\/www.corporacionfourglobal.com\/tienda\/wp-content\/uploads\/2021\/10\/logo-web-2.jpg\",\"contentUrl\":\"https:\/\/www.corporacionfourglobal.com\/tienda\/wp-content\/uploads\/2021\/10\/logo-web-2.jpg\",\"width\":500,\"height\":500,\"caption\":\"Corporaci\u00f3n Four Global\"},\"image\":{\"@id\":\"https:\/\/www.corporacionfourglobal.com\/tienda\/#\/schema\/logo\/image\/\"},\"sameAs\":[\"https:\/\/www.facebook.com\/people\/CorporaciC3B3n-Four-Global\/100075753681876\/\",\"https:\/\/www.instagram.com\/fourglobal2021\/\"]}]}<\/script>\n<!-- \/ Yoast SEO Premium plugin. -->","yoast_head_json":{"title":"Pelicula estirable | Pel\u00edcula estirable","description":"En corporaci\u00f3n Four Global contamos con pelicula estirable para diferentes usos y necesidades \u00a1Cont\u00e1ctanos hoy!","robots":{"index":"index","follow":"follow","max-snippet":"max-snippet:-1","max-image-preview":"max-image-preview:large","max-video-preview":"max-video-preview:-1"},"canonical":"https:\/\/www.corporacionfourglobal.com\/tienda\/terminos-y-condiciones\/","og_locale":"es_ES","og_type":"article","og_title":"T\u00e9rminos y Condiciones","og_description":"En corporaci\u00f3n Four Global contamos con pelicula estirable para diferentes usos y necesidades \u00a1Cont\u00e1ctanos hoy!","og_url":"https:\/\/www.corporacionfourglobal.com\/tienda\/terminos-y-condiciones\/","og_site_name":"Corporaci&oacute;n Four Global","article_publisher":"https:\/\/www.facebook.com\/people\/CorporaciC3B3n-Four-Global\/100075753681876\/","article_modified_time":"2022-10-09T22:46:04+00:00","twitter_card":"summary_large_image","twitter_misc":{"Tiempo de lectura":"5 minutos"},"schema":{"@context":"https:\/\/schema.org","@graph":[{"@type":"WebPage","@id":"https:\/\/www.corporacionfourglobal.com\/tienda\/terminos-y-condiciones\/","url":"https:\/\/www.corporacionfourglobal.com\/tienda\/terminos-y-condiciones\/","name":"Pelicula estirable | Pel\u00edcula estirable","isPartOf":{"@id":"https:\/\/www.corporacionfourglobal.com\/tienda\/#website"},"datePublished":"2021-10-14T20:40:00+00:00","dateModified":"2022-10-09T22:46:04+00:00","description":"En corporaci\u00f3n Four Global contamos con pelicula estirable para diferentes usos y necesidades \u00a1Cont\u00e1ctanos hoy!","breadcrumb":{"@id":"https:\/\/www.corporacionfourglobal.com\/tienda\/terminos-y-condiciones\/#breadcrumb"},"inLanguage":"es","potentialAction":[{"@type":"ReadAction","target":["https:\/\/www.corporacionfourglobal.com\/tienda\/terminos-y-condiciones\/"]}]},{"@type":"BreadcrumbList","@id":"https:\/\/www.corporacionfourglobal.com\/tienda\/terminos-y-condiciones\/#breadcrumb","itemListElement":[{"@type":"ListItem","position":1,"name":"Portada","item":"https:\/\/www.corporacionfourglobal.com\/tienda\/"},{"@type":"ListItem","position":2,"name":"T\u00e9rminos y Condiciones"}]},{"@type":"WebSite","@id":"https:\/\/www.corporacionfourglobal.com\/tienda\/#website","url":"https:\/\/www.corporacionfourglobal.com\/tienda\/","name":"Corporaci\u00f3n Four Global","description":"Veloces, Confiables y Eficientes","publisher":{"@id":"https:\/\/www.corporacionfourglobal.com\/tienda\/#organization"},"potentialAction":[{"@type":"SearchAction","target":{"@type":"EntryPoint","urlTemplate":"https:\/\/www.corporacionfourglobal.com\/tienda\/?s={search_term_string}"},"query-input":{"@type":"PropertyValueSpecification","valueRequired":true,"valueName":"search_term_string"}}],"inLanguage":"es"},{"@type":"Organization","@id":"https:\/\/www.corporacionfourglobal.com\/tienda\/#organization","name":"Corporaci\u00f3n Four Global","url":"https:\/\/www.corporacionfourglobal.com\/tienda\/","logo":{"@type":"ImageObject","inLanguage":"es","@id":"https:\/\/www.corporacionfourglobal.com\/tienda\/#\/schema\/logo\/image\/","url":"https:\/\/www.corporacionfourglobal.com\/tienda\/wp-content\/uploads\/2021\/10\/logo-web-2.jpg","contentUrl":"https:\/\/www.corporacionfourglobal.com\/tienda\/wp-content\/uploads\/2021\/10\/logo-web-2.jpg","width":500,"height":500,"caption":"Corporaci\u00f3n Four Global"},"image":{"@id":"https:\/\/www.corporacionfourglobal.com\/tienda\/#\/schema\/logo\/image\/"},"sameAs":["https:\/\/www.facebook.com\/people\/CorporaciC3B3n-Four-Global\/100075753681876\/","https:\/\/www.instagram.com\/fourglobal2021\/"]}]}},"_links":{"self":[{"href":"https:\/\/www.corporacionfourglobal.com\/tienda\/wp-json\/wp\/v2\/pages\/295","targetHints":{"allow":["GET"]}}],"collection":[{"href":"https:\/\/www.corporacionfourglobal.com\/tienda\/wp-json\/wp\/v2\/pages"}],"about":[{"href":"https:\/\/www.corporacionfourglobal.com\/tienda\/wp-json\/wp\/v2\/types\/page"}],"author":[{"embeddable":true,"href":"https:\/\/www.corporacionfourglobal.com\/tienda\/wp-json\/wp\/v2\/users\/1"}],"replies":[{"embeddable":true,"href":"https:\/\/www.corporacionfourglobal.com\/tienda\/wp-json\/wp\/v2\/comments?post=295"}],"version-history":[{"count":0,"href":"https:\/\/www.corporacionfourglobal.com\/tienda\/wp-json\/wp\/v2\/pages\/295\/revisions"}],"wp:attachment":[{"href":"https:\/\/www.corporacionfourglobal.com\/tienda\/wp-json\/wp\/v2\/media?parent=295"}],"curies":[{"name":"wp","href":"https:\/\/api.w.org\/{rel}","templated":true}]}}