{"id":293,"date":"2021-10-14T20:39:34","date_gmt":"2021-10-14T20:39:34","guid":{"rendered":"https:\/\/www.corporacionfourglobal.com\/?page_id=293"},"modified":"2024-05-02T20:42:23","modified_gmt":"2024-05-02T20:42:23","slug":"como-comprar","status":"publish","type":"page","link":"https:\/\/www.corporacionfourglobal.com\/tienda\/como-comprar\/","title":{"rendered":"Como Comprar"},"content":{"rendered":"\n  <div id=\"page-header-528614205\" class=\"page-header-wrapper\">\n  <div class=\"page-title dark featured-title\">\n\n        <div class=\"page-title-bg\">\n      <div class=\"title-bg fill bg-fill\"\n        data-parallax-container=\".page-title\"\n        data-parallax-background\n        data-parallax=\"-\">\n      <\/div>\n      <div class=\"title-overlay fill\"><\/div>\n    <\/div>\n    \n    <div class=\"page-title-inner container align-center text-center flex-row-col medium-flex-wrap\" >\n              <div class=\"title-wrapper uppercase is-larger flex-col\">\n          <h1 class=\"entry-title mb-0\">\n            Como Comprar          <\/h1>\n        <\/div>\n                    <div class=\"title-content flex-col\">\n        <div class=\"title-breadcrumbs pb-half pt-half\"><nav class=\"woocommerce-breadcrumb breadcrumbs uppercase\" aria-label=\"Breadcrumb\">Inicio<\/nav><\/div>      <\/div>\n    <\/div>\n\n     \n<style>\n#page-header-528614205 .page-title-inner {\n  min-height: 300px;\n}\n#page-header-528614205 .title-bg {\n  background-image: url(https:\/\/www.corporacionfourglobal.com\/tienda\/wp-content\/uploads\/2021\/10\/inicio-03.jpg);\n}\n<\/style>\n  <\/div>\n    <\/div>\n  \n\n<div class=\"is-divider divider clearfix\" ><\/div>\n\n<p>Comprar en<strong> Corporaci\u00f3n Four Global<\/strong>, es muy f\u00e1cil:<\/p>\n<p>&nbsp;<strong>COMPRAR POR INTERNET<\/strong><\/p>\n<p>1.- Ingresa a nuestro sitio <a href=\"https:\/\/www.corporacionfourglobal.com\/\">www.corporacionfourglobal.com <\/a><\/p>\n<p>2.- Aqu\u00ed podr\u00e1s visualizar todos los productos que tenemos para ti.<\/p>\n<p>3.- Da click dentro de la foto de cada producto o busca por nombre para que elijas los productos que m\u00e1s te agraden, tambi\u00e9n puedes utilizar nuestro buscador usando palabras relacionadas o la clave del producto.<\/p>\n<p>4.- Selecciona la mercanc\u00eda de tu agrado, da click en el bot\u00f3n + o \u2013 para seleccionar la cantidad de tu agrado luego da click en el bot\u00f3n a\u00f1adir al carrito<\/p>\n<p>5.- En autom\u00e1tico veras que tu producto a sido a\u00f1adido al carrito de compras<\/p>\n<p>6.- Puedes a\u00f1adir tantos productos como quieras de cualquier categor\u00eda y revisar el resumen de tu pedido en el momento que lo desees dando click en el carrito de compras, donde podr\u00e1s ver todos los productos y cantidades que has agregado a si como el costo total.<\/p>\n<p>7.- Si quieres modificar un producto lo puedes hacer desde el carrito haciendo las modificaciones necesarias y dando click en actualizar pedido.<\/p>\n<p>8.- Una vez que tus art\u00edculos quedan a tu entera satisfacci\u00f3n da click en el bot\u00f3n pagar<\/p>\n<p>9.- Ingresa tus datos de facturaci\u00f3n y entrega, debes de rellenar los datos que son obligatorios.<\/p>\n<p>10.- Elije el m\u00e9todo de pago, puedes pagar en efectivo al momento de recoger en Tienda o pago con tarjeta de cr\u00e9dito o Debito en l\u00ednea y Transferencia bancaria.<\/p>\n<p>11.- Finalmente da click en pagar, Aparecer\u00e1 en tu pantalla la confirmaci\u00f3n de tu compra y recibir\u00e1s un correo electr\u00f3nico con el resumen de tu pedido.<\/p>\n<p>12.- Nos pondremos en contacto contigo para confirmar tu compra y brindarte detalles adicionales como fecha aproximada de entrega, c\u00f3digo de rastreo entre otros.<\/p>\n<p>13.- Recuerda que si efectuaste deposito solo conf\u00edrmanos v\u00eda correo electr\u00f3nico, mensaje de whats app &nbsp;o llamada telef\u00f3nica, nosotros lo verificaremos<\/p>\n<p>Listo recibir\u00e1s tu pedido,<\/p>\n<p><strong>SIEMPRE ESTAREMOS EN CONTACTO CONTIGO HASTA QUE RECIBAS TU MERCANCIA<\/strong><\/p>\n<p><strong>TUS COMPRAS SON 100%&nbsp;<\/strong><strong>SEGURAS Y CONFIABLES<\/strong><\/p>\n","protected":false},"excerpt":{"rendered":"","protected":false},"author":1,"featured_media":0,"parent":0,"menu_order":0,"comment_status":"closed","ping_status":"closed","template":"","meta":{"_joinchat":[],"footnotes":""},"class_list":["post-293","page","type-page","status-publish","hentry"],"yoast_head":"<!-- This site is optimized with the Yoast SEO Premium plugin v24.6 (Yoast SEO v27.1.1) - https:\/\/yoast.com\/product\/yoast-seo-premium-wordpress\/ -->\n<title>Como Comprar - Corporaci&oacute;n Four Global<\/title>\n<meta name=\"description\" content=\"La pel\u00edcula stretch \u00f3 pel\u00edcula estirable, es una pel\u00edcula transparente de polietileno, con excelente resistencia. Precios de Mayoreo Ll\u00e1manos\" \/>\n<meta name=\"robots\" content=\"index, follow, max-snippet:-1, max-image-preview:large, max-video-preview:-1\" \/>\n<link rel=\"canonical\" href=\"https:\/\/www.corporacionfourglobal.com\/tienda\/como-comprar\/\" \/>\n<meta property=\"og:locale\" content=\"es_ES\" \/>\n<meta property=\"og:type\" content=\"article\" \/>\n<meta property=\"og:title\" content=\"Como Comprar\" \/>\n<meta property=\"og:description\" content=\"La pel\u00edcula stretch \u00f3 pel\u00edcula estirable, es una pel\u00edcula transparente de polietileno, con excelente resistencia. Precios de Mayoreo Ll\u00e1manos\" \/>\n<meta property=\"og:url\" content=\"https:\/\/www.corporacionfourglobal.com\/tienda\/como-comprar\/\" \/>\n<meta property=\"og:site_name\" content=\"Corporaci&oacute;n Four Global\" \/>\n<meta property=\"article:publisher\" content=\"https:\/\/www.facebook.com\/people\/CorporaciC3B3n-Four-Global\/100075753681876\/\" \/>\n<meta property=\"article:modified_time\" content=\"2024-05-02T20:42:23+00:00\" \/>\n<meta name=\"twitter:card\" content=\"summary_large_image\" \/>\n<meta name=\"twitter:label1\" content=\"Tiempo de lectura\" \/>\n\t<meta name=\"twitter:data1\" content=\"2 minutos\" \/>\n<script type=\"application\/ld+json\" class=\"yoast-schema-graph\">{\"@context\":\"https:\/\/schema.org\",\"@graph\":[{\"@type\":\"WebPage\",\"@id\":\"https:\/\/www.corporacionfourglobal.com\/tienda\/como-comprar\/\",\"url\":\"https:\/\/www.corporacionfourglobal.com\/tienda\/como-comprar\/\",\"name\":\"Como Comprar - Corporaci&oacute;n Four Global\",\"isPartOf\":{\"@id\":\"https:\/\/www.corporacionfourglobal.com\/tienda\/#website\"},\"datePublished\":\"2021-10-14T20:39:34+00:00\",\"dateModified\":\"2024-05-02T20:42:23+00:00\",\"description\":\"La pel\u00edcula stretch \u00f3 pel\u00edcula estirable, es una pel\u00edcula transparente de polietileno, con excelente resistencia. Precios de Mayoreo Ll\u00e1manos\",\"breadcrumb\":{\"@id\":\"https:\/\/www.corporacionfourglobal.com\/tienda\/como-comprar\/#breadcrumb\"},\"inLanguage\":\"es\",\"potentialAction\":[{\"@type\":\"ReadAction\",\"target\":[\"https:\/\/www.corporacionfourglobal.com\/tienda\/como-comprar\/\"]}]},{\"@type\":\"BreadcrumbList\",\"@id\":\"https:\/\/www.corporacionfourglobal.com\/tienda\/como-comprar\/#breadcrumb\",\"itemListElement\":[{\"@type\":\"ListItem\",\"position\":1,\"name\":\"Portada\",\"item\":\"https:\/\/www.corporacionfourglobal.com\/tienda\/\"},{\"@type\":\"ListItem\",\"position\":2,\"name\":\"Como Comprar\"}]},{\"@type\":\"WebSite\",\"@id\":\"https:\/\/www.corporacionfourglobal.com\/tienda\/#website\",\"url\":\"https:\/\/www.corporacionfourglobal.com\/tienda\/\",\"name\":\"Corporaci\u00f3n Four Global\",\"description\":\"Veloces, Confiables y Eficientes\",\"publisher\":{\"@id\":\"https:\/\/www.corporacionfourglobal.com\/tienda\/#organization\"},\"potentialAction\":[{\"@type\":\"SearchAction\",\"target\":{\"@type\":\"EntryPoint\",\"urlTemplate\":\"https:\/\/www.corporacionfourglobal.com\/tienda\/?s={search_term_string}\"},\"query-input\":{\"@type\":\"PropertyValueSpecification\",\"valueRequired\":true,\"valueName\":\"search_term_string\"}}],\"inLanguage\":\"es\"},{\"@type\":\"Organization\",\"@id\":\"https:\/\/www.corporacionfourglobal.com\/tienda\/#organization\",\"name\":\"Corporaci\u00f3n Four Global\",\"url\":\"https:\/\/www.corporacionfourglobal.com\/tienda\/\",\"logo\":{\"@type\":\"ImageObject\",\"inLanguage\":\"es\",\"@id\":\"https:\/\/www.corporacionfourglobal.com\/tienda\/#\/schema\/logo\/image\/\",\"url\":\"https:\/\/www.corporacionfourglobal.com\/tienda\/wp-content\/uploads\/2021\/10\/logo-web-2.jpg\",\"contentUrl\":\"https:\/\/www.corporacionfourglobal.com\/tienda\/wp-content\/uploads\/2021\/10\/logo-web-2.jpg\",\"width\":500,\"height\":500,\"caption\":\"Corporaci\u00f3n Four Global\"},\"image\":{\"@id\":\"https:\/\/www.corporacionfourglobal.com\/tienda\/#\/schema\/logo\/image\/\"},\"sameAs\":[\"https:\/\/www.facebook.com\/people\/CorporaciC3B3n-Four-Global\/100075753681876\/\",\"https:\/\/www.instagram.com\/fourglobal2021\/\"]}]}<\/script>\n<!-- \/ Yoast SEO Premium plugin. -->","yoast_head_json":{"title":"Como Comprar - Corporaci&oacute;n Four Global","description":"La pel\u00edcula stretch \u00f3 pel\u00edcula estirable, es una pel\u00edcula transparente de polietileno, con excelente resistencia. Precios de Mayoreo Ll\u00e1manos","robots":{"index":"index","follow":"follow","max-snippet":"max-snippet:-1","max-image-preview":"max-image-preview:large","max-video-preview":"max-video-preview:-1"},"canonical":"https:\/\/www.corporacionfourglobal.com\/tienda\/como-comprar\/","og_locale":"es_ES","og_type":"article","og_title":"Como Comprar","og_description":"La pel\u00edcula stretch \u00f3 pel\u00edcula estirable, es una pel\u00edcula transparente de polietileno, con excelente resistencia. Precios de Mayoreo Ll\u00e1manos","og_url":"https:\/\/www.corporacionfourglobal.com\/tienda\/como-comprar\/","og_site_name":"Corporaci&oacute;n Four Global","article_publisher":"https:\/\/www.facebook.com\/people\/CorporaciC3B3n-Four-Global\/100075753681876\/","article_modified_time":"2024-05-02T20:42:23+00:00","twitter_card":"summary_large_image","twitter_misc":{"Tiempo de lectura":"2 minutos"},"schema":{"@context":"https:\/\/schema.org","@graph":[{"@type":"WebPage","@id":"https:\/\/www.corporacionfourglobal.com\/tienda\/como-comprar\/","url":"https:\/\/www.corporacionfourglobal.com\/tienda\/como-comprar\/","name":"Como Comprar - Corporaci&oacute;n Four Global","isPartOf":{"@id":"https:\/\/www.corporacionfourglobal.com\/tienda\/#website"},"datePublished":"2021-10-14T20:39:34+00:00","dateModified":"2024-05-02T20:42:23+00:00","description":"La pel\u00edcula stretch \u00f3 pel\u00edcula estirable, es una pel\u00edcula transparente de polietileno, con excelente resistencia. Precios de Mayoreo Ll\u00e1manos","breadcrumb":{"@id":"https:\/\/www.corporacionfourglobal.com\/tienda\/como-comprar\/#breadcrumb"},"inLanguage":"es","potentialAction":[{"@type":"ReadAction","target":["https:\/\/www.corporacionfourglobal.com\/tienda\/como-comprar\/"]}]},{"@type":"BreadcrumbList","@id":"https:\/\/www.corporacionfourglobal.com\/tienda\/como-comprar\/#breadcrumb","itemListElement":[{"@type":"ListItem","position":1,"name":"Portada","item":"https:\/\/www.corporacionfourglobal.com\/tienda\/"},{"@type":"ListItem","position":2,"name":"Como Comprar"}]},{"@type":"WebSite","@id":"https:\/\/www.corporacionfourglobal.com\/tienda\/#website","url":"https:\/\/www.corporacionfourglobal.com\/tienda\/","name":"Corporaci\u00f3n Four Global","description":"Veloces, Confiables y Eficientes","publisher":{"@id":"https:\/\/www.corporacionfourglobal.com\/tienda\/#organization"},"potentialAction":[{"@type":"SearchAction","target":{"@type":"EntryPoint","urlTemplate":"https:\/\/www.corporacionfourglobal.com\/tienda\/?s={search_term_string}"},"query-input":{"@type":"PropertyValueSpecification","valueRequired":true,"valueName":"search_term_string"}}],"inLanguage":"es"},{"@type":"Organization","@id":"https:\/\/www.corporacionfourglobal.com\/tienda\/#organization","name":"Corporaci\u00f3n Four Global","url":"https:\/\/www.corporacionfourglobal.com\/tienda\/","logo":{"@type":"ImageObject","inLanguage":"es","@id":"https:\/\/www.corporacionfourglobal.com\/tienda\/#\/schema\/logo\/image\/","url":"https:\/\/www.corporacionfourglobal.com\/tienda\/wp-content\/uploads\/2021\/10\/logo-web-2.jpg","contentUrl":"https:\/\/www.corporacionfourglobal.com\/tienda\/wp-content\/uploads\/2021\/10\/logo-web-2.jpg","width":500,"height":500,"caption":"Corporaci\u00f3n Four Global"},"image":{"@id":"https:\/\/www.corporacionfourglobal.com\/tienda\/#\/schema\/logo\/image\/"},"sameAs":["https:\/\/www.facebook.com\/people\/CorporaciC3B3n-Four-Global\/100075753681876\/","https:\/\/www.instagram.com\/fourglobal2021\/"]}]}},"_links":{"self":[{"href":"https:\/\/www.corporacionfourglobal.com\/tienda\/wp-json\/wp\/v2\/pages\/293","targetHints":{"allow":["GET"]}}],"collection":[{"href":"https:\/\/www.corporacionfourglobal.com\/tienda\/wp-json\/wp\/v2\/pages"}],"about":[{"href":"https:\/\/www.corporacionfourglobal.com\/tienda\/wp-json\/wp\/v2\/types\/page"}],"author":[{"embeddable":true,"href":"https:\/\/www.corporacionfourglobal.com\/tienda\/wp-json\/wp\/v2\/users\/1"}],"replies":[{"embeddable":true,"href":"https:\/\/www.corporacionfourglobal.com\/tienda\/wp-json\/wp\/v2\/comments?post=293"}],"version-history":[{"count":0,"href":"https:\/\/www.corporacionfourglobal.com\/tienda\/wp-json\/wp\/v2\/pages\/293\/revisions"}],"wp:attachment":[{"href":"https:\/\/www.corporacionfourglobal.com\/tienda\/wp-json\/wp\/v2\/media?parent=293"}],"curies":[{"name":"wp","href":"https:\/\/api.w.org\/{rel}","templated":true}]}}